{"id":3995,"date":"2018-11-07T19:48:26","date_gmt":"2018-11-07T19:48:26","guid":{"rendered":"https:\/\/indesa.com.pa\/?page_id=3995"},"modified":"2025-02-19T22:06:43","modified_gmt":"2025-02-20T03:06:43","slug":"contact-us","status":"publish","type":"page","link":"https:\/\/indesa.com.pa\/en\/contact-us\/","title":{"rendered":"Contact Us"},"content":{"rendered":"<div class=\"wpb-content-wrapper\"><p>[vc_row parallax_speed=&#8221;4&#8243; parallax_x=&#8221;4&#8243; parallax_y=&#8221;4&#8243; css=&#8221;.vc_custom_1531344145267{padding-top: 32px !important;padding-bottom: 40px !important;}&#8221;][vc_column][vc_row_inner][vc_column_inner]<div class=\"title-section text-left style2\">\n\t\t<h1 class=\"title\">\n\t\t\tContact Us\t\t\t\n\t\t<\/h1>\t\t\n\t\t\n\n\t<\/div>[vc_column_text]Please contact us for more information.[\/vc_column_text][\/vc_column_inner][vc_column_inner][vc_separator css=&#8221;.vc_custom_1531771248994{padding-top: 15px !important;padding-bottom: 25px !important;}&#8221;][\/vc_column_inner][\/vc_row_inner][vc_row_inner el_class=&#8221;flat-contact-form&#8221;][vc_column_inner width=&#8221;4\/12&#8243;]<div class=\"flat-iconbox iconbox-medium left circle-outlined\">\n\t\t<div class=\"flat-iconbox-header\">\n\t\t\t<div class=\"flat-iconbox-icon\"><span class=\"typcn typcn-location-outline\"><\/span><\/div>\n\t\t\t<h3 class=\"flat-iconbox-title\">Address<\/h3>\n\t\t\t\n\t\t<\/div>\n\t\t<div class=\"flat-iconbox-content\">\n\t\t\tTorre Banco General, 8th floor<br \/>\nCalle Aquilino de la Guardia<br \/>\nPanama City, Panama\n\t\t\t\n\t\t<\/div>\n\t<\/div><div class=\"flat-iconbox iconbox-medium left circle-outlined\">\n\t\t<div class=\"flat-iconbox-header\">\n\t\t\t<div class=\"flat-iconbox-icon\"><span class=\"typcn typcn-phone-outline\"><\/span><\/div>\n\t\t\t<h3 class=\"flat-iconbox-title\">Phone<\/h3>\n\t\t\t\n\t\t<\/div>\n\t\t<div class=\"flat-iconbox-content\">\n\t\t\t<a href=\"tel:+5073005560\">(+507) 300-5560<\/a><br \/>\n<a href=\"tel:+5073005562\">(+507) 300-5562<\/a>\n\t\t\t\n\t\t<\/div>\n\t<\/div><div class=\"flat-iconbox iconbox-medium left circle-outlined\">\n\t\t<div class=\"flat-iconbox-header\">\n\t\t\t<div class=\"flat-iconbox-icon\"><span class=\"typcn typcn-mail\"><\/span><\/div>\n\t\t\t<h3 class=\"flat-iconbox-title\">Email<\/h3>\n\t\t\t\n\t\t<\/div>\n\t\t<div class=\"flat-iconbox-content\">\n\t\t\t<a href=\"mailto:indesa@indesa.com.pa\">indesa@indesa.com.pa<\/a>\n\t\t\t\n\t\t<\/div>\n\t<\/div>[vc_empty_space height=&#8221;15px&#8221;][vc_column_text el_class=&#8221;fw-6&#8243;]Social Networks[\/vc_column_text][vc_separator][vc_icon icon_fontawesome=&#8221;fa fa-twitter&#8221; color=&#8221;custom&#8221; size=&#8221;sm&#8221; custom_color=&#8221;#1a1c43&#8243; link=&#8221;url:https%3A%2F%2Ftwitter.com%2Findesacapital%3Flang%3Den||target:%20_blank|&#8221; el_class=&#8221;icon-inline-center&#8221;][vc_icon icon_fontawesome=&#8221;fa fa-linkedin&#8221; color=&#8221;custom&#8221; size=&#8221;sm&#8221; custom_color=&#8221;#1a1c43&#8243; link=&#8221;url:https%3A%2F%2Fwww.linkedin.com%2Fcompany%2Findesa-capital%3ForiginalSubdomain%3Dpa||target:%20_blank|&#8221; el_class=&#8221;icon-inline-center&#8221;][\/vc_column_inner][vc_column_inner width=&#8221;8\/12&#8243;][vc_gmaps link=&#8221;#E-8_JTNDaWZyYW1lJTIwc3JjJTNEJTIyaHR0cHMlM0ElMkYlMkZ3d3cuZ29vZ2xlLmNvbSUyRm1hcHMlMkZlbWJlZCUzRnBiJTNEJTIxMW0xOCUyMTFtMTIlMjExbTMlMjExZDE2MzkuODI1MTI0MzgxMDMzMiUyMTJkLTc5LjUyMzIzMzQzMDYwMTIxJTIxM2Q4Ljk3NzEyMzAyODEzNTIyNSUyMTJtMyUyMTFmMCUyMTJmMCUyMTNmMCUyMTNtMiUyMTFpMTAyNCUyMTJpNzY4JTIxNGYxMy4xJTIxM20zJTIxMW0yJTIxMXMweDhmYWNhOTA4NWMyYTNhNGQlMjUzQTB4NDEwMTZiZTFhZmE0MDFjNyUyMTJzSU5ERVNBJTIxNWUwJTIxM20yJTIxMXNlcy00MTklMjEyc25pJTIxNHYxNjQzNzMzMTIzMjc0JTIxNW0yJTIxMXNlcy00MTklMjEyc25pJTIyJTIwd2lkdGglM0QlMjIxMDAlMjUlMjIlMjBoZWlnaHQlM0QlMjI0MDAlMjIlMjBzdHlsZSUzRCUyMmJvcmRlciUzQTAlM0IlMjIlMjBhbGxvd2Z1bGxzY3JlZW4lM0QlMjIlMjIlMjBsb2FkaW5nJTNEJTIybGF6eSUyMiUzRSUzQyUyRmlmcmFtZSUzRQ==&#8221;][\/vc_column_inner][\/vc_row_inner][\/vc_column][\/vc_row][vc_section full_width=&#8221;stretch_row&#8221; css=&#8221;.vc_custom_1532117279216{padding-top: 50px !important;padding-bottom: 50px !important;background-color: #fafafa !important;}&#8221; el_class=&#8221;img_bck_indesa_home&#8221;][vc_row][vc_column]<div class=\"title-section text-left style2\">\n\t\t<h1 class=\"title\">\n\t\t\tContact Form\t\t\t\n\t\t<\/h1>\t\t\n\t\t\n\n\t<\/div>[vc_column_text]Please complete the following form and we shall contact you soon.[\/vc_column_text][vc_separator css=&#8221;.vc_custom_1531771248994{padding-top: 15px !important;padding-bottom: 25px !important;}&#8221;]\n<div class=\"wpcf7 no-js\" id=\"wpcf7-f3949-o1\" lang=\"en-US\" dir=\"ltr\" data-wpcf7-id=\"3949\">\n<div class=\"screen-reader-response\"><p role=\"status\" aria-live=\"polite\" aria-atomic=\"true\"><\/p> <ul><\/ul><\/div>\n<form action=\"\/en\/wp-json\/wp\/v2\/pages\/3995#wpcf7-f3949-o1\" method=\"post\" class=\"wpcf7-form init\" aria-label=\"Contact form\" novalidate=\"novalidate\" data-status=\"init\">\n<fieldset class=\"hidden-fields-container\"><input type=\"hidden\" name=\"_wpcf7\" value=\"3949\" \/><input type=\"hidden\" name=\"_wpcf7_version\" value=\"6.1.5\" \/><input type=\"hidden\" name=\"_wpcf7_locale\" value=\"en_US\" \/><input type=\"hidden\" name=\"_wpcf7_unit_tag\" value=\"wpcf7-f3949-o1\" \/><input type=\"hidden\" name=\"_wpcf7_container_post\" value=\"0\" \/><input type=\"hidden\" name=\"_wpcf7_posted_data_hash\" value=\"\" \/><input type=\"hidden\" name=\"_wpcf7_recaptcha_response\" value=\"\" \/>\n<\/fieldset>\n<div class=\"flat-wrap-field clearfix\">\n<div class=\"col-md-3 col-sm-6 \">\n<span class=\"wpcf7-form-control-wrap\" data-name=\"your-name\"><input size=\"40\" maxlength=\"400\" class=\"wpcf7-form-control wpcf7-text wpcf7-validates-as-required mini-input\" aria-required=\"true\" aria-invalid=\"false\" placeholder=\"Name*\" value=\"\" type=\"text\" name=\"your-name\" \/><\/span>\n<span class=\"wpcf7-form-control-wrap\" data-name=\"your-email\"><input size=\"40\" maxlength=\"400\" class=\"wpcf7-form-control wpcf7-email wpcf7-validates-as-required wpcf7-text wpcf7-validates-as-email mini-input\" aria-required=\"true\" aria-invalid=\"false\" placeholder=\"Email*\" value=\"\" type=\"email\" name=\"your-email\" \/><\/span>\n<span class=\"wpcf7-form-control-wrap\" data-name=\"company\"><input size=\"40\" maxlength=\"400\" class=\"wpcf7-form-control wpcf7-text wpcf7-validates-as-required mini-input\" aria-required=\"true\" aria-invalid=\"false\" placeholder=\"Company*\" value=\"\" type=\"text\" name=\"company\" \/><\/span>\n<span class=\"wpcf7-form-control-wrap\" data-name=\"country\"><input size=\"40\" maxlength=\"400\" class=\"wpcf7-form-control wpcf7-text wpcf7-validates-as-required mini-input\" aria-required=\"true\" aria-invalid=\"false\" placeholder=\"Country*\" value=\"\" type=\"text\" name=\"country\" \/><\/span>\n\n<\/div>\n<div class=\"col-md-3 col-sm-6 \">\n<span class=\"wpcf7-form-control-wrap\" data-name=\"your-lastname\"><input size=\"40\" maxlength=\"400\" class=\"wpcf7-form-control wpcf7-text wpcf7-validates-as-required mini-input\" aria-required=\"true\" aria-invalid=\"false\" placeholder=\"LastName*\" value=\"\" type=\"text\" name=\"your-lastname\" \/><\/span>\n<span class=\"wpcf7-form-control-wrap\" data-name=\"telephone\"><input size=\"40\" maxlength=\"400\" class=\"wpcf7-form-control wpcf7-text wpcf7-validates-as-required mini-input\" aria-required=\"true\" aria-invalid=\"false\" placeholder=\"Phone*\" value=\"\" type=\"text\" name=\"telephone\" \/><\/span>\n<span class=\"wpcf7-form-control-wrap\" data-name=\"position\"><input size=\"40\" maxlength=\"400\" class=\"wpcf7-form-control wpcf7-text wpcf7-validates-as-required mini-input\" aria-required=\"true\" aria-invalid=\"false\" placeholder=\"Position*\" value=\"\" type=\"text\" name=\"position\" \/><\/span>\n<span class=\"wpcf7-form-control-wrap\" data-name=\"city\"><input size=\"40\" maxlength=\"400\" class=\"wpcf7-form-control wpcf7-text wpcf7-validates-as-required mini-input\" aria-required=\"true\" aria-invalid=\"false\" placeholder=\"City*\" value=\"\" type=\"text\" name=\"city\" \/><\/span>\n<\/div>\n<div class=\"col-md-6\">\n<span class=\"wpcf7-form-control-wrap\" data-name=\"servicio\"><select class=\"wpcf7-form-control wpcf7-select wpcf7-validates-as-required mini-input\" aria-required=\"true\" aria-invalid=\"false\" name=\"servicio\"><option value=\"Business forum\">Business forum<\/option><option value=\"Corporate Finance\">Corporate Finance<\/option><option value=\"Economic Research and Advisory\">Economic Research and Advisory<\/option><option value=\"Others\">Others<\/option><\/select><\/span>\n<span class=\"wpcf7-form-control-wrap\" data-name=\"your-message\"><textarea cols=\"4\" rows=\"2\" maxlength=\"2000\" class=\"wpcf7-form-control wpcf7-textarea mini-area\" aria-invalid=\"false\" placeholder=\"Message*\" name=\"your-message\"><\/textarea><\/span>\n<\/div>\n\n\n<input class=\"wpcf7-form-control wpcf7-submit has-spinner btn_indesa\" type=\"submit\" value=\"Submit\" \/>\n\n<\/div><div class=\"wpcf7-response-output\" aria-hidden=\"true\"><\/div>\n<\/form>\n<\/div>\n[\/vc_column][\/vc_row][\/vc_section]<\/p>\n<\/div>","protected":false},"excerpt":{"rendered":"<p>[vc_row parallax_speed=&#8221;4&#8243; parallax_x=&#8221;4&#8243; parallax_y=&#8221;4&#8243; css=&#8221;.vc_custom_1531344145267{padding-top: 32px !important;padding-bottom: 40px !important;}&#8221;][vc_column][vc_row_inner][vc_column_inner][vc_column_text]Please contact us for more information.[\/vc_column_text][\/vc_column_inner][vc_column_inner][vc_separator css=&#8221;.vc_custom_1531771248994{padding-top: 15px !important;padding-bottom: 25px !important;}&#8221;][\/vc_column_inner][\/vc_row_inner][vc_row_inner el_class=&#8221;flat-contact-form&#8221;][vc_column_inner width=&#8221;4\/12&#8243;][vc_empty_space height=&#8221;15px&#8221;][vc_column_text el_class=&#8221;fw-6&#8243;]Social Networks[\/vc_column_text][vc_separator][vc_icon icon_fontawesome=&#8221;fa fa-twitter&#8221; color=&#8221;custom&#8221; size=&#8221;sm&#8221; custom_color=&#8221;#1a1c43&#8243; link=&#8221;url:https%3A%2F%2Ftwitter.com%2Findesacapital%3Flang%3Den||target:%20_blank|&#8221; el_class=&#8221;icon-inline-center&#8221;][vc_icon icon_fontawesome=&#8221;fa fa-linkedin&#8221; color=&#8221;custom&#8221; size=&#8221;sm&#8221; custom_color=&#8221;#1a1c43&#8243; link=&#8221;url:https%3A%2F%2Fwww.linkedin.com%2Fcompany%2Findesa-capital%3ForiginalSubdomain%3Dpa||target:%20_blank|&#8221; el_class=&#8221;icon-inline-center&#8221;][\/vc_column_inner][vc_column_inner width=&#8221;8\/12&#8243;][vc_gmaps link=&#8221;#E-8_JTNDaWZyYW1lJTIwc3JjJTNEJTIyaHR0cHMlM0ElMkYlMkZ3d3cuZ29vZ2xlLmNvbSUyRm1hcHMlMkZlbWJlZCUzRnBiJTNEJTIxMW0xOCUyMTFtMTIlMjExbTMlMjExZDE2MzkuODI1MTI0MzgxMDMzMiUyMTJkLTc5LjUyMzIzMzQzMDYwMTIxJTIxM2Q4Ljk3NzEyMzAyODEzNTIyNSUyMTJtMyUyMTFmMCUyMTJmMCUyMTNmMCUyMTNtMiUyMTFpMTAyNCUyMTJpNzY4JTIxNGYxMy4xJTIxM20zJTIxMW0yJTIxMXMweDhmYWNhOTA4NWMyYTNhNGQlMjUzQTB4NDEwMTZiZTFhZmE0MDFjNyUyMTJzSU5ERVNBJTIxNWUwJTIxM20yJTIxMXNlcy00MTklMjEyc25pJTIxNHYxNjQzNzMzMTIzMjc0JTIxNW0yJTIxMXNlcy00MTklMjEyc25pJTIyJTIwd2lkdGglM0QlMjIxMDAlMjUlMjIlMjBoZWlnaHQlM0QlMjI0MDAlMjIlMjBzdHlsZSUzRCUyMmJvcmRlciUzQTAlM0IlMjIlMjBhbGxvd2Z1bGxzY3JlZW4lM0QlMjIlMjIlMjBsb2FkaW5nJTNEJTIybGF6eSUyMiUzRSUzQyUyRmlmcmFtZSUzRQ==&#8221;][\/vc_column_inner][\/vc_row_inner][\/vc_column][\/vc_row][vc_section full_width=&#8221;stretch_row&#8221; css=&#8221;.vc_custom_1532117279216{padding-top: 50px !important;padding-bottom: 50px !important;background-color: #fafafa !important;}&#8221; el_class=&#8221;img_bck_indesa_home&#8221;][vc_row][vc_column][vc_column_text]Please complete the [&hellip;]<\/p>\n","protected":false},"author":3,"featured_media":0,"parent":0,"menu_order":0,"comment_status":"closed","ping_status":"closed","template":"tpl\/front-page.php","meta":{"footnotes":""},"class_list":["post-3995","page","type-page","status-publish","hentry"],"yoast_head":"<!-- This site is optimized with the Yoast SEO plugin v27.3 - https:\/\/yoast.com\/product\/yoast-seo-wordpress\/ -->\n<title>Contact Us - Indesa Panam\u00e1<\/title>\n<meta name=\"description\" content=\"%\" \/>\n<meta name=\"robots\" content=\"index, follow, max-snippet:-1, max-image-preview:large, max-video-preview:-1\" \/>\n<link rel=\"canonical\" href=\"http:\/\/indesa.com.pa\/en\/contact-us\/\" \/>\n<meta property=\"og:locale\" content=\"en_US\" \/>\n<meta property=\"og:type\" content=\"article\" \/>\n<meta property=\"og:title\" content=\"Contact Us - Indesa Panam\u00e1\" \/>\n<meta property=\"og:description\" content=\"%\" \/>\n<meta property=\"og:url\" content=\"http:\/\/indesa.com.pa\/en\/contact-us\/\" \/>\n<meta property=\"og:site_name\" content=\"Indesa Panam\u00e1\" \/>\n<meta property=\"article:modified_time\" content=\"2025-02-20T03:06:43+00:00\" \/>\n<meta property=\"og:image\" content=\"https:\/\/indesa.com.pa\/wp-content\/uploads\/2018\/12\/og.jpg\" \/>\n\t<meta property=\"og:image:width\" content=\"1200\" \/>\n\t<meta property=\"og:image:height\" content=\"630\" \/>\n\t<meta property=\"og:image:type\" content=\"image\/jpeg\" \/>\n<meta name=\"twitter:card\" content=\"summary_large_image\" \/>\n<meta name=\"twitter:label1\" content=\"Est. reading time\" \/>\n\t<meta name=\"twitter:data1\" content=\"1 minute\" \/>\n<script type=\"application\/ld+json\" class=\"yoast-schema-graph\">{\"@context\":\"https:\\\/\\\/schema.org\",\"@graph\":[{\"@type\":\"WebPage\",\"@id\":\"http:\\\/\\\/indesa.com.pa\\\/en\\\/contact-us\\\/\",\"url\":\"http:\\\/\\\/indesa.com.pa\\\/en\\\/contact-us\\\/\",\"name\":\"Contact Us - Indesa Panam\u00e1\",\"isPartOf\":{\"@id\":\"http:\\\/\\\/indesa.com.pa\\\/#website\"},\"datePublished\":\"2018-11-07T19:48:26+00:00\",\"dateModified\":\"2025-02-20T03:06:43+00:00\",\"description\":\"%\",\"breadcrumb\":{\"@id\":\"http:\\\/\\\/indesa.com.pa\\\/en\\\/contact-us\\\/#breadcrumb\"},\"inLanguage\":\"en-US\",\"potentialAction\":[{\"@type\":\"ReadAction\",\"target\":[\"http:\\\/\\\/indesa.com.pa\\\/en\\\/contact-us\\\/\"]}]},{\"@type\":\"BreadcrumbList\",\"@id\":\"http:\\\/\\\/indesa.com.pa\\\/en\\\/contact-us\\\/#breadcrumb\",\"itemListElement\":[{\"@type\":\"ListItem\",\"position\":1,\"name\":\"Portada\",\"item\":\"https:\\\/\\\/indesa.com.pa\\\/en\\\/\"},{\"@type\":\"ListItem\",\"position\":2,\"name\":\"Contact Us\"}]},{\"@type\":\"WebSite\",\"@id\":\"http:\\\/\\\/indesa.com.pa\\\/#website\",\"url\":\"http:\\\/\\\/indesa.com.pa\\\/\",\"name\":\"Indesa Panam\u00e1\",\"description\":\"An\u00e1lisis econ\u00f3mico y finanzas coporativas\",\"potentialAction\":[{\"@type\":\"SearchAction\",\"target\":{\"@type\":\"EntryPoint\",\"urlTemplate\":\"http:\\\/\\\/indesa.com.pa\\\/?s={search_term_string}\"},\"query-input\":{\"@type\":\"PropertyValueSpecification\",\"valueRequired\":true,\"valueName\":\"search_term_string\"}}],\"inLanguage\":\"en-US\"}]}<\/script>\n<!-- \/ Yoast SEO plugin. -->","yoast_head_json":{"title":"Contact Us - Indesa Panam\u00e1","description":"%","robots":{"index":"index","follow":"follow","max-snippet":"max-snippet:-1","max-image-preview":"max-image-preview:large","max-video-preview":"max-video-preview:-1"},"canonical":"http:\/\/indesa.com.pa\/en\/contact-us\/","og_locale":"en_US","og_type":"article","og_title":"Contact Us - Indesa Panam\u00e1","og_description":"%","og_url":"http:\/\/indesa.com.pa\/en\/contact-us\/","og_site_name":"Indesa Panam\u00e1","article_modified_time":"2025-02-20T03:06:43+00:00","og_image":[{"width":1200,"height":630,"url":"https:\/\/indesa.com.pa\/wp-content\/uploads\/2018\/12\/og.jpg","type":"image\/jpeg"}],"twitter_card":"summary_large_image","twitter_misc":{"Est. reading time":"1 minute"},"schema":{"@context":"https:\/\/schema.org","@graph":[{"@type":"WebPage","@id":"http:\/\/indesa.com.pa\/en\/contact-us\/","url":"http:\/\/indesa.com.pa\/en\/contact-us\/","name":"Contact Us - Indesa Panam\u00e1","isPartOf":{"@id":"http:\/\/indesa.com.pa\/#website"},"datePublished":"2018-11-07T19:48:26+00:00","dateModified":"2025-02-20T03:06:43+00:00","description":"%","breadcrumb":{"@id":"http:\/\/indesa.com.pa\/en\/contact-us\/#breadcrumb"},"inLanguage":"en-US","potentialAction":[{"@type":"ReadAction","target":["http:\/\/indesa.com.pa\/en\/contact-us\/"]}]},{"@type":"BreadcrumbList","@id":"http:\/\/indesa.com.pa\/en\/contact-us\/#breadcrumb","itemListElement":[{"@type":"ListItem","position":1,"name":"Portada","item":"https:\/\/indesa.com.pa\/en\/"},{"@type":"ListItem","position":2,"name":"Contact Us"}]},{"@type":"WebSite","@id":"http:\/\/indesa.com.pa\/#website","url":"http:\/\/indesa.com.pa\/","name":"Indesa Panam\u00e1","description":"An\u00e1lisis econ\u00f3mico y finanzas coporativas","potentialAction":[{"@type":"SearchAction","target":{"@type":"EntryPoint","urlTemplate":"http:\/\/indesa.com.pa\/?s={search_term_string}"},"query-input":{"@type":"PropertyValueSpecification","valueRequired":true,"valueName":"search_term_string"}}],"inLanguage":"en-US"}]}},"_links":{"self":[{"href":"https:\/\/indesa.com.pa\/en\/wp-json\/wp\/v2\/pages\/3995","targetHints":{"allow":["GET"]}}],"collection":[{"href":"https:\/\/indesa.com.pa\/en\/wp-json\/wp\/v2\/pages"}],"about":[{"href":"https:\/\/indesa.com.pa\/en\/wp-json\/wp\/v2\/types\/page"}],"author":[{"embeddable":true,"href":"https:\/\/indesa.com.pa\/en\/wp-json\/wp\/v2\/users\/3"}],"replies":[{"embeddable":true,"href":"https:\/\/indesa.com.pa\/en\/wp-json\/wp\/v2\/comments?post=3995"}],"version-history":[{"count":5,"href":"https:\/\/indesa.com.pa\/en\/wp-json\/wp\/v2\/pages\/3995\/revisions"}],"predecessor-version":[{"id":4858,"href":"https:\/\/indesa.com.pa\/en\/wp-json\/wp\/v2\/pages\/3995\/revisions\/4858"}],"wp:attachment":[{"href":"https:\/\/indesa.com.pa\/en\/wp-json\/wp\/v2\/media?parent=3995"}],"curies":[{"name":"wp","href":"https:\/\/api.w.org\/{rel}","templated":true}]}}