{"id":3933,"date":"2018-11-07T15:54:47","date_gmt":"2018-11-07T15:54:47","guid":{"rendered":"https:\/\/indesa.com.pa\/?page_id=3933"},"modified":"2022-04-28T16:54:42","modified_gmt":"2022-04-28T21:54:42","slug":"relevant-information-and-news","status":"publish","type":"page","link":"https:\/\/indesa.com.pa\/en\/relevant-information-and-news\/","title":{"rendered":"Relevant Information and News"},"content":{"rendered":"<div class=\"wpb-content-wrapper\"><p>[vc_row full_width=&#8221;stretch_row&#8221; css=&#8221;.vc_custom_1537570152976{padding-top: 45px !important;padding-bottom: 10px !important;}&#8221;][vc_column css=&#8221;.vc_custom_1537570077047{padding-bottom: 20px !important;}&#8221;]<div class=\"title-section text-left style2\">\n\t\t<h1 class=\"title\">\n\t\t\tRelevant Information and News\t\t\t\n\t\t<\/h1>\t\t\n\t\t\n\n\t<\/div>[\/vc_column][\/vc_row][vc_row disable_element=&#8221;yes&#8221; css=&#8221;.vc_custom_1537481854170{padding-top: 0px !important;padding-bottom: 0px !important;}&#8221;][vc_column css=&#8221;.vc_custom_1537481688230{margin-top: 45px !important;}&#8221;][vc_column_text el_class=&#8221;fw-6&#8243;]Hechos Relevantes[\/vc_column_text][vc_separator css=&#8221;.vc_custom_1531779171488{padding-top: 5px !important;padding-bottom: 15px !important;}&#8221;][\/vc_column][\/vc_row][vc_row full_width=&#8221;stretch_row&#8221; css=&#8221;.vc_custom_1537570124252{padding-top: 50px !important;}&#8221; el_class=&#8221;img_bck_indesa_home&#8221;][vc_column][vc_tta_tabs active_section=&#8221;1&#8243; el_class=&#8221;tablerow-custom&#8221;][vc_tta_section title=&#8221;Press Release&#8221; tab_id=&#8221;1533243421834-4bcd24c0-136b&#8221;][vc_row_inner][vc_column_inner el_class=&#8221;border_custom&#8221; width=&#8221;1\/4&#8243;][vc_column_text]<\/p>\n<div class=\"team-info\">\n<div class=\"team-subtitle mrg-lit\">18-01-2017<\/div>\n<h5 class=\"team-name mrg-b-15\">Pago de dividendo INDH Enero 2017<\/h5>\n<\/div>\n<p>[\/vc_column_text][vc_btn title=&#8221;Descargar&#8221; style=&#8221;outline-custom&#8221; outline_custom_color=&#8221;&#8221; outline_custom_hover_background=&#8221;#c4d600&#8243; outline_custom_hover_text=&#8221;#ffffff&#8221; i_icon_fontawesome=&#8221;fa fa-file-pdf-o&#8221; add_icon=&#8221;true&#8221; link=&#8221;url:%2Fwp-content%2Fuploads%2F2018%2F08%2FHecho-Relevante-IHC-Dividendos-Enero-2017.pdf||target:%20_blank|&#8221; el_class=&#8221;bg_grey full-w&#8221;][\/vc_column_inner][vc_column_inner el_class=&#8221;border_custom&#8221; width=&#8221;1\/4&#8243;][vc_column_text]<\/p>\n<div class=\"team-info\">\n<div class=\"team-subtitle mrg-lit\">13-07-2016<\/div>\n<h5 class=\"team-name mrg-b-15\">Pago de dividendo INDH Julio 2016<\/h5>\n<\/div>\n<p>[\/vc_column_text][vc_btn title=&#8221;Descargar&#8221; style=&#8221;outline-custom&#8221; outline_custom_color=&#8221;&#8221; outline_custom_hover_background=&#8221;#c4d600&#8243; outline_custom_hover_text=&#8221;#ffffff&#8221; i_icon_fontawesome=&#8221;fa fa-file-pdf-o&#8221; add_icon=&#8221;true&#8221; link=&#8221;url:%2Fwp-content%2Fuploads%2F2018%2F08%2FHecho-Relevante-IHC-Julio-2016.pdf||target:%20_blank|&#8221; el_class=&#8221;bg_grey full-w&#8221;][\/vc_column_inner][vc_column_inner el_class=&#8221;border_custom&#8221; width=&#8221;1\/4&#8243;][vc_column_text]<\/p>\n<div class=\"team-info\">\n<div class=\"team-subtitle mrg-lit\">22-02-2016<\/div>\n<h5 class=\"team-name mrg-b-15\">Cancelaci\u00f3n de Licencia Financiera<\/h5>\n<\/div>\n<p>[\/vc_column_text][vc_btn title=&#8221;Descargar&#8221; style=&#8221;outline-custom&#8221; outline_custom_color=&#8221;&#8221; outline_custom_hover_background=&#8221;#c4d600&#8243; outline_custom_hover_text=&#8221;#ffffff&#8221; i_icon_fontawesome=&#8221;fa fa-file-pdf-o&#8221; add_icon=&#8221;true&#8221; link=&#8221;url:%2Fwp-content%2Fuploads%2F2018%2F08%2FComunicado-INDH-Cancelaci%C3%B3n-Licencia-2016.pdf||target:%20_blank|&#8221; el_class=&#8221;bg_grey full-w&#8221;][\/vc_column_inner][vc_column_inner el_class=&#8221;border_custom&#8221; width=&#8221;1\/4&#8243;][vc_column_text]<\/p>\n<div class=\"team-info\">\n<div class=\"team-subtitle mrg-lit\">23-01-2015<\/div>\n<h5 class=\"team-name mrg-b-15\">Pago de dividendo INDH Febrero 2015<\/h5>\n<\/div>\n<p>[\/vc_column_text][vc_btn title=&#8221;Descargar&#8221; style=&#8221;outline-custom&#8221; outline_custom_color=&#8221;&#8221; outline_custom_hover_background=&#8221;#c4d600&#8243; outline_custom_hover_text=&#8221;#ffffff&#8221; i_icon_fontawesome=&#8221;fa fa-file-pdf-o&#8221; add_icon=&#8221;true&#8221; link=&#8221;url:%2Fwp-content%2Fuploads%2F2018%2F08%2FComunicado-INDH-Dividendos-Feb-2015.pdf||target:%20_blank|&#8221; el_class=&#8221;bg_grey full-w&#8221;][\/vc_column_inner][\/vc_row_inner][vc_row_inner][vc_column_inner el_class=&#8221;border_custom&#8221; width=&#8221;1\/4&#8243;][vc_column_text]<\/p>\n<div class=\"team-info\">\n<div class=\"team-subtitle mrg-lit\">09-07-2014<\/div>\n<h5 class=\"team-name mrg-b-15\">Pago de dividendo INDH Julio 2014<\/h5>\n<\/div>\n<p>[\/vc_column_text][vc_btn title=&#8221;Descargar&#8221; style=&#8221;outline-custom&#8221; outline_custom_color=&#8221;&#8221; outline_custom_hover_background=&#8221;#c4d600&#8243; outline_custom_hover_text=&#8221;#ffffff&#8221; i_icon_fontawesome=&#8221;fa fa-file-pdf-o&#8221; add_icon=&#8221;true&#8221; link=&#8221;url:%2Fwp-content%2Fuploads%2F2018%2F08%2FComunicado-de-Prensa-Dividendos-Julio-2014.pdf||target:%20_blank|&#8221; el_class=&#8221;bg_grey full-w&#8221;][\/vc_column_inner][vc_column_inner el_class=&#8221;border_custom&#8221; width=&#8221;1\/4&#8243;][vc_column_text]<\/p>\n<div class=\"team-info\">\n<div class=\"team-subtitle mrg-lit\">06-02-2014<\/div>\n<h5 class=\"team-name mrg-b-15\">Pago de dividendo INDH Febrero 2014<\/h5>\n<\/div>\n<p>[\/vc_column_text][vc_btn title=&#8221;Descargar&#8221; style=&#8221;outline-custom&#8221; outline_custom_color=&#8221;&#8221; outline_custom_hover_background=&#8221;#c4d600&#8243; outline_custom_hover_text=&#8221;#ffffff&#8221; i_icon_fontawesome=&#8221;fa fa-file-pdf-o&#8221; add_icon=&#8221;true&#8221; link=&#8221;url:%2Fwp-content%2Fuploads%2F2018%2F08%2FComunicado-INDH-Dividendos-Feb-2014.pdf||target:%20_blank|&#8221; el_class=&#8221;bg_grey full-w&#8221;][\/vc_column_inner][vc_column_inner el_class=&#8221;border_custom&#8221; width=&#8221;1\/4&#8243;][vc_column_text]<\/p>\n<div class=\"team-info\">\n<div class=\"team-subtitle mrg-lit\">15-10-2013<\/div>\n<h5 class=\"team-name mrg-b-15\">Consolidaci\u00f3n Corporativa INDH Octubre 2013<\/h5>\n<\/div>\n<p>[\/vc_column_text][vc_btn title=&#8221;Descargar&#8221; style=&#8221;outline-custom&#8221; outline_custom_color=&#8221;&#8221; outline_custom_hover_background=&#8221;#c4d600&#8243; outline_custom_hover_text=&#8221;#ffffff&#8221; i_icon_fontawesome=&#8221;fa fa-file-pdf-o&#8221; add_icon=&#8221;true&#8221; link=&#8221;url:%2Fwp-content%2Fuploads%2F2018%2F08%2FHecho-Relevante-INDH-Octubre-2013.pdf||target:%20_blank|&#8221; el_class=&#8221;bg_grey full-w&#8221;][\/vc_column_inner][vc_column_inner el_class=&#8221;border_custom&#8221; width=&#8221;1\/4&#8243;][vc_column_text]<\/p>\n<div class=\"team-info\">\n<div class=\"team-subtitle mrg-lit\">03-07-2013<\/div>\n<h5 class=\"team-name mrg-b-15\">Pago de dividendo INDH Julio 2013<\/h5>\n<\/div>\n<p>[\/vc_column_text][vc_btn title=&#8221;Descargar&#8221; style=&#8221;outline-custom&#8221; outline_custom_color=&#8221;&#8221; outline_custom_hover_background=&#8221;#c4d600&#8243; outline_custom_hover_text=&#8221;#ffffff&#8221; i_icon_fontawesome=&#8221;fa fa-file-pdf-o&#8221; add_icon=&#8221;true&#8221; link=&#8221;url:%2Fwp-content%2Fuploads%2F2018%2F08%2FComunicado-INDH-Dividendos-Julio-2013.pdf||target:%20_blank|&#8221; el_class=&#8221;bg_grey full-w&#8221;][\/vc_column_inner][\/vc_row_inner][vc_row_inner][vc_column_inner el_class=&#8221;border_custom&#8221; width=&#8221;1\/4&#8243;][vc_column_text]<\/p>\n<div class=\"team-info\">\n<div class=\"team-subtitle mrg-lit\">19-02-2013<\/div>\n<h5 class=\"team-name mrg-b-15\">Pago de dividendo INDH Febrero 2013<\/h5>\n<\/div>\n<p>[\/vc_column_text][vc_btn title=&#8221;Descargar&#8221; style=&#8221;outline-custom&#8221; outline_custom_color=&#8221;&#8221; outline_custom_hover_background=&#8221;#c4d600&#8243; outline_custom_hover_text=&#8221;#ffffff&#8221; i_icon_fontawesome=&#8221;fa fa-file-pdf-o&#8221; add_icon=&#8221;true&#8221; link=&#8221;url:%2Fwp-content%2Fuploads%2F2018%2F08%2FComunicado-INDH-Dividendos-Feb-2013.pdf||target:%20_blank|&#8221; el_class=&#8221;bg_grey full-w&#8221;][\/vc_column_inner][vc_column_inner el_class=&#8221;border_custom&#8221; width=&#8221;1\/4&#8243;][vc_column_text]<\/p>\n<div class=\"team-info\">\n<div class=\"team-subtitle mrg-lit\">18-07-2013<\/div>\n<h5 class=\"team-name mrg-b-15\">Pago de dividendo INDH Julio 2013<\/h5>\n<\/div>\n<p>[\/vc_column_text][vc_btn title=&#8221;Descargar&#8221; style=&#8221;outline-custom&#8221; outline_custom_color=&#8221;&#8221; outline_custom_hover_background=&#8221;#c4d600&#8243; outline_custom_hover_text=&#8221;#ffffff&#8221; i_icon_fontawesome=&#8221;fa fa-file-pdf-o&#8221; add_icon=&#8221;true&#8221; link=&#8221;url:%2Fwp-content%2Fuploads%2F2018%2F08%2FComunicado-INDH-Dividendos-Julio-2013.pdf||target:%20_blank|&#8221; el_class=&#8221;bg_grey full-w&#8221;][\/vc_column_inner][vc_column_inner el_class=&#8221;border_custom&#8221; width=&#8221;1\/4&#8243;][vc_column_text]<\/p>\n<div class=\"team-info\">\n<div class=\"team-subtitle mrg-lit\">15-05-2012<\/div>\n<h5 class=\"team-name mrg-b-15\">Elecci\u00f3n de Dignatarios<\/h5>\n<\/div>\n<p>[\/vc_column_text][vc_btn title=&#8221;Descargar&#8221; style=&#8221;outline-custom&#8221; outline_custom_color=&#8221;&#8221; outline_custom_hover_background=&#8221;#c4d600&#8243; outline_custom_hover_text=&#8221;#ffffff&#8221; i_icon_fontawesome=&#8221;fa fa-file-pdf-o&#8221; add_icon=&#8221;true&#8221; link=&#8221;url:%2Fwp-content%2Fuploads%2F2018%2F08%2FComunicado-Prensa-eleccion-dignatarios-15-mayo-2012.pdf||target:%20_blank|&#8221; el_class=&#8221;bg_grey full-w&#8221;][\/vc_column_inner][vc_column_inner el_class=&#8221;border_custom&#8221; width=&#8221;1\/4&#8243;][vc_column_text]<\/p>\n<div class=\"team-info\">\n<div class=\"team-subtitle mrg-lit\">26-01-2012<\/div>\n<h5 class=\"team-name mrg-b-15\">Pago de dividendo INDH Febrero 2012<\/h5>\n<\/div>\n<p>[\/vc_column_text][vc_btn title=&#8221;Descargar&#8221; style=&#8221;outline-custom&#8221; outline_custom_color=&#8221;&#8221; outline_custom_hover_background=&#8221;#c4d600&#8243; outline_custom_hover_text=&#8221;#ffffff&#8221; i_icon_fontawesome=&#8221;fa fa-file-pdf-o&#8221; add_icon=&#8221;true&#8221; link=&#8221;url:%2Fwp-content%2Fuploads%2F2018%2F08%2FComunicado-INDH-Dividendos-Febrero-2012.pdf||target:%20_blank|&#8221; el_class=&#8221;bg_grey full-w&#8221;][\/vc_column_inner][\/vc_row_inner][vc_row_inner][vc_column_inner el_class=&#8221;border_custom&#8221; width=&#8221;1\/4&#8243;][vc_column_text]<\/p>\n<div class=\"team-info\">\n<div class=\"team-subtitle mrg-lit\">12-07-2011<\/div>\n<h5 class=\"team-name mrg-b-15\">Pago de dividendo INDH Julio 2011<\/h5>\n<\/div>\n<p>[\/vc_column_text][vc_btn title=&#8221;Descargar&#8221; style=&#8221;outline-custom&#8221; outline_custom_color=&#8221;&#8221; outline_custom_hover_background=&#8221;#c4d600&#8243; outline_custom_hover_text=&#8221;#ffffff&#8221; i_icon_fontawesome=&#8221;fa fa-file-pdf-o&#8221; add_icon=&#8221;true&#8221; link=&#8221;url:%2Fwp-content%2Fuploads%2F2018%2F08%2FPagodeDividendo_INDH_Julio2011.pdf||target:%20_blank|&#8221; el_class=&#8221;bg_grey full-w&#8221;][\/vc_column_inner][vc_column_inner el_class=&#8221;border_custom&#8221; width=&#8221;1\/4&#8243;][vc_column_text]<\/p>\n<div class=\"team-info\">\n<div class=\"team-subtitle mrg-lit\">18-02-2011<\/div>\n<h5 class=\"team-name mrg-b-15\">Indesa anuncia inscripci\u00f3n de Acciones Comunes en BVP<\/h5>\n<\/div>\n<p>[\/vc_column_text][vc_btn title=&#8221;Descargar&#8221; style=&#8221;outline-custom&#8221; outline_custom_color=&#8221;&#8221; outline_custom_hover_background=&#8221;#c4d600&#8243; outline_custom_hover_text=&#8221;#ffffff&#8221; i_icon_fontawesome=&#8221;fa fa-file-pdf-o&#8221; add_icon=&#8221;true&#8221; link=&#8221;url:%2Fwp-content%2Fuploads%2F2018%2F08%2FComunicadodePrensa_AccionesINDH_18feb2011.pdf||target:%20_blank|&#8221; el_class=&#8221;bg_grey full-w&#8221;][\/vc_column_inner][\/vc_row_inner][\/vc_tta_section][vc_tta_section title=&#8221;Indesa Release&#8221; tab_id=&#8221;1533244170635-6a3f8984-7718&#8243;][vc_row_inner][vc_column_inner el_class=&#8221;border_custom&#8221; width=&#8221;1\/4&#8243;][vc_column_text]<\/p>\n<div class=\"team-info\">\n<div class=\"team-subtitle mrg-lit\">29-11-2017<\/div>\n<h5 class=\"team-name mrg-b-15\">Comunicado de Indesa<\/h5>\n<\/div>\n<p>[\/vc_column_text][vc_btn title=&#8221;Descargar&#8221; style=&#8221;outline-custom&#8221; outline_custom_color=&#8221;&#8221; outline_custom_hover_background=&#8221;#c4d600&#8243; outline_custom_hover_text=&#8221;#ffffff&#8221; i_icon_fontawesome=&#8221;fa fa-file-pdf-o&#8221; add_icon=&#8221;true&#8221; link=&#8221;url:%2Fwp-content%2Fuploads%2F2018%2F08%2FComunicado-Indesa-Nov-2017.pdf||target:%20_blank|&#8221; el_class=&#8221;bg_grey full-w&#8221;][\/vc_column_inner][vc_column_inner el_class=&#8221;border_custom&#8221; width=&#8221;1\/4&#8243;][vc_column_text]<\/p>\n<div class=\"team-info\">\n<div class=\"team-subtitle mrg-lit\">28-07-2010<\/div>\n<h5 class=\"team-name mrg-b-15\">Cambio de Nombre de Indesa Finance a Indesa Capital, Inc.<\/h5>\n<\/div>\n<p>[\/vc_column_text][vc_btn title=&#8221;Descargar&#8221; style=&#8221;outline-custom&#8221; outline_custom_color=&#8221;&#8221; outline_custom_hover_background=&#8221;#c4d600&#8243; outline_custom_hover_text=&#8221;#ffffff&#8221; i_icon_fontawesome=&#8221;fa fa-file-pdf-o&#8221; add_icon=&#8221;true&#8221; link=&#8221;url:http%3A%2F%2F54.83.183.255%2Fwp-content%2Fuploads%2F2018%2F08%2FHecho-relevante-INDESA-28-7-10.pdf||target:%20_blank|&#8221; el_class=&#8221;bg_grey full-w&#8221;][\/vc_column_inner][vc_column_inner width=&#8221;1\/4&#8243;][\/vc_column_inner][vc_column_inner width=&#8221;1\/4&#8243;][\/vc_column_inner][\/vc_row_inner][\/vc_tta_section][vc_tta_section title=&#8221;Relevant Fact&#8221; tab_id=&#8221;1533244329206-0bce468b-adc0&#8243;][vc_row_inner][vc_column_inner el_class=&#8221;border_custom&#8221; width=&#8221;1\/3&#8243;][vc_column_text]<\/p>\n<div class=\"team-info\">\n<div class=\"team-subtitle mrg-lit\">28-04-2022<\/div>\n<h5 class=\"team-name mrg-b-15\">Hecho relevante &#8211; Asamblea Ordinaria 2022 aprueba terminaci\u00f3n de registro<\/h5>\n<\/div>\n<p>[\/vc_column_text][vc_btn title=&#8221;Descargar&#8221; style=&#8221;outline-custom&#8221; outline_custom_color=&#8221;&#8221; outline_custom_hover_background=&#8221;#c4d600&#8243; outline_custom_hover_text=&#8221;#ffffff&#8221; i_icon_fontawesome=&#8221;far fa-file-pdf&#8221; add_icon=&#8221;true&#8221; link=&#8221;url:https%3A%2F%2Findesa.com.pa%2Fwp-content%2Fuploads%2F2022%2F04%2FHecho-Relevante-INDESA-HOLDINGS-CORP_04-2022.pdf|target:_blank&#8221; el_class=&#8221;bg_grey full-w&#8221;][vc_column_text]<\/p>\n<div class=\"team-info\">\n<div class=\"team-subtitle mrg-lit\">17-03-2022<\/div>\n<h5 class=\"team-name mrg-b-15\">Asamblea General de Accionistas INDH Abril 2022<\/h5>\n<\/div>\n<p>[\/vc_column_text][vc_btn title=&#8221;Descargar&#8221; style=&#8221;outline-custom&#8221; outline_custom_color=&#8221;&#8221; outline_custom_hover_background=&#8221;#c4d600&#8243; outline_custom_hover_text=&#8221;#ffffff&#8221; i_icon_fontawesome=&#8221;far fa-file-pdf&#8221; add_icon=&#8221;true&#8221; link=&#8221;url:https%3A%2F%2Findesa.com.pa%2Fwp-content%2Fuploads%2F2022%2F04%2FHecho-Relevante-Asamblea-General-Accionistas-2022-1.pdf|target:_blank&#8221; el_class=&#8221;bg_grey full-w&#8221;][\/vc_column_inner][vc_column_inner el_class=&#8221;border_custom&#8221; width=&#8221;1\/3&#8243;][vc_column_text]<\/p>\n<div class=\"team-info\">\n<div class=\"team-subtitle mrg-lit\">23-02-2021<\/div>\n<h5 class=\"team-name mrg-b-15\">Hecho relevante pago de dividendo Febrero 2021<\/h5>\n<\/div>\n<p>[\/vc_column_text][vc_btn title=&#8221;Descargar&#8221; style=&#8221;outline-custom&#8221; outline_custom_color=&#8221;&#8221; outline_custom_hover_background=&#8221;#c4d600&#8243; outline_custom_hover_text=&#8221;#ffffff&#8221; i_icon_fontawesome=&#8221;far fa-file-pdf&#8221; add_icon=&#8221;true&#8221; link=&#8221;url:http%3A%2F%2Findesa.com.pa%2Fwp-content%2Fuploads%2F2021%2F02%2FHecho-Relevante-pago-de-dividendo-febrero-2021_IHC.pdf|target:_blank&#8221; el_class=&#8221;bg_grey full-w&#8221;][vc_column_text]<\/p>\n<div class=\"team-info\">\n<div class=\"team-subtitle mrg-lit\">02-10-2020<\/div>\n<h5 class=\"team-name mrg-b-15\">Hecho relevante INDH octubre 2020<\/h5>\n<\/div>\n<p>[\/vc_column_text][vc_btn title=&#8221;Descargar&#8221; style=&#8221;outline-custom&#8221; outline_custom_color=&#8221;&#8221; outline_custom_hover_background=&#8221;#c4d600&#8243; outline_custom_hover_text=&#8221;#ffffff&#8221; i_icon_fontawesome=&#8221;far fa-file-pdf&#8221; add_icon=&#8221;true&#8221; link=&#8221;url:http%3A%2F%2Findesa.com.pa%2Fwp-content%2Fuploads%2F2020%2F10%2FHecho_Relevante_IHC_OCT-2020.pdf||target:%20_blank|&#8221; el_class=&#8221;bg_grey full-w&#8221;][vc_column_text]<\/p>\n<div class=\"team-info\">\n<div class=\"team-subtitle mrg-lit\">23-07-2020<\/div>\n<h5 class=\"team-name mrg-b-15\">Asamblea General de Accionistas INDH Agosto 2020<\/h5>\n<\/div>\n<p>[\/vc_column_text][vc_btn title=&#8221;Descargar&#8221; style=&#8221;outline-custom&#8221; outline_custom_color=&#8221;&#8221; outline_custom_hover_background=&#8221;#c4d600&#8243; outline_custom_hover_text=&#8221;#ffffff&#8221; i_icon_fontawesome=&#8221;far fa-file-pdf&#8221; add_icon=&#8221;true&#8221; link=&#8221;url:http%3A%2F%2Findesa.com.pa%2Fwp-content%2Fuploads%2F2020%2F10%2FAsamblea-General-de-Accionistas_IHC_AGOSTO-2020.pdf|target:_blank&#8221; el_class=&#8221;bg_grey full-w&#8221;][vc_column_text]<\/p>\n<div class=\"team-info\">\n<div class=\"team-subtitle mrg-lit\">18-02-2020<\/div>\n<h5 class=\"team-name mrg-b-15\">Pago de dividendo Febrero 2020<\/h5>\n<\/div>\n<p>[\/vc_column_text][vc_btn title=&#8221;Descargar&#8221; style=&#8221;outline-custom&#8221; outline_custom_color=&#8221;&#8221; outline_custom_hover_background=&#8221;#c4d600&#8243; outline_custom_hover_text=&#8221;#ffffff&#8221; i_icon_fontawesome=&#8221;far fa-file-pdf&#8221; add_icon=&#8221;true&#8221; link=&#8221;url:http%3A%2F%2Findesa.com.pa%2Fwp-content%2Fuploads%2F2020%2F10%2FPago-de-Dividendo_IHC_FEB-2020.pdf|target:_blank&#8221; el_class=&#8221;bg_grey full-w&#8221;][\/vc_column_inner][vc_column_inner el_class=&#8221;border_custom&#8221; width=&#8221;1\/3&#8243;][vc_column_text]<\/p>\n<div class=\"team-info\">\n<div class=\"team-subtitle mrg-lit\">18-11-2015<\/div>\n<h5 class=\"team-name mrg-b-15\">Pago de dividendo extraordinario INDH Noviembre 2015<\/h5>\n<\/div>\n<p>[\/vc_column_text][vc_btn title=&#8221;Descargar&#8221; style=&#8221;outline-custom&#8221; outline_custom_color=&#8221;&#8221; outline_custom_hover_background=&#8221;#c4d600&#8243; outline_custom_hover_text=&#8221;#ffffff&#8221; i_icon_fontawesome=&#8221;fa fa-file-pdf-o&#8221; add_icon=&#8221;true&#8221; link=&#8221;url:%2Fwp-content%2Fuploads%2F2018%2F08%2FHecho-Relevante-IHC-Noviembre-2015pdf.pdf||target:%20_blank|&#8221; el_class=&#8221;bg_grey full-w&#8221;][\/vc_column_inner][\/vc_row_inner][\/vc_tta_section][\/vc_tta_tabs][\/vc_column][\/vc_row]<\/p>\n<\/div>","protected":false},"excerpt":{"rendered":"<p>[vc_row full_width=&#8221;stretch_row&#8221; css=&#8221;.vc_custom_1537570152976{padding-top: 45px !important;padding-bottom: 10px !important;}&#8221;][vc_column css=&#8221;.vc_custom_1537570077047{padding-bottom: 20px !important;}&#8221;][\/vc_column][\/vc_row][vc_row disable_element=&#8221;yes&#8221; css=&#8221;.vc_custom_1537481854170{padding-top: 0px !important;padding-bottom: 0px !important;}&#8221;][vc_column css=&#8221;.vc_custom_1537481688230{margin-top: 45px !important;}&#8221;][vc_column_text el_class=&#8221;fw-6&#8243;]Hechos Relevantes[\/vc_column_text][vc_separator css=&#8221;.vc_custom_1531779171488{padding-top: 5px !important;padding-bottom: 15px !important;}&#8221;][\/vc_column][\/vc_row][vc_row full_width=&#8221;stretch_row&#8221; css=&#8221;.vc_custom_1537570124252{padding-top: 50px !important;}&#8221; el_class=&#8221;img_bck_indesa_home&#8221;][vc_column][vc_tta_tabs active_section=&#8221;1&#8243; el_class=&#8221;tablerow-custom&#8221;][vc_tta_section title=&#8221;Press Release&#8221; tab_id=&#8221;1533243421834-4bcd24c0-136b&#8221;][vc_row_inner][vc_column_inner el_class=&#8221;border_custom&#8221; width=&#8221;1\/4&#8243;][vc_column_text] 18-01-2017 Pago de dividendo INDH Enero 2017 [\/vc_column_text][vc_btn title=&#8221;Descargar&#8221; style=&#8221;outline-custom&#8221; outline_custom_color=&#8221;&#8221; outline_custom_hover_background=&#8221;#c4d600&#8243; outline_custom_hover_text=&#8221;#ffffff&#8221; [&hellip;]<\/p>\n","protected":false},"author":3,"featured_media":0,"parent":0,"menu_order":0,"comment_status":"closed","ping_status":"closed","template":"tpl\/front-page.php","meta":{"footnotes":""},"class_list":["post-3933","page","type-page","status-publish","hentry"],"yoast_head":"<!-- This site is optimized with the Yoast SEO plugin v27.3 - https:\/\/yoast.com\/product\/yoast-seo-wordpress\/ -->\n<title>Relevant Information and News - Indesa Panam\u00e1<\/title>\n<meta name=\"description\" content=\"%\" \/>\n<meta name=\"robots\" content=\"index, follow, max-snippet:-1, max-image-preview:large, max-video-preview:-1\" \/>\n<link rel=\"canonical\" href=\"https:\/\/indesa.com.pa\/en\/relevant-information-and-news\/\" \/>\n<meta property=\"og:locale\" content=\"en_US\" \/>\n<meta property=\"og:type\" content=\"article\" \/>\n<meta property=\"og:title\" content=\"Relevant Information and News - Indesa Panam\u00e1\" \/>\n<meta property=\"og:description\" content=\"%\" \/>\n<meta property=\"og:url\" content=\"https:\/\/indesa.com.pa\/en\/relevant-information-and-news\/\" \/>\n<meta property=\"og:site_name\" content=\"Indesa Panam\u00e1\" \/>\n<meta property=\"article:modified_time\" content=\"2022-04-28T21:54:42+00:00\" \/>\n<meta property=\"og:image\" content=\"https:\/\/indesa.com.pa\/wp-content\/uploads\/2018\/12\/og.jpg\" \/>\n\t<meta property=\"og:image:width\" content=\"1200\" \/>\n\t<meta property=\"og:image:height\" content=\"630\" \/>\n\t<meta property=\"og:image:type\" content=\"image\/jpeg\" \/>\n<meta name=\"twitter:card\" content=\"summary_large_image\" \/>\n<meta name=\"twitter:label1\" content=\"Est. reading time\" \/>\n\t<meta name=\"twitter:data1\" content=\"2 minutes\" \/>\n<script type=\"application\/ld+json\" class=\"yoast-schema-graph\">{\"@context\":\"https:\\\/\\\/schema.org\",\"@graph\":[{\"@type\":\"WebPage\",\"@id\":\"https:\\\/\\\/indesa.com.pa\\\/en\\\/relevant-information-and-news\\\/\",\"url\":\"https:\\\/\\\/indesa.com.pa\\\/en\\\/relevant-information-and-news\\\/\",\"name\":\"Relevant Information and News - Indesa Panam\u00e1\",\"isPartOf\":{\"@id\":\"http:\\\/\\\/indesa.com.pa\\\/#website\"},\"datePublished\":\"2018-11-07T15:54:47+00:00\",\"dateModified\":\"2022-04-28T21:54:42+00:00\",\"description\":\"%\",\"breadcrumb\":{\"@id\":\"https:\\\/\\\/indesa.com.pa\\\/en\\\/relevant-information-and-news\\\/#breadcrumb\"},\"inLanguage\":\"en-US\",\"potentialAction\":[{\"@type\":\"ReadAction\",\"target\":[\"https:\\\/\\\/indesa.com.pa\\\/en\\\/relevant-information-and-news\\\/\"]}]},{\"@type\":\"BreadcrumbList\",\"@id\":\"https:\\\/\\\/indesa.com.pa\\\/en\\\/relevant-information-and-news\\\/#breadcrumb\",\"itemListElement\":[{\"@type\":\"ListItem\",\"position\":1,\"name\":\"Portada\",\"item\":\"https:\\\/\\\/indesa.com.pa\\\/en\\\/\"},{\"@type\":\"ListItem\",\"position\":2,\"name\":\"Relevant Information and News\"}]},{\"@type\":\"WebSite\",\"@id\":\"http:\\\/\\\/indesa.com.pa\\\/#website\",\"url\":\"http:\\\/\\\/indesa.com.pa\\\/\",\"name\":\"Indesa Panam\u00e1\",\"description\":\"An\u00e1lisis econ\u00f3mico y finanzas coporativas\",\"potentialAction\":[{\"@type\":\"SearchAction\",\"target\":{\"@type\":\"EntryPoint\",\"urlTemplate\":\"http:\\\/\\\/indesa.com.pa\\\/?s={search_term_string}\"},\"query-input\":{\"@type\":\"PropertyValueSpecification\",\"valueRequired\":true,\"valueName\":\"search_term_string\"}}],\"inLanguage\":\"en-US\"}]}<\/script>\n<!-- \/ Yoast SEO plugin. -->","yoast_head_json":{"title":"Relevant Information and News - Indesa Panam\u00e1","description":"%","robots":{"index":"index","follow":"follow","max-snippet":"max-snippet:-1","max-image-preview":"max-image-preview:large","max-video-preview":"max-video-preview:-1"},"canonical":"https:\/\/indesa.com.pa\/en\/relevant-information-and-news\/","og_locale":"en_US","og_type":"article","og_title":"Relevant Information and News - Indesa Panam\u00e1","og_description":"%","og_url":"https:\/\/indesa.com.pa\/en\/relevant-information-and-news\/","og_site_name":"Indesa Panam\u00e1","article_modified_time":"2022-04-28T21:54:42+00:00","og_image":[{"width":1200,"height":630,"url":"https:\/\/indesa.com.pa\/wp-content\/uploads\/2018\/12\/og.jpg","type":"image\/jpeg"}],"twitter_card":"summary_large_image","twitter_misc":{"Est. reading time":"2 minutes"},"schema":{"@context":"https:\/\/schema.org","@graph":[{"@type":"WebPage","@id":"https:\/\/indesa.com.pa\/en\/relevant-information-and-news\/","url":"https:\/\/indesa.com.pa\/en\/relevant-information-and-news\/","name":"Relevant Information and News - Indesa Panam\u00e1","isPartOf":{"@id":"http:\/\/indesa.com.pa\/#website"},"datePublished":"2018-11-07T15:54:47+00:00","dateModified":"2022-04-28T21:54:42+00:00","description":"%","breadcrumb":{"@id":"https:\/\/indesa.com.pa\/en\/relevant-information-and-news\/#breadcrumb"},"inLanguage":"en-US","potentialAction":[{"@type":"ReadAction","target":["https:\/\/indesa.com.pa\/en\/relevant-information-and-news\/"]}]},{"@type":"BreadcrumbList","@id":"https:\/\/indesa.com.pa\/en\/relevant-information-and-news\/#breadcrumb","itemListElement":[{"@type":"ListItem","position":1,"name":"Portada","item":"https:\/\/indesa.com.pa\/en\/"},{"@type":"ListItem","position":2,"name":"Relevant Information and News"}]},{"@type":"WebSite","@id":"http:\/\/indesa.com.pa\/#website","url":"http:\/\/indesa.com.pa\/","name":"Indesa Panam\u00e1","description":"An\u00e1lisis econ\u00f3mico y finanzas coporativas","potentialAction":[{"@type":"SearchAction","target":{"@type":"EntryPoint","urlTemplate":"http:\/\/indesa.com.pa\/?s={search_term_string}"},"query-input":{"@type":"PropertyValueSpecification","valueRequired":true,"valueName":"search_term_string"}}],"inLanguage":"en-US"}]}},"_links":{"self":[{"href":"https:\/\/indesa.com.pa\/en\/wp-json\/wp\/v2\/pages\/3933","targetHints":{"allow":["GET"]}}],"collection":[{"href":"https:\/\/indesa.com.pa\/en\/wp-json\/wp\/v2\/pages"}],"about":[{"href":"https:\/\/indesa.com.pa\/en\/wp-json\/wp\/v2\/types\/page"}],"author":[{"embeddable":true,"href":"https:\/\/indesa.com.pa\/en\/wp-json\/wp\/v2\/users\/3"}],"replies":[{"embeddable":true,"href":"https:\/\/indesa.com.pa\/en\/wp-json\/wp\/v2\/comments?post=3933"}],"version-history":[{"count":5,"href":"https:\/\/indesa.com.pa\/en\/wp-json\/wp\/v2\/pages\/3933\/revisions"}],"predecessor-version":[{"id":4903,"href":"https:\/\/indesa.com.pa\/en\/wp-json\/wp\/v2\/pages\/3933\/revisions\/4903"}],"wp:attachment":[{"href":"https:\/\/indesa.com.pa\/en\/wp-json\/wp\/v2\/media?parent=3933"}],"curies":[{"name":"wp","href":"https:\/\/api.w.org\/{rel}","templated":true}]}}