{"id":3916,"date":"2018-11-07T15:25:20","date_gmt":"2018-11-07T15:25:20","guid":{"rendered":"https:\/\/indesa.com.pa\/?page_id=3916"},"modified":"2018-11-07T15:26:26","modified_gmt":"2018-11-07T15:26:26","slug":"relevant-transactions","status":"publish","type":"page","link":"https:\/\/indesa.com.pa\/en\/relevant-transactions\/","title":{"rendered":"Relevant Transactions"},"content":{"rendered":"<div class=\"wpb-content-wrapper\"><p>[vc_row css=&#8221;.vc_custom_1537809225136{padding-top: 60px !important;padding-bottom: 60px !important;}&#8221;][vc_column]<div class=\"title-section text-left style2\">\n\t\t<h1 class=\"title\">\n\t\t\tRelevant Transactions\t\t\t\n\t\t<\/h1>\t\t\n\t\t\n\n\t<\/div>[vc_column_text]Our trajectory in the local and regional markets includes clients in various industries, such as: financial, telecommunications, retail and wholesale, manufacturing, pharmaceutical, among others. Please find below some of our relevant transactions:[\/vc_column_text][vc_separator css=&#8221;.vc_custom_1537809209471{padding-top: 35px !important;padding-bottom: 25px !important;}&#8221;][vc_basic_grid post_type=&#8221;portfolios&#8221; max_items=&#8221;-1&#8243; element_width=&#8221;3&#8243; gap=&#8221;20&#8243; item=&#8221;3027&#8243; grid_id=&#8221;vc_gid:1541604267823-2f71f2d3-c4ff-4&#8243;][\/vc_column][\/vc_row]<\/p>\n<\/div>","protected":false},"excerpt":{"rendered":"<p>[vc_row css=&#8221;.vc_custom_1537809225136{padding-top: 60px !important;padding-bottom: 60px !important;}&#8221;][vc_column][vc_column_text]Our trajectory in the local and regional markets includes clients in various industries, such as: financial, telecommunications, retail and wholesale, manufacturing, pharmaceutical, among others. Please find below some of our relevant transactions:[\/vc_column_text][vc_separator css=&#8221;.vc_custom_1537809209471{padding-top: 35px !important;padding-bottom: 25px !important;}&#8221;][vc_basic_grid post_type=&#8221;portfolios&#8221; max_items=&#8221;-1&#8243; element_width=&#8221;3&#8243; gap=&#8221;20&#8243; item=&#8221;3027&#8243; grid_id=&#8221;vc_gid:1541604267823-2f71f2d3-c4ff-4&#8243;][\/vc_column][\/vc_row]<\/p>\n","protected":false},"author":3,"featured_media":0,"parent":0,"menu_order":0,"comment_status":"closed","ping_status":"closed","template":"tpl\/front-page.php","meta":{"footnotes":""},"class_list":["post-3916","page","type-page","status-publish","hentry"],"yoast_head":"<!-- This site is optimized with the Yoast SEO plugin v27.3 - https:\/\/yoast.com\/product\/yoast-seo-wordpress\/ -->\n<title>Relevant Transactions - Indesa Panam\u00e1<\/title>\n<meta name=\"description\" content=\"%\" \/>\n<meta name=\"robots\" content=\"index, follow, max-snippet:-1, max-image-preview:large, max-video-preview:-1\" \/>\n<link rel=\"canonical\" href=\"https:\/\/indesa.com.pa\/en\/relevant-transactions\/\" \/>\n<meta property=\"og:locale\" content=\"en_US\" \/>\n<meta property=\"og:type\" content=\"article\" \/>\n<meta property=\"og:title\" content=\"Relevant Transactions - Indesa Panam\u00e1\" \/>\n<meta property=\"og:description\" content=\"%\" \/>\n<meta property=\"og:url\" content=\"https:\/\/indesa.com.pa\/en\/relevant-transactions\/\" \/>\n<meta property=\"og:site_name\" content=\"Indesa Panam\u00e1\" \/>\n<meta property=\"article:modified_time\" content=\"2018-11-07T15:26:26+00:00\" \/>\n<meta property=\"og:image\" content=\"https:\/\/indesa.com.pa\/wp-content\/uploads\/2018\/12\/og.jpg\" \/>\n\t<meta property=\"og:image:width\" content=\"1200\" \/>\n\t<meta property=\"og:image:height\" content=\"630\" \/>\n\t<meta property=\"og:image:type\" content=\"image\/jpeg\" \/>\n<meta name=\"twitter:card\" content=\"summary_large_image\" \/>\n<script type=\"application\/ld+json\" class=\"yoast-schema-graph\">{\"@context\":\"https:\\\/\\\/schema.org\",\"@graph\":[{\"@type\":\"WebPage\",\"@id\":\"https:\\\/\\\/indesa.com.pa\\\/en\\\/relevant-transactions\\\/\",\"url\":\"https:\\\/\\\/indesa.com.pa\\\/en\\\/relevant-transactions\\\/\",\"name\":\"Relevant Transactions - Indesa Panam\u00e1\",\"isPartOf\":{\"@id\":\"http:\\\/\\\/indesa.com.pa\\\/#website\"},\"datePublished\":\"2018-11-07T15:25:20+00:00\",\"dateModified\":\"2018-11-07T15:26:26+00:00\",\"description\":\"%\",\"breadcrumb\":{\"@id\":\"https:\\\/\\\/indesa.com.pa\\\/en\\\/relevant-transactions\\\/#breadcrumb\"},\"inLanguage\":\"en-US\",\"potentialAction\":[{\"@type\":\"ReadAction\",\"target\":[\"https:\\\/\\\/indesa.com.pa\\\/en\\\/relevant-transactions\\\/\"]}]},{\"@type\":\"BreadcrumbList\",\"@id\":\"https:\\\/\\\/indesa.com.pa\\\/en\\\/relevant-transactions\\\/#breadcrumb\",\"itemListElement\":[{\"@type\":\"ListItem\",\"position\":1,\"name\":\"Portada\",\"item\":\"http:\\\/\\\/indesa.com.pa\\\/en\\\/\"},{\"@type\":\"ListItem\",\"position\":2,\"name\":\"Relevant Transactions\"}]},{\"@type\":\"WebSite\",\"@id\":\"http:\\\/\\\/indesa.com.pa\\\/#website\",\"url\":\"http:\\\/\\\/indesa.com.pa\\\/\",\"name\":\"Indesa Panam\u00e1\",\"description\":\"An\u00e1lisis econ\u00f3mico y finanzas coporativas\",\"potentialAction\":[{\"@type\":\"SearchAction\",\"target\":{\"@type\":\"EntryPoint\",\"urlTemplate\":\"http:\\\/\\\/indesa.com.pa\\\/?s={search_term_string}\"},\"query-input\":{\"@type\":\"PropertyValueSpecification\",\"valueRequired\":true,\"valueName\":\"search_term_string\"}}],\"inLanguage\":\"en-US\"}]}<\/script>\n<!-- \/ Yoast SEO plugin. -->","yoast_head_json":{"title":"Relevant Transactions - Indesa Panam\u00e1","description":"%","robots":{"index":"index","follow":"follow","max-snippet":"max-snippet:-1","max-image-preview":"max-image-preview:large","max-video-preview":"max-video-preview:-1"},"canonical":"https:\/\/indesa.com.pa\/en\/relevant-transactions\/","og_locale":"en_US","og_type":"article","og_title":"Relevant Transactions - Indesa Panam\u00e1","og_description":"%","og_url":"https:\/\/indesa.com.pa\/en\/relevant-transactions\/","og_site_name":"Indesa Panam\u00e1","article_modified_time":"2018-11-07T15:26:26+00:00","og_image":[{"width":1200,"height":630,"url":"https:\/\/indesa.com.pa\/wp-content\/uploads\/2018\/12\/og.jpg","type":"image\/jpeg"}],"twitter_card":"summary_large_image","schema":{"@context":"https:\/\/schema.org","@graph":[{"@type":"WebPage","@id":"https:\/\/indesa.com.pa\/en\/relevant-transactions\/","url":"https:\/\/indesa.com.pa\/en\/relevant-transactions\/","name":"Relevant Transactions - Indesa Panam\u00e1","isPartOf":{"@id":"http:\/\/indesa.com.pa\/#website"},"datePublished":"2018-11-07T15:25:20+00:00","dateModified":"2018-11-07T15:26:26+00:00","description":"%","breadcrumb":{"@id":"https:\/\/indesa.com.pa\/en\/relevant-transactions\/#breadcrumb"},"inLanguage":"en-US","potentialAction":[{"@type":"ReadAction","target":["https:\/\/indesa.com.pa\/en\/relevant-transactions\/"]}]},{"@type":"BreadcrumbList","@id":"https:\/\/indesa.com.pa\/en\/relevant-transactions\/#breadcrumb","itemListElement":[{"@type":"ListItem","position":1,"name":"Portada","item":"http:\/\/indesa.com.pa\/en\/"},{"@type":"ListItem","position":2,"name":"Relevant Transactions"}]},{"@type":"WebSite","@id":"http:\/\/indesa.com.pa\/#website","url":"http:\/\/indesa.com.pa\/","name":"Indesa Panam\u00e1","description":"An\u00e1lisis econ\u00f3mico y finanzas coporativas","potentialAction":[{"@type":"SearchAction","target":{"@type":"EntryPoint","urlTemplate":"http:\/\/indesa.com.pa\/?s={search_term_string}"},"query-input":{"@type":"PropertyValueSpecification","valueRequired":true,"valueName":"search_term_string"}}],"inLanguage":"en-US"}]}},"_links":{"self":[{"href":"https:\/\/indesa.com.pa\/en\/wp-json\/wp\/v2\/pages\/3916","targetHints":{"allow":["GET"]}}],"collection":[{"href":"https:\/\/indesa.com.pa\/en\/wp-json\/wp\/v2\/pages"}],"about":[{"href":"https:\/\/indesa.com.pa\/en\/wp-json\/wp\/v2\/types\/page"}],"author":[{"embeddable":true,"href":"https:\/\/indesa.com.pa\/en\/wp-json\/wp\/v2\/users\/3"}],"replies":[{"embeddable":true,"href":"https:\/\/indesa.com.pa\/en\/wp-json\/wp\/v2\/comments?post=3916"}],"version-history":[{"count":3,"href":"https:\/\/indesa.com.pa\/en\/wp-json\/wp\/v2\/pages\/3916\/revisions"}],"predecessor-version":[{"id":3919,"href":"https:\/\/indesa.com.pa\/en\/wp-json\/wp\/v2\/pages\/3916\/revisions\/3919"}],"wp:attachment":[{"href":"https:\/\/indesa.com.pa\/en\/wp-json\/wp\/v2\/media?parent=3916"}],"curies":[{"name":"wp","href":"https:\/\/api.w.org\/{rel}","templated":true}]}}