{"id":3896,"date":"2018-11-07T14:37:32","date_gmt":"2018-11-07T14:37:32","guid":{"rendered":"https:\/\/indesa.com.pa\/?page_id=3896"},"modified":"2018-11-27T19:21:02","modified_gmt":"2018-11-27T19:21:02","slug":"economic-research-and-advisory","status":"publish","type":"page","link":"https:\/\/indesa.com.pa\/en\/economic-research-and-advisory\/","title":{"rendered":"Economic Research and Advisory"},"content":{"rendered":"<div class=\"wpb-content-wrapper\"><p>[vc_row full_width=&#8221;stretch_row_content&#8221; full_height=&#8221;yes&#8221; columns_placement=&#8221;stretch&#8221; equal_height=&#8221;yes&#8221; css=&#8221;.vc_custom_1530728178575{padding-top: 0px !important;padding-bottom: 0px !important;}&#8221;][vc_column width=&#8221;2\/3&#8243; css=&#8221;.vc_custom_1538697662817{padding-top: 30px !important;padding-bottom: 60px !important;}&#8221; el_class=&#8221;service-left&#8221;][vc_row_inner css=&#8221;.vc_custom_1538698030390{padding-top: 35px !important;padding-bottom: 35px !important;}&#8221;][vc_column_inner el_id=&#8221;consultoria&#8221;]<div class=\"title-section text-left style2\">\n\t\t<h1 class=\"title\">\n\t\t\tEconomic Research and Advisory\t\t\t\n\t\t<\/h1>\t\t\n\t\t\n\n\t<\/div>[\/vc_column_inner][\/vc_row_inner][vc_column_text css=&#8221;.vc_custom_1542129174780{margin-top: -25px !important;}&#8221;]<\/p>\n<p style=\"text-align: justify;\">We offer consulting services that simplify the decision process through creative solutions and insightful economic analysis of the local business environment. Our monthy Business Forum (\u201cForo Empresarial Indesa\u201d) is a highly regarded source of economic analysis.<\/p>\n<p>[\/vc_column_text][vc_empty_space][vc_column_text el_class=&#8221;fw-6&#8243;]ECONOMIC RESEARCH AND ADVISORY[\/vc_column_text][vc_separator css=&#8221;.vc_custom_1531774082652{padding-top: 5px !important;padding-bottom: 15px !important;}&#8221;][vc_empty_space height=&#8221;15px&#8221;]<div class=\"flat-iconbox iconbox-medium left circle-outlined\">\n\t\t<div class=\"flat-iconbox-header\">\n\t\t\t<div class=\"flat-iconbox-icon\"><span class=\"typcn typcn-group\"><\/span><\/div>\n\t\t\t<h3 class=\"flat-iconbox-title\">Business Forum INDESA \u201cForo Empresarial Indesa\u201d<\/h3>\n\t\t\t\n\t\t<\/div>\n\t\t<div class=\"flat-iconbox-content\">\n\t\t\t<span style=\"font-weight: 400\">Monthly <\/span><b><i>think tank <\/i><\/b><span style=\"font-weight: 400\">seminars that address the most relevant economic, financial, and business topics at a national and international level. With the participation of over 100 businessmen and public sector officials, it represents an invaluable networking opportunity.<\/span>\n\t\t\t\n\t\t<\/div>\n\t<\/div><div class=\"flat-iconbox iconbox-medium left circle-outlined\">\n\t\t<div class=\"flat-iconbox-header\">\n\t\t\t<div class=\"flat-iconbox-icon\"><span class=\"typcn typcn-chart-pie\"><\/span><\/div>\n\t\t\t<h3 class=\"flat-iconbox-title\">Sectoral Studies<\/h3>\n\t\t\t\n\t\t<\/div>\n\t\t<div class=\"flat-iconbox-content\">\n\t\t\t<span style=\"font-weight: 400\">Industrial organization studies of economic sectors and activities, as well as technical expert services in legal procedures involving applied economics and finance.<\/span>\n\t\t\t\n\t\t<\/div>\n\t<\/div><div class=\"flat-iconbox iconbox-medium left circle-outlined\">\n\t\t<div class=\"flat-iconbox-header\">\n\t\t\t<div class=\"flat-iconbox-icon\"><span class=\"typcn typcn-chart-area-outline\"><\/span><\/div>\n\t\t\t<h3 class=\"flat-iconbox-title\">Economic Studies<\/h3>\n\t\t\t\n\t\t<\/div>\n\t\t<div class=\"flat-iconbox-content\">\n\t\t\t<span style=\"font-weight: 400\">Specialized studies designed to determine the contribution of sectors of the economy, associations or investment projects to a country\u2019s GDP. Commonly utilized to obtain support or alignment with different stakeholders (public or private).<\/span>\n\t\t\t\n\t\t<\/div>\n\t<\/div><div class=\"flat-iconbox iconbox-medium left circle-outlined\">\n\t\t<div class=\"flat-iconbox-header\">\n\t\t\t<div class=\"flat-iconbox-icon\"><span class=\"typcn typcn-input-checked\"><\/span><\/div>\n\t\t\t<h3 class=\"flat-iconbox-title\">Business Feasibility Studies<\/h3>\n\t\t\t\n\t\t<\/div>\n\t\t<div class=\"flat-iconbox-content\">\n\t\t\t<span style=\"font-weight: 400\">Studies focused on designing business models and building financial projections for new enterprises or investment projects in order to assess their financial and operational feasibility.<\/span>\n\t\t\t\n\t\t<\/div>\n\t<\/div>[\/vc_column][vc_column width=&#8221;1\/3&#8243; css=&#8221;.vc_custom_1538817032601{padding-top: 0px !important;padding-right: 0px !important;padding-bottom: 0px !important;padding-left: 0px !important;background-image: url(https:\/\/indesa.com.pa\/wp-content\/uploads\/2018\/07\/alone-analytics-big-data-884450.jpg?id=2269) !important;background-position: center !important;background-repeat: no-repeat !important;background-size: cover !important;}&#8221;][\/vc_column][\/vc_row]<\/p>\n<\/div>","protected":false},"excerpt":{"rendered":"<p>[vc_row full_width=&#8221;stretch_row_content&#8221; full_height=&#8221;yes&#8221; columns_placement=&#8221;stretch&#8221; equal_height=&#8221;yes&#8221; css=&#8221;.vc_custom_1530728178575{padding-top: 0px !important;padding-bottom: 0px !important;}&#8221;][vc_column width=&#8221;2\/3&#8243; css=&#8221;.vc_custom_1538697662817{padding-top: 30px !important;padding-bottom: 60px !important;}&#8221; el_class=&#8221;service-left&#8221;][vc_row_inner css=&#8221;.vc_custom_1538698030390{padding-top: 35px !important;padding-bottom: 35px !important;}&#8221;][vc_column_inner el_id=&#8221;consultoria&#8221;][\/vc_column_inner][\/vc_row_inner][vc_column_text css=&#8221;.vc_custom_1542129174780{margin-top: -25px !important;}&#8221;] We offer consulting services that simplify the decision process through creative solutions and insightful economic analysis of the local business environment. Our monthy Business Forum [&hellip;]<\/p>\n","protected":false},"author":3,"featured_media":0,"parent":0,"menu_order":0,"comment_status":"closed","ping_status":"closed","template":"tpl\/front-page.php","meta":{"footnotes":""},"class_list":["post-3896","page","type-page","status-publish","hentry"],"yoast_head":"<!-- This site is optimized with the Yoast SEO plugin v27.3 - https:\/\/yoast.com\/product\/yoast-seo-wordpress\/ -->\n<title>Economic Research and Advisory - Indesa Panam\u00e1<\/title>\n<meta name=\"description\" content=\"%\" \/>\n<meta name=\"robots\" content=\"index, follow, max-snippet:-1, max-image-preview:large, max-video-preview:-1\" \/>\n<link rel=\"canonical\" href=\"https:\/\/indesa.com.pa\/en\/economic-research-and-advisory\/\" \/>\n<meta property=\"og:locale\" content=\"en_US\" \/>\n<meta property=\"og:type\" content=\"article\" \/>\n<meta property=\"og:title\" content=\"Economic Research and Advisory - Indesa Panam\u00e1\" \/>\n<meta property=\"og:description\" content=\"%\" \/>\n<meta property=\"og:url\" content=\"https:\/\/indesa.com.pa\/en\/economic-research-and-advisory\/\" \/>\n<meta property=\"og:site_name\" content=\"Indesa Panam\u00e1\" \/>\n<meta property=\"article:modified_time\" content=\"2018-11-27T19:21:02+00:00\" \/>\n<meta property=\"og:image\" content=\"https:\/\/indesa.com.pa\/wp-content\/uploads\/2018\/12\/og.jpg\" \/>\n\t<meta property=\"og:image:width\" content=\"1200\" \/>\n\t<meta property=\"og:image:height\" content=\"630\" \/>\n\t<meta property=\"og:image:type\" content=\"image\/jpeg\" \/>\n<meta name=\"twitter:card\" content=\"summary_large_image\" \/>\n<meta name=\"twitter:label1\" content=\"Est. reading time\" \/>\n\t<meta name=\"twitter:data1\" content=\"2 minutes\" \/>\n<script type=\"application\/ld+json\" class=\"yoast-schema-graph\">{\"@context\":\"https:\\\/\\\/schema.org\",\"@graph\":[{\"@type\":\"WebPage\",\"@id\":\"https:\\\/\\\/indesa.com.pa\\\/en\\\/economic-research-and-advisory\\\/\",\"url\":\"https:\\\/\\\/indesa.com.pa\\\/en\\\/economic-research-and-advisory\\\/\",\"name\":\"Economic Research and Advisory - Indesa Panam\u00e1\",\"isPartOf\":{\"@id\":\"https:\\\/\\\/indesa.com.pa\\\/#website\"},\"datePublished\":\"2018-11-07T14:37:32+00:00\",\"dateModified\":\"2018-11-27T19:21:02+00:00\",\"description\":\"%\",\"breadcrumb\":{\"@id\":\"https:\\\/\\\/indesa.com.pa\\\/en\\\/economic-research-and-advisory\\\/#breadcrumb\"},\"inLanguage\":\"en-US\",\"potentialAction\":[{\"@type\":\"ReadAction\",\"target\":[\"https:\\\/\\\/indesa.com.pa\\\/en\\\/economic-research-and-advisory\\\/\"]}]},{\"@type\":\"BreadcrumbList\",\"@id\":\"https:\\\/\\\/indesa.com.pa\\\/en\\\/economic-research-and-advisory\\\/#breadcrumb\",\"itemListElement\":[{\"@type\":\"ListItem\",\"position\":1,\"name\":\"Portada\",\"item\":\"http:\\\/\\\/indesa.com.pa\\\/en\\\/\"},{\"@type\":\"ListItem\",\"position\":2,\"name\":\"Economic Research and Advisory\"}]},{\"@type\":\"WebSite\",\"@id\":\"https:\\\/\\\/indesa.com.pa\\\/#website\",\"url\":\"https:\\\/\\\/indesa.com.pa\\\/\",\"name\":\"Indesa Panam\u00e1\",\"description\":\"An\u00e1lisis econ\u00f3mico y finanzas coporativas\",\"potentialAction\":[{\"@type\":\"SearchAction\",\"target\":{\"@type\":\"EntryPoint\",\"urlTemplate\":\"https:\\\/\\\/indesa.com.pa\\\/?s={search_term_string}\"},\"query-input\":{\"@type\":\"PropertyValueSpecification\",\"valueRequired\":true,\"valueName\":\"search_term_string\"}}],\"inLanguage\":\"en-US\"}]}<\/script>\n<!-- \/ Yoast SEO plugin. -->","yoast_head_json":{"title":"Economic Research and Advisory - Indesa Panam\u00e1","description":"%","robots":{"index":"index","follow":"follow","max-snippet":"max-snippet:-1","max-image-preview":"max-image-preview:large","max-video-preview":"max-video-preview:-1"},"canonical":"https:\/\/indesa.com.pa\/en\/economic-research-and-advisory\/","og_locale":"en_US","og_type":"article","og_title":"Economic Research and Advisory - Indesa Panam\u00e1","og_description":"%","og_url":"https:\/\/indesa.com.pa\/en\/economic-research-and-advisory\/","og_site_name":"Indesa Panam\u00e1","article_modified_time":"2018-11-27T19:21:02+00:00","og_image":[{"width":1200,"height":630,"url":"https:\/\/indesa.com.pa\/wp-content\/uploads\/2018\/12\/og.jpg","type":"image\/jpeg"}],"twitter_card":"summary_large_image","twitter_misc":{"Est. reading time":"2 minutes"},"schema":{"@context":"https:\/\/schema.org","@graph":[{"@type":"WebPage","@id":"https:\/\/indesa.com.pa\/en\/economic-research-and-advisory\/","url":"https:\/\/indesa.com.pa\/en\/economic-research-and-advisory\/","name":"Economic Research and Advisory - Indesa Panam\u00e1","isPartOf":{"@id":"https:\/\/indesa.com.pa\/#website"},"datePublished":"2018-11-07T14:37:32+00:00","dateModified":"2018-11-27T19:21:02+00:00","description":"%","breadcrumb":{"@id":"https:\/\/indesa.com.pa\/en\/economic-research-and-advisory\/#breadcrumb"},"inLanguage":"en-US","potentialAction":[{"@type":"ReadAction","target":["https:\/\/indesa.com.pa\/en\/economic-research-and-advisory\/"]}]},{"@type":"BreadcrumbList","@id":"https:\/\/indesa.com.pa\/en\/economic-research-and-advisory\/#breadcrumb","itemListElement":[{"@type":"ListItem","position":1,"name":"Portada","item":"http:\/\/indesa.com.pa\/en\/"},{"@type":"ListItem","position":2,"name":"Economic Research and Advisory"}]},{"@type":"WebSite","@id":"https:\/\/indesa.com.pa\/#website","url":"https:\/\/indesa.com.pa\/","name":"Indesa Panam\u00e1","description":"An\u00e1lisis econ\u00f3mico y finanzas coporativas","potentialAction":[{"@type":"SearchAction","target":{"@type":"EntryPoint","urlTemplate":"https:\/\/indesa.com.pa\/?s={search_term_string}"},"query-input":{"@type":"PropertyValueSpecification","valueRequired":true,"valueName":"search_term_string"}}],"inLanguage":"en-US"}]}},"_links":{"self":[{"href":"https:\/\/indesa.com.pa\/en\/wp-json\/wp\/v2\/pages\/3896","targetHints":{"allow":["GET"]}}],"collection":[{"href":"https:\/\/indesa.com.pa\/en\/wp-json\/wp\/v2\/pages"}],"about":[{"href":"https:\/\/indesa.com.pa\/en\/wp-json\/wp\/v2\/types\/page"}],"author":[{"embeddable":true,"href":"https:\/\/indesa.com.pa\/en\/wp-json\/wp\/v2\/users\/3"}],"replies":[{"embeddable":true,"href":"https:\/\/indesa.com.pa\/en\/wp-json\/wp\/v2\/comments?post=3896"}],"version-history":[{"count":5,"href":"https:\/\/indesa.com.pa\/en\/wp-json\/wp\/v2\/pages\/3896\/revisions"}],"predecessor-version":[{"id":4168,"href":"https:\/\/indesa.com.pa\/en\/wp-json\/wp\/v2\/pages\/3896\/revisions\/4168"}],"wp:attachment":[{"href":"https:\/\/indesa.com.pa\/en\/wp-json\/wp\/v2\/media?parent=3896"}],"curies":[{"name":"wp","href":"https:\/\/api.w.org\/{rel}","templated":true}]}}