{"id":3375,"date":"2018-07-16T17:46:53","date_gmt":"2018-07-16T17:46:53","guid":{"rendered":"https:\/\/indesa.com.pa\/historia\/"},"modified":"2018-11-07T18:11:30","modified_gmt":"2018-11-07T18:11:30","slug":"history","status":"publish","type":"page","link":"https:\/\/indesa.com.pa\/en\/history\/","title":{"rendered":"History"},"content":{"rendered":"<div class=\"wpb-content-wrapper\"><p>[vc_row css=&#8221;.vc_custom_1531763734611{padding-top: 60px !important;padding-bottom: 5px !important;}&#8221;][vc_column]<div class=\"title-section text-left style2\">\n\t\t<h1 class=\"title\">\n\t\t\tOUR FIRM\t\t\t\n\t\t<\/h1>\t\t\n\t\t\n\n\t<\/div>[\/vc_column][\/vc_row][vc_row css=&#8221;.vc_custom_1531772627938{padding-bottom: 50px !important;}&#8221;][vc_column width=&#8221;2\/3&#8243;][vc_column_text css=&#8221;.vc_custom_1541536840724{margin-bottom: 25px !important;}&#8221;]<\/p>\n<p style=\"text-align: justify;\">Indesa is a publicly held corporation founded in 1968 by professionals in the fields of economics, finance, and management with the vision of providing specialized economic and financial advisories.<\/p>\n<p>[\/vc_column_text][vc_column_text]<\/p>\n<p style=\"text-align: justify;\">With 50 years of experience in local and regional markets, Indesa is a leading firm in economic research and advisory, as well as financial and strategic advisory.<\/p>\n<p>[\/vc_column_text][vc_empty_space height=&#8221;15px&#8221;][vc_column_text el_class=&#8221;fw-6&#8243; css=&#8221;.vc_custom_1541537051338{margin-top: 25px !important;}&#8221;]INDESA OFFERS THE FOLLOWING SERVICES:[\/vc_column_text][vc_separator css=&#8221;.vc_custom_1531763419052{margin-top: 10px !important;}&#8221;][vc_column_text css=&#8221;.vc_custom_1541537163921{margin-top: 15px !important;}&#8221;]<\/p>\n<ul class=\"flat-list bullet_indesa\">\n<li>Economic Research &amp; Advisory<\/li>\n<li>Corporate Finance<\/li>\n<\/ul>\n<p>[\/vc_column_text][vc_empty_space height=&#8221;20px&#8221;][vc_column_text el_class=&#8221;fw-6&#8243; css=&#8221;.vc_custom_1541537423059{margin-top: 25px !important;}&#8221;]Our philosophy[\/vc_column_text][vc_separator css=&#8221;.vc_custom_1531763419052{margin-top: 10px !important;}&#8221;]<div class=\"flat-iconbox iconbox-medium left circle-outlined\">\n\t\t<div class=\"flat-iconbox-header\">\n\t\t\t<div class=\"flat-iconbox-icon\"><span class=\"typcn typcn-eye-outline\"><\/span><\/div>\n\t\t\t<h3 class=\"flat-iconbox-title\">Our Vision<\/h3>\n\t\t\t\n\t\t<\/div>\n\t\t<div class=\"flat-iconbox-content\">\n\t\t\tTo be the business partner of choice for investors and companies doing business in Panama and the region, assisting them in the development and execution of their financial strategies.\n\t\t\t\n\t\t<\/div>\n\t<\/div><div class=\"flat-iconbox iconbox-medium left circle-outlined\">\n\t\t<div class=\"flat-iconbox-header\">\n\t\t\t<div class=\"flat-iconbox-icon\"><span class=\"typcn typcn-location-arrow-outline\"><\/span><\/div>\n\t\t\t<h3 class=\"flat-iconbox-title\">Our Mission<\/h3>\n\t\t\t\n\t\t<\/div>\n\t\t<div class=\"flat-iconbox-content\">\n\t\t\tTo provide innovative solutions through our consulting services and superior financial advisory, enabling our clients to achieve their goals and maximize their return on capital. Our objective is to take advantage of our greatest strength: the experience and intellectual aptitude of our partners, directors, and advisors.\n\t\t\t\n\t\t<\/div>\n\t<\/div>[\/vc_column][vc_column width=&#8221;1\/3&#8243;][vc_single_image image=&#8221;1835&#8243; img_size=&#8221;full&#8221; alignment=&#8221;center&#8221;][\/vc_column][\/vc_row]<\/p>\n<\/div>","protected":false},"excerpt":{"rendered":"<p>[vc_row css=&#8221;.vc_custom_1531763734611{padding-top: 60px !important;padding-bottom: 5px !important;}&#8221;][vc_column][\/vc_column][\/vc_row][vc_row css=&#8221;.vc_custom_1531772627938{padding-bottom: 50px !important;}&#8221;][vc_column width=&#8221;2\/3&#8243;][vc_column_text css=&#8221;.vc_custom_1541536840724{margin-bottom: 25px !important;}&#8221;] Indesa is a publicly held corporation founded in 1968 by professionals in the fields of economics, finance, and management with the vision of providing specialized economic and financial advisories. [\/vc_column_text][vc_column_text] With 50 years of experience in local and [&hellip;]<\/p>\n","protected":false},"author":3,"featured_media":0,"parent":0,"menu_order":0,"comment_status":"closed","ping_status":"closed","template":"tpl\/front-page.php","meta":{"footnotes":""},"class_list":["post-3375","page","type-page","status-publish","hentry"],"yoast_head":"<!-- This site is optimized with the Yoast SEO plugin v27.3 - https:\/\/yoast.com\/product\/yoast-seo-wordpress\/ -->\n<title>Nuestra historia | Indesa Panam\u00e1<\/title>\n<meta name=\"description\" content=\"En 1968 un grupo de economistas y empresarios comprometidos con el desarrollo de Panam\u00e1 fundaron INDESA con el deseo de proveer servicios especializados de asesor\u00eda econ\u00f3mica y financiera.\" \/>\n<meta name=\"robots\" content=\"index, follow, max-snippet:-1, max-image-preview:large, max-video-preview:-1\" \/>\n<link rel=\"canonical\" href=\"https:\/\/indesa.com.pa\/en\/history\/\" \/>\n<meta property=\"og:locale\" content=\"en_US\" \/>\n<meta property=\"og:type\" content=\"article\" \/>\n<meta property=\"og:title\" content=\"Nuestra historia | Indesa Panam\u00e1\" \/>\n<meta property=\"og:description\" content=\"En 1968 un grupo de economistas y empresarios comprometidos con el desarrollo de Panam\u00e1 fundaron INDESA con el deseo de proveer servicios especializados de asesor\u00eda econ\u00f3mica y financiera.\" \/>\n<meta property=\"og:url\" content=\"https:\/\/indesa.com.pa\/en\/history\/\" \/>\n<meta property=\"og:site_name\" content=\"Indesa Panam\u00e1\" \/>\n<meta property=\"article:modified_time\" content=\"2018-11-07T18:11:30+00:00\" \/>\n<meta property=\"og:image\" content=\"https:\/\/indesa.com.pa\/wp-content\/uploads\/2018\/12\/og.jpg\" \/>\n\t<meta property=\"og:image:width\" content=\"1200\" \/>\n\t<meta property=\"og:image:height\" content=\"630\" \/>\n\t<meta property=\"og:image:type\" content=\"image\/jpeg\" \/>\n<meta name=\"twitter:card\" content=\"summary_large_image\" \/>\n<meta name=\"twitter:label1\" content=\"Est. reading time\" \/>\n\t<meta name=\"twitter:data1\" content=\"2 minutes\" \/>\n<script type=\"application\/ld+json\" class=\"yoast-schema-graph\">{\"@context\":\"https:\\\/\\\/schema.org\",\"@graph\":[{\"@type\":\"WebPage\",\"@id\":\"https:\\\/\\\/indesa.com.pa\\\/en\\\/history\\\/\",\"url\":\"https:\\\/\\\/indesa.com.pa\\\/en\\\/history\\\/\",\"name\":\"Nuestra historia | Indesa Panam\u00e1\",\"isPartOf\":{\"@id\":\"http:\\\/\\\/indesa.com.pa\\\/#website\"},\"datePublished\":\"2018-07-16T17:46:53+00:00\",\"dateModified\":\"2018-11-07T18:11:30+00:00\",\"description\":\"En 1968 un grupo de economistas y empresarios comprometidos con el desarrollo de Panam\u00e1 fundaron INDESA con el deseo de proveer servicios especializados de asesor\u00eda econ\u00f3mica y financiera.\",\"breadcrumb\":{\"@id\":\"https:\\\/\\\/indesa.com.pa\\\/en\\\/history\\\/#breadcrumb\"},\"inLanguage\":\"en-US\",\"potentialAction\":[{\"@type\":\"ReadAction\",\"target\":[\"https:\\\/\\\/indesa.com.pa\\\/en\\\/history\\\/\"]}]},{\"@type\":\"BreadcrumbList\",\"@id\":\"https:\\\/\\\/indesa.com.pa\\\/en\\\/history\\\/#breadcrumb\",\"itemListElement\":[{\"@type\":\"ListItem\",\"position\":1,\"name\":\"Portada\",\"item\":\"https:\\\/\\\/indesa.com.pa\\\/en\\\/\"},{\"@type\":\"ListItem\",\"position\":2,\"name\":\"History\"}]},{\"@type\":\"WebSite\",\"@id\":\"http:\\\/\\\/indesa.com.pa\\\/#website\",\"url\":\"http:\\\/\\\/indesa.com.pa\\\/\",\"name\":\"Indesa Panam\u00e1\",\"description\":\"An\u00e1lisis econ\u00f3mico y finanzas coporativas\",\"potentialAction\":[{\"@type\":\"SearchAction\",\"target\":{\"@type\":\"EntryPoint\",\"urlTemplate\":\"http:\\\/\\\/indesa.com.pa\\\/?s={search_term_string}\"},\"query-input\":{\"@type\":\"PropertyValueSpecification\",\"valueRequired\":true,\"valueName\":\"search_term_string\"}}],\"inLanguage\":\"en-US\"}]}<\/script>\n<!-- \/ Yoast SEO plugin. -->","yoast_head_json":{"title":"Nuestra historia | Indesa Panam\u00e1","description":"En 1968 un grupo de economistas y empresarios comprometidos con el desarrollo de Panam\u00e1 fundaron INDESA con el deseo de proveer servicios especializados de asesor\u00eda econ\u00f3mica y financiera.","robots":{"index":"index","follow":"follow","max-snippet":"max-snippet:-1","max-image-preview":"max-image-preview:large","max-video-preview":"max-video-preview:-1"},"canonical":"https:\/\/indesa.com.pa\/en\/history\/","og_locale":"en_US","og_type":"article","og_title":"Nuestra historia | Indesa Panam\u00e1","og_description":"En 1968 un grupo de economistas y empresarios comprometidos con el desarrollo de Panam\u00e1 fundaron INDESA con el deseo de proveer servicios especializados de asesor\u00eda econ\u00f3mica y financiera.","og_url":"https:\/\/indesa.com.pa\/en\/history\/","og_site_name":"Indesa Panam\u00e1","article_modified_time":"2018-11-07T18:11:30+00:00","og_image":[{"width":1200,"height":630,"url":"https:\/\/indesa.com.pa\/wp-content\/uploads\/2018\/12\/og.jpg","type":"image\/jpeg"}],"twitter_card":"summary_large_image","twitter_misc":{"Est. reading time":"2 minutes"},"schema":{"@context":"https:\/\/schema.org","@graph":[{"@type":"WebPage","@id":"https:\/\/indesa.com.pa\/en\/history\/","url":"https:\/\/indesa.com.pa\/en\/history\/","name":"Nuestra historia | Indesa Panam\u00e1","isPartOf":{"@id":"http:\/\/indesa.com.pa\/#website"},"datePublished":"2018-07-16T17:46:53+00:00","dateModified":"2018-11-07T18:11:30+00:00","description":"En 1968 un grupo de economistas y empresarios comprometidos con el desarrollo de Panam\u00e1 fundaron INDESA con el deseo de proveer servicios especializados de asesor\u00eda econ\u00f3mica y financiera.","breadcrumb":{"@id":"https:\/\/indesa.com.pa\/en\/history\/#breadcrumb"},"inLanguage":"en-US","potentialAction":[{"@type":"ReadAction","target":["https:\/\/indesa.com.pa\/en\/history\/"]}]},{"@type":"BreadcrumbList","@id":"https:\/\/indesa.com.pa\/en\/history\/#breadcrumb","itemListElement":[{"@type":"ListItem","position":1,"name":"Portada","item":"https:\/\/indesa.com.pa\/en\/"},{"@type":"ListItem","position":2,"name":"History"}]},{"@type":"WebSite","@id":"http:\/\/indesa.com.pa\/#website","url":"http:\/\/indesa.com.pa\/","name":"Indesa Panam\u00e1","description":"An\u00e1lisis econ\u00f3mico y finanzas coporativas","potentialAction":[{"@type":"SearchAction","target":{"@type":"EntryPoint","urlTemplate":"http:\/\/indesa.com.pa\/?s={search_term_string}"},"query-input":{"@type":"PropertyValueSpecification","valueRequired":true,"valueName":"search_term_string"}}],"inLanguage":"en-US"}]}},"_links":{"self":[{"href":"https:\/\/indesa.com.pa\/en\/wp-json\/wp\/v2\/pages\/3375","targetHints":{"allow":["GET"]}}],"collection":[{"href":"https:\/\/indesa.com.pa\/en\/wp-json\/wp\/v2\/pages"}],"about":[{"href":"https:\/\/indesa.com.pa\/en\/wp-json\/wp\/v2\/types\/page"}],"author":[{"embeddable":true,"href":"https:\/\/indesa.com.pa\/en\/wp-json\/wp\/v2\/users\/3"}],"replies":[{"embeddable":true,"href":"https:\/\/indesa.com.pa\/en\/wp-json\/wp\/v2\/comments?post=3375"}],"version-history":[{"count":5,"href":"https:\/\/indesa.com.pa\/en\/wp-json\/wp\/v2\/pages\/3375\/revisions"}],"predecessor-version":[{"id":3973,"href":"https:\/\/indesa.com.pa\/en\/wp-json\/wp\/v2\/pages\/3375\/revisions\/3973"}],"wp:attachment":[{"href":"https:\/\/indesa.com.pa\/en\/wp-json\/wp\/v2\/media?parent=3375"}],"curies":[{"name":"wp","href":"https:\/\/api.w.org\/{rel}","templated":true}]}}