{"id":3905,"date":"2018-11-07T14:58:36","date_gmt":"2018-11-07T14:58:36","guid":{"rendered":"https:\/\/indesa.com.pa\/?page_id=3905"},"modified":"2018-11-07T19:36:04","modified_gmt":"2018-11-07T19:36:04","slug":"corporate-finance","status":"publish","type":"page","link":"http:\/\/indesa.com.pa\/en\/corporate-finance\/","title":{"rendered":"Corporate Finance"},"content":{"rendered":"<div class=\"wpb-content-wrapper\"><p>[vc_row full_width=&#8221;stretch_row_content&#8221; full_height=&#8221;yes&#8221; columns_placement=&#8221;stretch&#8221; equal_height=&#8221;yes&#8221; css=&#8221;.vc_custom_1530728392021{padding-top: 0px !important;padding-bottom: 0px !important;background-color: #f7f7f7 !important;}&#8221; el_class=&#8221;img_bck_indesa&#8221;][vc_column width=&#8221;1\/3&#8243; css=&#8221;.vc_custom_1538817072347{padding-top: 0px !important;padding-right: 0px !important;padding-bottom: 0px !important;padding-left: 0px !important;background-image: url(https:\/\/indesa.com.pa\/wp-content\/uploads\/2018\/07\/charts-coffee-cup-938959.jpg?id=2268) !important;background-position: center !important;background-repeat: no-repeat !important;background-size: cover !important;}&#8221;][\/vc_column][vc_column width=&#8221;2\/3&#8243; css=&#8221;.vc_custom_1538698180046{padding-top: 50px !important;padding-bottom: 70px !important;}&#8221; el_class=&#8221;service-right&#8221;][vc_row_inner][vc_column_inner el_id=&#8221;finanzas&#8221; css=&#8221;.vc_custom_1531776924170{padding-top: 30px !important;padding-bottom: 30px !important;}&#8221;][vc_empty_space height=&#8221;30px&#8221;]<div class=\"title-section text-left style2\">\n\t\t<h1 class=\"title\">\n\t\t\tCorporate Finance\t\t\t\n\t\t<\/h1>\t\t\n\t\t\n\n\t<\/div>[\/vc_column_inner][\/vc_row_inner][vc_column_text css=&#8221;.vc_custom_1541602697018{margin-top: -25px !important;}&#8221;]<\/p>\n<p style=\"text-align: justify;\">Our ability to execute Corporate Finance advisories and projects is based on our solid relationships with financial groups, banks and investors, as well as in out capacity to offer value-added services based on an effective and structures execution.<\/p>\n<p>[\/vc_column_text][vc_empty_space][vc_column_text el_class=&#8221;fw-6&#8243;]CORPORATE FINANCE SERVICES[\/vc_column_text][vc_separator css=&#8221;.vc_custom_1531776258014{padding-top: 5px !important;padding-bottom: 15px !important;}&#8221;][vc_empty_space height=&#8221;15px&#8221;]<div class=\"flat-iconbox iconbox-medium left circle-outlined\">\n\t\t<div class=\"flat-iconbox-header\">\n\t\t\t<div class=\"flat-iconbox-icon\"><span class=\"typcn typcn-cog-outline\"><\/span><\/div>\n\t\t\t<h3 class=\"flat-iconbox-title\">Strategic and Financial Advisory<\/h3>\n\t\t\t\n\t\t<\/div>\n\t\t<div class=\"flat-iconbox-content\">\n\t\t\tIdentity initiatives that optimize the business value in acquisitions, business sales, reorganizations and other actions. \n\t\t\t\n\t\t<\/div>\n\t<\/div><div class=\"flat-iconbox iconbox-medium left circle-outlined\">\n\t\t<div class=\"flat-iconbox-header\">\n\t\t\t<div class=\"flat-iconbox-icon\"><span class=\"typcn typcn-input-checked-outline\"><\/span><\/div>\n\t\t\t<h3 class=\"flat-iconbox-title\">Valuations<\/h3>\n\t\t\t\n\t\t<\/div>\n\t\t<div class=\"flat-iconbox-content\">\n\t\t\tFairness opinions to public and private corporations, business units, assets, and investments\n\t\t\t\n\t\t<\/div>\n\t<\/div><div class=\"flat-iconbox iconbox-medium left circle-outlined\">\n\t\t<div class=\"flat-iconbox-header\">\n\t\t\t<div class=\"flat-iconbox-icon\"><span class=\"typcn typcn-chart-pie\"><\/span><\/div>\n\t\t\t<h3 class=\"flat-iconbox-title\">Fund Raising<\/h3>\n\t\t\t\n\t\t<\/div>\n\t\t<div class=\"flat-iconbox-content\">\n\t\t\tDevelop strategies to obtain funding sources in order to achieve the most optimal combination of debt and equity.\n\t\t\t\n\t\t<\/div>\n\t<\/div><div class=\"flat-iconbox iconbox-medium left circle-outlined\">\n\t\t<div class=\"flat-iconbox-header\">\n\t\t\t<div class=\"flat-iconbox-icon\"><span class=\"typcn typcn-arrow-shuffle\"><\/span><\/div>\n\t\t\t<h3 class=\"flat-iconbox-title\">Mergers and Acquisitions<\/h3>\n\t\t\t\n\t\t<\/div>\n\t\t<div class=\"flat-iconbox-content\">\n\t\t\tStrategical advisory in purchase execution, sale, merger, demerger, divestment and alliance of a company, in order to maximize the value and opportunities of out customers.<br \/>\n\n\t\t\t\n\t\t<\/div>\n\t<\/div><div class=\"flat-iconbox iconbox-medium left circle-outlined\">\n\t\t<div class=\"flat-iconbox-header\">\n\t\t\t<div class=\"flat-iconbox-icon\"><span class=\"typcn typcn-bookmark\"><\/span><\/div>\n\t\t\t<h3 class=\"flat-iconbox-title\">Equity intermediation<\/h3>\n\t\t\t\n\t\t<\/div>\n\t\t<div class=\"flat-iconbox-content\">\n\t\t\tMinority equity intermediation (buy-side and sell-side)\n\t\t\t\n\t\t<\/div>\n\t<\/div><div class=\"flat-iconbox iconbox-medium left circle-outlined\">\n\t\t<div class=\"flat-iconbox-header\">\n\t\t\t<div class=\"flat-iconbox-icon\"><span class=\"typcn typcn-book\"><\/span><\/div>\n\t\t\t<h5 class=\"flat-iconbox-title\">Asset Administration<\/h5>\n\t\t\t\n\t\t<\/div>\n\t\t<div class=\"flat-iconbox-content\">\n\t\t\tTogether with fund raising and structuring, we offer asset administration to maximize shareholders\u00b4 value.\n\t\t\t\n\t\t<\/div>\n\t<\/div>[\/vc_column][\/vc_row]<\/p>\n<\/div>","protected":false},"excerpt":{"rendered":"<p>[vc_row full_width=&#8221;stretch_row_content&#8221; full_height=&#8221;yes&#8221; columns_placement=&#8221;stretch&#8221; equal_height=&#8221;yes&#8221; css=&#8221;.vc_custom_1530728392021{padding-top: 0px !important;padding-bottom: 0px !important;background-color: #f7f7f7 !important;}&#8221; el_class=&#8221;img_bck_indesa&#8221;][vc_column width=&#8221;1\/3&#8243; css=&#8221;.vc_custom_1538817072347{padding-top: 0px !important;padding-right: 0px !important;padding-bottom: 0px !important;padding-left: 0px !important;background-image: url(https:\/\/indesa.com.pa\/wp-content\/uploads\/2018\/07\/charts-coffee-cup-938959.jpg?id=2268) !important;background-position: center !important;background-repeat: no-repeat !important;background-size: cover !important;}&#8221;][\/vc_column][vc_column width=&#8221;2\/3&#8243; css=&#8221;.vc_custom_1538698180046{padding-top: 50px !important;padding-bottom: 70px !important;}&#8221; el_class=&#8221;service-right&#8221;][vc_row_inner][vc_column_inner el_id=&#8221;finanzas&#8221; css=&#8221;.vc_custom_1531776924170{padding-top: 30px !important;padding-bottom: 30px !important;}&#8221;][vc_empty_space height=&#8221;30px&#8221;][\/vc_column_inner][\/vc_row_inner][vc_column_text css=&#8221;.vc_custom_1541602697018{margin-top: -25px !important;}&#8221;] Our ability to [&hellip;]<\/p>\n","protected":false},"author":3,"featured_media":0,"parent":0,"menu_order":0,"comment_status":"closed","ping_status":"closed","template":"tpl\/front-page.php","meta":{"footnotes":""},"class_list":["post-3905","page","type-page","status-publish","hentry"],"yoast_head":"<!-- This site is optimized with the Yoast SEO plugin v27.3 - https:\/\/yoast.com\/product\/yoast-seo-wordpress\/ -->\n<title>Corporate Finance - Indesa Panam\u00e1<\/title>\n<meta name=\"description\" content=\"%\" \/>\n<meta name=\"robots\" content=\"index, follow, max-snippet:-1, max-image-preview:large, max-video-preview:-1\" \/>\n<link rel=\"canonical\" href=\"https:\/\/indesa.com.pa\/en\/corporate-finance\/\" \/>\n<meta property=\"og:locale\" content=\"en_US\" \/>\n<meta property=\"og:type\" content=\"article\" \/>\n<meta property=\"og:title\" content=\"Corporate Finance - Indesa Panam\u00e1\" \/>\n<meta property=\"og:description\" content=\"%\" \/>\n<meta property=\"og:url\" content=\"https:\/\/indesa.com.pa\/en\/corporate-finance\/\" \/>\n<meta property=\"og:site_name\" content=\"Indesa Panam\u00e1\" \/>\n<meta property=\"article:modified_time\" content=\"2018-11-07T19:36:04+00:00\" \/>\n<meta property=\"og:image\" content=\"http:\/\/indesa.com.pa\/wp-content\/uploads\/2018\/12\/og.jpg\" \/>\n\t<meta property=\"og:image:width\" content=\"1200\" \/>\n\t<meta property=\"og:image:height\" content=\"630\" \/>\n\t<meta property=\"og:image:type\" content=\"image\/jpeg\" \/>\n<meta name=\"twitter:card\" content=\"summary_large_image\" \/>\n<meta name=\"twitter:label1\" content=\"Est. reading time\" \/>\n\t<meta name=\"twitter:data1\" content=\"2 minutes\" \/>\n<script type=\"application\/ld+json\" class=\"yoast-schema-graph\">{\"@context\":\"https:\\\/\\\/schema.org\",\"@graph\":[{\"@type\":\"WebPage\",\"@id\":\"https:\\\/\\\/indesa.com.pa\\\/en\\\/corporate-finance\\\/\",\"url\":\"https:\\\/\\\/indesa.com.pa\\\/en\\\/corporate-finance\\\/\",\"name\":\"Corporate Finance - Indesa Panam\u00e1\",\"isPartOf\":{\"@id\":\"http:\\\/\\\/indesa.com.pa\\\/#website\"},\"datePublished\":\"2018-11-07T14:58:36+00:00\",\"dateModified\":\"2018-11-07T19:36:04+00:00\",\"description\":\"%\",\"breadcrumb\":{\"@id\":\"https:\\\/\\\/indesa.com.pa\\\/en\\\/corporate-finance\\\/#breadcrumb\"},\"inLanguage\":\"en-US\",\"potentialAction\":[{\"@type\":\"ReadAction\",\"target\":[\"https:\\\/\\\/indesa.com.pa\\\/en\\\/corporate-finance\\\/\"]}]},{\"@type\":\"BreadcrumbList\",\"@id\":\"https:\\\/\\\/indesa.com.pa\\\/en\\\/corporate-finance\\\/#breadcrumb\",\"itemListElement\":[{\"@type\":\"ListItem\",\"position\":1,\"name\":\"Portada\",\"item\":\"https:\\\/\\\/indesa.com.pa\\\/en\\\/\"},{\"@type\":\"ListItem\",\"position\":2,\"name\":\"Corporate Finance\"}]},{\"@type\":\"WebSite\",\"@id\":\"http:\\\/\\\/indesa.com.pa\\\/#website\",\"url\":\"http:\\\/\\\/indesa.com.pa\\\/\",\"name\":\"Indesa Panam\u00e1\",\"description\":\"An\u00e1lisis econ\u00f3mico y finanzas coporativas\",\"potentialAction\":[{\"@type\":\"SearchAction\",\"target\":{\"@type\":\"EntryPoint\",\"urlTemplate\":\"http:\\\/\\\/indesa.com.pa\\\/?s={search_term_string}\"},\"query-input\":{\"@type\":\"PropertyValueSpecification\",\"valueRequired\":true,\"valueName\":\"search_term_string\"}}],\"inLanguage\":\"en-US\"}]}<\/script>\n<!-- \/ Yoast SEO plugin. -->","yoast_head_json":{"title":"Corporate Finance - Indesa Panam\u00e1","description":"%","robots":{"index":"index","follow":"follow","max-snippet":"max-snippet:-1","max-image-preview":"max-image-preview:large","max-video-preview":"max-video-preview:-1"},"canonical":"https:\/\/indesa.com.pa\/en\/corporate-finance\/","og_locale":"en_US","og_type":"article","og_title":"Corporate Finance - Indesa Panam\u00e1","og_description":"%","og_url":"https:\/\/indesa.com.pa\/en\/corporate-finance\/","og_site_name":"Indesa Panam\u00e1","article_modified_time":"2018-11-07T19:36:04+00:00","og_image":[{"width":1200,"height":630,"url":"http:\/\/indesa.com.pa\/wp-content\/uploads\/2018\/12\/og.jpg","type":"image\/jpeg"}],"twitter_card":"summary_large_image","twitter_misc":{"Est. reading time":"2 minutes"},"schema":{"@context":"https:\/\/schema.org","@graph":[{"@type":"WebPage","@id":"https:\/\/indesa.com.pa\/en\/corporate-finance\/","url":"https:\/\/indesa.com.pa\/en\/corporate-finance\/","name":"Corporate Finance - Indesa Panam\u00e1","isPartOf":{"@id":"http:\/\/indesa.com.pa\/#website"},"datePublished":"2018-11-07T14:58:36+00:00","dateModified":"2018-11-07T19:36:04+00:00","description":"%","breadcrumb":{"@id":"https:\/\/indesa.com.pa\/en\/corporate-finance\/#breadcrumb"},"inLanguage":"en-US","potentialAction":[{"@type":"ReadAction","target":["https:\/\/indesa.com.pa\/en\/corporate-finance\/"]}]},{"@type":"BreadcrumbList","@id":"https:\/\/indesa.com.pa\/en\/corporate-finance\/#breadcrumb","itemListElement":[{"@type":"ListItem","position":1,"name":"Portada","item":"https:\/\/indesa.com.pa\/en\/"},{"@type":"ListItem","position":2,"name":"Corporate Finance"}]},{"@type":"WebSite","@id":"http:\/\/indesa.com.pa\/#website","url":"http:\/\/indesa.com.pa\/","name":"Indesa Panam\u00e1","description":"An\u00e1lisis econ\u00f3mico y finanzas coporativas","potentialAction":[{"@type":"SearchAction","target":{"@type":"EntryPoint","urlTemplate":"http:\/\/indesa.com.pa\/?s={search_term_string}"},"query-input":{"@type":"PropertyValueSpecification","valueRequired":true,"valueName":"search_term_string"}}],"inLanguage":"en-US"}]}},"_links":{"self":[{"href":"http:\/\/indesa.com.pa\/en\/wp-json\/wp\/v2\/pages\/3905","targetHints":{"allow":["GET"]}}],"collection":[{"href":"http:\/\/indesa.com.pa\/en\/wp-json\/wp\/v2\/pages"}],"about":[{"href":"http:\/\/indesa.com.pa\/en\/wp-json\/wp\/v2\/types\/page"}],"author":[{"embeddable":true,"href":"http:\/\/indesa.com.pa\/en\/wp-json\/wp\/v2\/users\/3"}],"replies":[{"embeddable":true,"href":"http:\/\/indesa.com.pa\/en\/wp-json\/wp\/v2\/comments?post=3905"}],"version-history":[{"count":5,"href":"http:\/\/indesa.com.pa\/en\/wp-json\/wp\/v2\/pages\/3905\/revisions"}],"predecessor-version":[{"id":3985,"href":"http:\/\/indesa.com.pa\/en\/wp-json\/wp\/v2\/pages\/3905\/revisions\/3985"}],"wp:attachment":[{"href":"http:\/\/indesa.com.pa\/en\/wp-json\/wp\/v2\/media?parent=3905"}],"curies":[{"name":"wp","href":"https:\/\/api.w.org\/{rel}","templated":true}]}}