{"id":3876,"date":"2018-11-06T22:06:21","date_gmt":"2018-11-06T22:06:21","guid":{"rendered":"https:\/\/indesa.com.pa\/?page_id=3876"},"modified":"2025-03-08T13:49:54","modified_gmt":"2025-03-08T18:49:54","slug":"frederick-a-obediente","status":"publish","type":"page","link":"http:\/\/indesa.com.pa\/en\/frederick-a-obediente\/","title":{"rendered":"Frederick A. Obediente"},"content":{"rendered":"<div class=\"wpb-content-wrapper\"><p>[vc_row css=&#8221;.vc_custom_1531433183618{padding-top: 60px !important;padding-bottom: 40px !important;}&#8221;][vc_column]<div class=\"title-section text-left style2\">\n\t\t<h1 class=\"title\">\n\t\t\tFrederick A. Obediente\t\t\t\n\t\t<\/h1>\t\t\n\t\t\n\n\t<\/div>[vc_column_text el_class=&#8221;roll_job&#8221;]Managing Partner[\/vc_column_text][\/vc_column][vc_column width=&#8221;1\/2&#8243;][vc_column_text]<\/p>\n<p style=\"text-align: justify;\">Mr. Obediente has undergraduate degrees in Industrial Administration from Purdue University and in Commerce with an accounting specialization (CPA) from the Universidad Nacional de Panam\u00e1. He also possesses a MBA degree from Columbia University. Mr. Obediente is a Managing Partner of INDESA.<\/p>\n<p style=\"text-align: justify;\">For more than twenty-three years he has worked in the fields of finance and information technology, being appointed as Vice President of Banco Continental, assuming the leadership role in redesigning and integrating several bank processes and mergers. He has also been appointed CFO in Copa Airlines, Chairman and CEO of Telered, Senior Corporate Operations Officer at Citibank, and Finance Manager of IBM Panama.<\/p>\n<p style=\"text-align: justify;\">Mr. Obediente is currently a member of the Board of Directors of Telered, S.A. and Compa\u00f1\u00eda Inmobiliaria San Felipe, S.A.<\/p>\n<p>[\/vc_column_text][\/vc_column][vc_column width=&#8221;1\/2&#8243;][vc_single_image image=&#8221;5260&#8243; img_size=&#8221;400&#215;400&#8243; alignment=&#8221;center&#8221; css=&#8221;&#8221;][\/vc_column][\/vc_row]<\/p>\n<\/div>","protected":false},"excerpt":{"rendered":"<p>[vc_row css=&#8221;.vc_custom_1531433183618{padding-top: 60px !important;padding-bottom: 40px !important;}&#8221;][vc_column][vc_column_text el_class=&#8221;roll_job&#8221;]Managing Partner[\/vc_column_text][\/vc_column][vc_column width=&#8221;1\/2&#8243;][vc_column_text] Mr. Obediente has undergraduate degrees in Industrial Administration from Purdue University and in Commerce with an accounting specialization (CPA) from the Universidad Nacional de Panam\u00e1. He also possesses a MBA degree from Columbia University. Mr. Obediente is a Managing Partner of INDESA. [&hellip;]<\/p>\n","protected":false},"author":3,"featured_media":0,"parent":0,"menu_order":0,"comment_status":"closed","ping_status":"closed","template":"tpl\/front-page.php","meta":{"footnotes":""},"class_list":["post-3876","page","type-page","status-publish","hentry"],"yoast_head":"<!-- This site is optimized with the Yoast SEO plugin v27.3 - https:\/\/yoast.com\/product\/yoast-seo-wordpress\/ -->\n<title>Frederick A. Obediente - Indesa Panam\u00e1<\/title>\n<meta name=\"description\" content=\"%\" \/>\n<meta name=\"robots\" content=\"index, follow, max-snippet:-1, max-image-preview:large, max-video-preview:-1\" \/>\n<link rel=\"canonical\" href=\"https:\/\/indesa.com.pa\/en\/frederick-a-obediente\/\" \/>\n<meta property=\"og:locale\" content=\"en_US\" \/>\n<meta property=\"og:type\" content=\"article\" \/>\n<meta property=\"og:title\" content=\"Frederick A. Obediente - Indesa Panam\u00e1\" \/>\n<meta property=\"og:description\" content=\"%\" \/>\n<meta property=\"og:url\" content=\"https:\/\/indesa.com.pa\/en\/frederick-a-obediente\/\" \/>\n<meta property=\"og:site_name\" content=\"Indesa Panam\u00e1\" \/>\n<meta property=\"article:modified_time\" content=\"2025-03-08T18:49:54+00:00\" \/>\n<meta property=\"og:image\" content=\"http:\/\/indesa.com.pa\/wp-content\/uploads\/2018\/12\/og.jpg\" \/>\n\t<meta property=\"og:image:width\" content=\"1200\" \/>\n\t<meta property=\"og:image:height\" content=\"630\" \/>\n\t<meta property=\"og:image:type\" content=\"image\/jpeg\" \/>\n<meta name=\"twitter:card\" content=\"summary_large_image\" \/>\n<meta name=\"twitter:label1\" content=\"Est. reading time\" \/>\n\t<meta name=\"twitter:data1\" content=\"1 minute\" \/>\n<script type=\"application\/ld+json\" class=\"yoast-schema-graph\">{\"@context\":\"https:\\\/\\\/schema.org\",\"@graph\":[{\"@type\":\"WebPage\",\"@id\":\"https:\\\/\\\/indesa.com.pa\\\/en\\\/frederick-a-obediente\\\/\",\"url\":\"https:\\\/\\\/indesa.com.pa\\\/en\\\/frederick-a-obediente\\\/\",\"name\":\"Frederick A. Obediente - Indesa Panam\u00e1\",\"isPartOf\":{\"@id\":\"http:\\\/\\\/indesa.com.pa\\\/#website\"},\"datePublished\":\"2018-11-06T22:06:21+00:00\",\"dateModified\":\"2025-03-08T18:49:54+00:00\",\"description\":\"%\",\"breadcrumb\":{\"@id\":\"https:\\\/\\\/indesa.com.pa\\\/en\\\/frederick-a-obediente\\\/#breadcrumb\"},\"inLanguage\":\"en-US\",\"potentialAction\":[{\"@type\":\"ReadAction\",\"target\":[\"https:\\\/\\\/indesa.com.pa\\\/en\\\/frederick-a-obediente\\\/\"]}]},{\"@type\":\"BreadcrumbList\",\"@id\":\"https:\\\/\\\/indesa.com.pa\\\/en\\\/frederick-a-obediente\\\/#breadcrumb\",\"itemListElement\":[{\"@type\":\"ListItem\",\"position\":1,\"name\":\"Portada\",\"item\":\"https:\\\/\\\/indesa.com.pa\\\/en\\\/\"},{\"@type\":\"ListItem\",\"position\":2,\"name\":\"Frederick A. Obediente\"}]},{\"@type\":\"WebSite\",\"@id\":\"http:\\\/\\\/indesa.com.pa\\\/#website\",\"url\":\"http:\\\/\\\/indesa.com.pa\\\/\",\"name\":\"Indesa Panam\u00e1\",\"description\":\"An\u00e1lisis econ\u00f3mico y finanzas coporativas\",\"potentialAction\":[{\"@type\":\"SearchAction\",\"target\":{\"@type\":\"EntryPoint\",\"urlTemplate\":\"http:\\\/\\\/indesa.com.pa\\\/?s={search_term_string}\"},\"query-input\":{\"@type\":\"PropertyValueSpecification\",\"valueRequired\":true,\"valueName\":\"search_term_string\"}}],\"inLanguage\":\"en-US\"}]}<\/script>\n<!-- \/ Yoast SEO plugin. -->","yoast_head_json":{"title":"Frederick A. Obediente - Indesa Panam\u00e1","description":"%","robots":{"index":"index","follow":"follow","max-snippet":"max-snippet:-1","max-image-preview":"max-image-preview:large","max-video-preview":"max-video-preview:-1"},"canonical":"https:\/\/indesa.com.pa\/en\/frederick-a-obediente\/","og_locale":"en_US","og_type":"article","og_title":"Frederick A. Obediente - Indesa Panam\u00e1","og_description":"%","og_url":"https:\/\/indesa.com.pa\/en\/frederick-a-obediente\/","og_site_name":"Indesa Panam\u00e1","article_modified_time":"2025-03-08T18:49:54+00:00","og_image":[{"width":1200,"height":630,"url":"http:\/\/indesa.com.pa\/wp-content\/uploads\/2018\/12\/og.jpg","type":"image\/jpeg"}],"twitter_card":"summary_large_image","twitter_misc":{"Est. reading time":"1 minute"},"schema":{"@context":"https:\/\/schema.org","@graph":[{"@type":"WebPage","@id":"https:\/\/indesa.com.pa\/en\/frederick-a-obediente\/","url":"https:\/\/indesa.com.pa\/en\/frederick-a-obediente\/","name":"Frederick A. Obediente - Indesa Panam\u00e1","isPartOf":{"@id":"http:\/\/indesa.com.pa\/#website"},"datePublished":"2018-11-06T22:06:21+00:00","dateModified":"2025-03-08T18:49:54+00:00","description":"%","breadcrumb":{"@id":"https:\/\/indesa.com.pa\/en\/frederick-a-obediente\/#breadcrumb"},"inLanguage":"en-US","potentialAction":[{"@type":"ReadAction","target":["https:\/\/indesa.com.pa\/en\/frederick-a-obediente\/"]}]},{"@type":"BreadcrumbList","@id":"https:\/\/indesa.com.pa\/en\/frederick-a-obediente\/#breadcrumb","itemListElement":[{"@type":"ListItem","position":1,"name":"Portada","item":"https:\/\/indesa.com.pa\/en\/"},{"@type":"ListItem","position":2,"name":"Frederick A. Obediente"}]},{"@type":"WebSite","@id":"http:\/\/indesa.com.pa\/#website","url":"http:\/\/indesa.com.pa\/","name":"Indesa Panam\u00e1","description":"An\u00e1lisis econ\u00f3mico y finanzas coporativas","potentialAction":[{"@type":"SearchAction","target":{"@type":"EntryPoint","urlTemplate":"http:\/\/indesa.com.pa\/?s={search_term_string}"},"query-input":{"@type":"PropertyValueSpecification","valueRequired":true,"valueName":"search_term_string"}}],"inLanguage":"en-US"}]}},"_links":{"self":[{"href":"http:\/\/indesa.com.pa\/en\/wp-json\/wp\/v2\/pages\/3876","targetHints":{"allow":["GET"]}}],"collection":[{"href":"http:\/\/indesa.com.pa\/en\/wp-json\/wp\/v2\/pages"}],"about":[{"href":"http:\/\/indesa.com.pa\/en\/wp-json\/wp\/v2\/types\/page"}],"author":[{"embeddable":true,"href":"http:\/\/indesa.com.pa\/en\/wp-json\/wp\/v2\/users\/3"}],"replies":[{"embeddable":true,"href":"http:\/\/indesa.com.pa\/en\/wp-json\/wp\/v2\/comments?post=3876"}],"version-history":[{"count":4,"href":"http:\/\/indesa.com.pa\/en\/wp-json\/wp\/v2\/pages\/3876\/revisions"}],"predecessor-version":[{"id":5264,"href":"http:\/\/indesa.com.pa\/en\/wp-json\/wp\/v2\/pages\/3876\/revisions\/5264"}],"wp:attachment":[{"href":"http:\/\/indesa.com.pa\/en\/wp-json\/wp\/v2\/media?parent=3876"}],"curies":[{"name":"wp","href":"https:\/\/api.w.org\/{rel}","templated":true}]}}