{"id":3860,"date":"2018-11-06T21:34:17","date_gmt":"2018-11-06T21:34:17","guid":{"rendered":"https:\/\/indesa.com.pa\/?page_id=3860"},"modified":"2018-11-06T21:34:17","modified_gmt":"2018-11-06T21:34:17","slug":"marco-a-fernandez","status":"publish","type":"page","link":"http:\/\/indesa.com.pa\/en\/marco-a-fernandez\/","title":{"rendered":"Marco A. Fern\u00e1ndez"},"content":{"rendered":"<div class=\"wpb-content-wrapper\"><p>[vc_row css=&#8221;.vc_custom_1531433183618{padding-top: 60px !important;padding-bottom: 40px !important;}&#8221;][vc_column]<div class=\"title-section text-left style2\">\n\t\t<h1 class=\"title\">\n\t\t\tMarco A. Fern\u00e1ndez\t\t\t\n\t\t<\/h1>\t\t\n\t\t\n\n\t<\/div>[vc_column_text el_class=&#8221;roll_job&#8221;]Partner[\/vc_column_text][\/vc_column][vc_column width=&#8221;1\/2&#8243;][vc_column_text]Economist graduated from the Universidad de Los Andes and Ph.D. in Economics from the University of Manitoba. Dr. Fernandez has been a visiting professor of the INCAE Business School since 1989 and member of several Boards of Directors.<\/p>\n<p>Member of the Board of Advisors and Partner of INDESA. For the last twenty-five years Dr. Fernandez has provided analysis of the business climate of Panama and of other Latin American countries.<\/p>\n<p>He has published several articles and papers on dollarization, fiscal sustainability, international financial integration and business strategies for financial institutions.[\/vc_column_text][\/vc_column][vc_column width=&#8221;1\/2&#8243;][vc_single_image image=&#8221;2189&#8243; img_size=&#8221;353&#215;265&#8243; alignment=&#8221;center&#8221;][\/vc_column][\/vc_row]<\/p>\n<\/div>","protected":false},"excerpt":{"rendered":"<p>[vc_row css=&#8221;.vc_custom_1531433183618{padding-top: 60px !important;padding-bottom: 40px !important;}&#8221;][vc_column][vc_column_text el_class=&#8221;roll_job&#8221;]Partner[\/vc_column_text][\/vc_column][vc_column width=&#8221;1\/2&#8243;][vc_column_text]Economist graduated from the Universidad de Los Andes and Ph.D. in Economics from the University of Manitoba. Dr. Fernandez has been a visiting professor of the INCAE Business School since 1989 and member of several Boards of Directors. Member of the Board of Advisors [&hellip;]<\/p>\n","protected":false},"author":3,"featured_media":0,"parent":0,"menu_order":0,"comment_status":"closed","ping_status":"closed","template":"tpl\/front-page.php","meta":{"footnotes":""},"class_list":["post-3860","page","type-page","status-publish","hentry"],"yoast_head":"<!-- This site is optimized with the Yoast SEO plugin v27.3 - https:\/\/yoast.com\/product\/yoast-seo-wordpress\/ -->\n<title>Marco A. Fern\u00e1ndez - Indesa Panam\u00e1<\/title>\n<meta name=\"description\" content=\"%\" \/>\n<meta name=\"robots\" content=\"index, follow, max-snippet:-1, max-image-preview:large, max-video-preview:-1\" \/>\n<link rel=\"canonical\" href=\"http:\/\/indesa.com.pa\/en\/marco-a-fernandez\/\" \/>\n<meta property=\"og:locale\" content=\"en_US\" \/>\n<meta property=\"og:type\" content=\"article\" \/>\n<meta property=\"og:title\" content=\"Marco A. Fern\u00e1ndez - Indesa Panam\u00e1\" \/>\n<meta property=\"og:description\" content=\"%\" \/>\n<meta property=\"og:url\" content=\"http:\/\/indesa.com.pa\/en\/marco-a-fernandez\/\" \/>\n<meta property=\"og:site_name\" content=\"Indesa Panam\u00e1\" \/>\n<meta property=\"og:image\" content=\"http:\/\/indesa.com.pa\/wp-content\/uploads\/2018\/12\/og.jpg\" \/>\n\t<meta property=\"og:image:width\" content=\"1200\" \/>\n\t<meta property=\"og:image:height\" content=\"630\" \/>\n\t<meta property=\"og:image:type\" content=\"image\/jpeg\" \/>\n<meta name=\"twitter:card\" content=\"summary_large_image\" \/>\n<meta name=\"twitter:label1\" content=\"Est. reading time\" \/>\n\t<meta name=\"twitter:data1\" content=\"1 minute\" \/>\n<script type=\"application\/ld+json\" class=\"yoast-schema-graph\">{\"@context\":\"https:\\\/\\\/schema.org\",\"@graph\":[{\"@type\":\"WebPage\",\"@id\":\"http:\\\/\\\/indesa.com.pa\\\/en\\\/marco-a-fernandez\\\/\",\"url\":\"http:\\\/\\\/indesa.com.pa\\\/en\\\/marco-a-fernandez\\\/\",\"name\":\"Marco A. Fern\u00e1ndez - Indesa Panam\u00e1\",\"isPartOf\":{\"@id\":\"http:\\\/\\\/indesa.com.pa\\\/#website\"},\"datePublished\":\"2018-11-06T21:34:17+00:00\",\"description\":\"%\",\"breadcrumb\":{\"@id\":\"http:\\\/\\\/indesa.com.pa\\\/en\\\/marco-a-fernandez\\\/#breadcrumb\"},\"inLanguage\":\"en-US\",\"potentialAction\":[{\"@type\":\"ReadAction\",\"target\":[\"http:\\\/\\\/indesa.com.pa\\\/en\\\/marco-a-fernandez\\\/\"]}]},{\"@type\":\"BreadcrumbList\",\"@id\":\"http:\\\/\\\/indesa.com.pa\\\/en\\\/marco-a-fernandez\\\/#breadcrumb\",\"itemListElement\":[{\"@type\":\"ListItem\",\"position\":1,\"name\":\"Portada\",\"item\":\"http:\\\/\\\/indesa.com.pa\\\/en\\\/\"},{\"@type\":\"ListItem\",\"position\":2,\"name\":\"Marco A. Fern\u00e1ndez\"}]},{\"@type\":\"WebSite\",\"@id\":\"http:\\\/\\\/indesa.com.pa\\\/#website\",\"url\":\"http:\\\/\\\/indesa.com.pa\\\/\",\"name\":\"Indesa Panam\u00e1\",\"description\":\"An\u00e1lisis econ\u00f3mico y finanzas coporativas\",\"potentialAction\":[{\"@type\":\"SearchAction\",\"target\":{\"@type\":\"EntryPoint\",\"urlTemplate\":\"http:\\\/\\\/indesa.com.pa\\\/?s={search_term_string}\"},\"query-input\":{\"@type\":\"PropertyValueSpecification\",\"valueRequired\":true,\"valueName\":\"search_term_string\"}}],\"inLanguage\":\"en-US\"}]}<\/script>\n<!-- \/ Yoast SEO plugin. -->","yoast_head_json":{"title":"Marco A. Fern\u00e1ndez - Indesa Panam\u00e1","description":"%","robots":{"index":"index","follow":"follow","max-snippet":"max-snippet:-1","max-image-preview":"max-image-preview:large","max-video-preview":"max-video-preview:-1"},"canonical":"http:\/\/indesa.com.pa\/en\/marco-a-fernandez\/","og_locale":"en_US","og_type":"article","og_title":"Marco A. Fern\u00e1ndez - Indesa Panam\u00e1","og_description":"%","og_url":"http:\/\/indesa.com.pa\/en\/marco-a-fernandez\/","og_site_name":"Indesa Panam\u00e1","og_image":[{"width":1200,"height":630,"url":"http:\/\/indesa.com.pa\/wp-content\/uploads\/2018\/12\/og.jpg","type":"image\/jpeg"}],"twitter_card":"summary_large_image","twitter_misc":{"Est. reading time":"1 minute"},"schema":{"@context":"https:\/\/schema.org","@graph":[{"@type":"WebPage","@id":"http:\/\/indesa.com.pa\/en\/marco-a-fernandez\/","url":"http:\/\/indesa.com.pa\/en\/marco-a-fernandez\/","name":"Marco A. Fern\u00e1ndez - Indesa Panam\u00e1","isPartOf":{"@id":"http:\/\/indesa.com.pa\/#website"},"datePublished":"2018-11-06T21:34:17+00:00","description":"%","breadcrumb":{"@id":"http:\/\/indesa.com.pa\/en\/marco-a-fernandez\/#breadcrumb"},"inLanguage":"en-US","potentialAction":[{"@type":"ReadAction","target":["http:\/\/indesa.com.pa\/en\/marco-a-fernandez\/"]}]},{"@type":"BreadcrumbList","@id":"http:\/\/indesa.com.pa\/en\/marco-a-fernandez\/#breadcrumb","itemListElement":[{"@type":"ListItem","position":1,"name":"Portada","item":"http:\/\/indesa.com.pa\/en\/"},{"@type":"ListItem","position":2,"name":"Marco A. Fern\u00e1ndez"}]},{"@type":"WebSite","@id":"http:\/\/indesa.com.pa\/#website","url":"http:\/\/indesa.com.pa\/","name":"Indesa Panam\u00e1","description":"An\u00e1lisis econ\u00f3mico y finanzas coporativas","potentialAction":[{"@type":"SearchAction","target":{"@type":"EntryPoint","urlTemplate":"http:\/\/indesa.com.pa\/?s={search_term_string}"},"query-input":{"@type":"PropertyValueSpecification","valueRequired":true,"valueName":"search_term_string"}}],"inLanguage":"en-US"}]}},"_links":{"self":[{"href":"http:\/\/indesa.com.pa\/en\/wp-json\/wp\/v2\/pages\/3860","targetHints":{"allow":["GET"]}}],"collection":[{"href":"http:\/\/indesa.com.pa\/en\/wp-json\/wp\/v2\/pages"}],"about":[{"href":"http:\/\/indesa.com.pa\/en\/wp-json\/wp\/v2\/types\/page"}],"author":[{"embeddable":true,"href":"http:\/\/indesa.com.pa\/en\/wp-json\/wp\/v2\/users\/3"}],"replies":[{"embeddable":true,"href":"http:\/\/indesa.com.pa\/en\/wp-json\/wp\/v2\/comments?post=3860"}],"version-history":[{"count":2,"href":"http:\/\/indesa.com.pa\/en\/wp-json\/wp\/v2\/pages\/3860\/revisions"}],"predecessor-version":[{"id":3862,"href":"http:\/\/indesa.com.pa\/en\/wp-json\/wp\/v2\/pages\/3860\/revisions\/3862"}],"wp:attachment":[{"href":"http:\/\/indesa.com.pa\/en\/wp-json\/wp\/v2\/media?parent=3860"}],"curies":[{"name":"wp","href":"https:\/\/api.w.org\/{rel}","templated":true}]}}