{"id":3830,"date":"2018-11-06T18:12:28","date_gmt":"2018-11-06T18:12:28","guid":{"rendered":"https:\/\/indesa.com.pa\/?page_id=3830"},"modified":"2025-03-08T13:50:25","modified_gmt":"2025-03-08T18:50:25","slug":"team","status":"publish","type":"page","link":"http:\/\/indesa.com.pa\/en\/team\/","title":{"rendered":"Team"},"content":{"rendered":"<div class=\"wpb-content-wrapper\"><p>[vc_row css=&#8221;.vc_custom_1531849805282{padding-top: 60px !important;padding-bottom: 60px !important;}&#8221;][vc_column]<div class=\"title-section text-left style2\">\n\t\t<h1 class=\"title\">\n\t\t\tOur Team\t\t\t\n\t\t<\/h1>\t\t\n\t\t\n\n\t<\/div>[vc_column_text el_class=&#8221;lead&#8221;]One of our main values is our commitment to our clients. Our experienced team will address your requests.<br \/>\n[\/vc_column_text][vc_separator css=&#8221;.vc_custom_1531849795357{padding-top: 45px !important;padding-bottom: 45px !important;}&#8221;][vc_tta_tour active_section=&#8221;1&#8243; el_class=&#8221;customs_indesa_tabs&#8221;][vc_tta_section title=&#8221;Board of Advisors&#8221; tab_id=&#8221;1530646424148-7f55a7ee-b2f9&#8243;][vc_row_inner css=&#8221;.vc_custom_1530304593771{padding-right: 10px !important;padding-left: 10px !important;}&#8221;][vc_column_inner width=&#8221;5\/12&#8243; css=&#8221;.vc_custom_1532980191678{margin-bottom: 40px !important;}&#8221;]\n\t\t<div class=\"flat-team btn_custom team-grid has-image\">\n\t\t\t\n\t\t\t<div class=\"team-image\">\n\t\t\t\t<img decoding=\"async\" src=\"http:\/\/indesa.com.pa\/wp-content\/uploads\/2018\/07\/guillermo_fit.jpg\" alt=\"Guillermo O. Chapman, Jr.\" \/>\n\t\t\t<\/div>\n\t\t\n\t\t\t<div class=\"team-info\">\n\t\t\t\t<h3 class=\"team-name\">Guillermo O. Chapman, Jr.<\/h3><div class=\"team-subtitle\">Senior Partner<\/div>\n\t\t\t\t<div class=\"team-desc\"><\/div>\n\t\t\t\t\n\t\t\t\t\n\t\t\t<p class=\"box-readmore\">\n\t\t\t\t<a href=\"\/en\/guillermo-o-chapman-jr\/\" class=\"custom_plus\">+<\/a>\n\t\t\t<\/p>\n\t\t\t<\/div>\n\t\t<\/div>\n\t[\/vc_column_inner][vc_column_inner width=&#8221;5\/12&#8243;]\n\t\t<div class=\"flat-team btn_custom team-grid has-image\">\n\t\t\t\n\t\t\t<div class=\"team-image\">\n\t\t\t\t<img decoding=\"async\" src=\"http:\/\/indesa.com.pa\/wp-content\/uploads\/2018\/07\/marcoF-1.jpg\" alt=\"Marco A. Fern\u00e1ndez\" \/>\n\t\t\t<\/div>\n\t\t\n\t\t\t<div class=\"team-info\">\n\t\t\t\t<h3 class=\"team-name\">Marco A. Fern\u00e1ndez<\/h3><div class=\"team-subtitle\">Partner<\/div>\n\t\t\t\t<div class=\"team-desc\"><\/div>\n\t\t\t\t\n\t\t\t\t\n\t\t\t<p class=\"box-readmore\">\n\t\t\t\t<a href=\"\/en\/marco-a-fernandez\/\" class=\"custom_plus\">+<\/a>\n\t\t\t<\/p>\n\t\t\t<\/div>\n\t\t<\/div>\n\t[\/vc_column_inner][\/vc_row_inner][\/vc_tta_section][vc_tta_section title=&#8221;Executives&#8221; tab_id=&#8221;1530646467012-be7c3096-bf7f&#8221; el_class=&#8221;empty_space&#8221;][vc_row_inner css=&#8221;.vc_custom_1530653738678{margin-top: 0px !important;}&#8221;][vc_column_inner width=&#8221;1\/3&#8243; css=&#8221;.vc_custom_1530654894748{margin-bottom: 20px !important;}&#8221;]\n\t\t<div class=\"flat-team btn_custom team-grid has-image\">\n\t\t\t\n\t\t\t<div class=\"team-image\">\n\t\t\t\t<img decoding=\"async\" src=\"http:\/\/indesa.com.pa\/wp-content\/uploads\/2021\/10\/navarro.jpg\" alt=\"Luis A. Navarro\" \/>\n\t\t\t<\/div>\n\t\t\n\t\t\t<div class=\"team-info\">\n\t\t\t\t<h3 class=\"team-name\">Luis A. Navarro<\/h3><div class=\"team-subtitle\">Managing Partner<\/div>\n\t\t\t\t<div class=\"team-desc\"><\/div>\n\t\t\t\t<div class=\"social-links\"> <a href=\"https:\/\/www.linkedin.com\/in\/luis-antonio-navarro-linares-30143639\" data-title=\"LinkedIn\" class=\"linkedin\"><i class=\"fa fa-linkedin\"><\/i><\/a><\/div>\n\t\t\t\t\n\t\t\t<p class=\"box-readmore\">\n\t\t\t\t<a href=\"\/en\/luis-a-navarro\/\" class=\"custom_plus\">+<\/a>\n\t\t\t<\/p>\n\t\t\t<\/div>\n\t\t<\/div>\n\t[\/vc_column_inner][vc_column_inner width=&#8221;1\/3&#8243; css=&#8221;.vc_custom_1530652654969{margin-bottom: 20px !important;}&#8221;]\n\t\t<div class=\"flat-team btn_custom team-grid has-image\">\n\t\t\t\n\t\t\t<div class=\"team-image\">\n\t\t\t\t<img decoding=\"async\" src=\"http:\/\/indesa.com.pa\/wp-content\/uploads\/2025\/03\/Fred_obediente.jpeg\" alt=\"Frederick A. Obediente\" \/>\n\t\t\t<\/div>\n\t\t\n\t\t\t<div class=\"team-info\">\n\t\t\t\t<h3 class=\"team-name\">Frederick A. Obediente<\/h3><div class=\"team-subtitle\">Managing Partner<\/div>\n\t\t\t\t<div class=\"team-desc\"><\/div>\n\t\t\t\t<div class=\"social-links\"> <a href=\"https:\/\/www.linkedin.com\/in\/fred-obediente-50a6b838\/\" data-title=\"LinkedIn\" class=\"linkedin\"><i class=\"fa fa-linkedin\"><\/i><\/a><\/div>\n\t\t\t\t\n\t\t\t<p class=\"box-readmore\">\n\t\t\t\t<a href=\"\/en\/frederick-a-obediente\/\" class=\"custom_plus\">+<\/a>\n\t\t\t<\/p>\n\t\t\t<\/div>\n\t\t<\/div>\n\t[\/vc_column_inner][vc_column_inner width=&#8221;1\/3&#8243; css=&#8221;.vc_custom_1530652648550{margin-bottom: 20px !important;}&#8221;]\n\t\t<div class=\"flat-team btn_custom team-grid has-image\">\n\t\t\t\n\t\t\t<div class=\"team-image\">\n\t\t\t\t<img decoding=\"async\" src=\"http:\/\/indesa.com.pa\/wp-content\/uploads\/2024\/07\/alex-diamond-update-e1720202365687.jpg\" alt=\"Alex Diamond\" \/>\n\t\t\t<\/div>\n\t\t\n\t\t\t<div class=\"team-info\">\n\t\t\t\t<h3 class=\"team-name\">Alex Diamond<\/h3><div class=\"team-subtitle\">Managing Partner<\/div>\n\t\t\t\t<div class=\"team-desc\"><\/div>\n\t\t\t\t<div class=\"social-links\"> <a href=\"https:\/\/www.linkedin.com\/in\/alex-diamond-67991b23\" data-title=\"LinkedIn\" class=\"linkedin\"><i class=\"fa fa-linkedin\"><\/i><\/a><\/div>\n\t\t\t\t\n\t\t\t<p class=\"box-readmore\">\n\t\t\t\t<a href=\"\/en\/alex-diamond\/\" class=\"custom_plus\">+<\/a>\n\t\t\t<\/p>\n\t\t\t<\/div>\n\t\t<\/div>\n\t[\/vc_column_inner][vc_column_inner width=&#8221;1\/3&#8243;][\/vc_column_inner][vc_column_inner width=&#8221;1\/3&#8243;][\/vc_column_inner][\/vc_row_inner][\/vc_tta_section][\/vc_tta_tour][vc_empty_space height=&#8221;24px&#8221;]<div class=\"title-section text-left style2\">\n\t\t<h1 class=\"title\">\n\t\t\tBoard of Directors\t\t\t\n\t\t<\/h1>\t\t\n\t\t\n\n\t<\/div>[vc_separator css=&#8221;.vc_custom_1533584678080{padding-top: 45px !important;padding-bottom: 45px !important;}&#8221; el_class=&#8221;lit-space&#8221;][vc_row_inner css=&#8221;.vc_custom_1530304575579{padding-right: 10px !important;padding-left: 10px !important;}&#8221;][vc_column_inner width=&#8221;1\/3&#8243;]\n\t\t<div class=\"flat-team bcg_grey\">\n\t\t\t\n\t\t\t<div class=\"team-info\">\n\t\t\t\t<h3 class=\"team-name\">Frederick A. Obediente<\/h3><div class=\"team-subtitle\">Chairman<\/div>\n\t\t\t\t<div class=\"team-desc\"><\/div>\n\t\t\t\t\n\t\t\t\t\n\t\t\t<\/div>\n\t\t<\/div>\n\t[\/vc_column_inner][vc_column_inner width=&#8221;1\/3&#8243;]\n\t\t<div class=\"flat-team bcg_grey\">\n\t\t\t\n\t\t\t<div class=\"team-info\">\n\t\t\t\t<h3 class=\"team-name\">Luis A. Navarro<\/h3><div class=\"team-subtitle\">Vice Chairman - Treasurer<\/div>\n\t\t\t\t<div class=\"team-desc\"><\/div>\n\t\t\t\t\n\t\t\t\t\n\t\t\t<\/div>\n\t\t<\/div>\n\t[\/vc_column_inner][vc_column_inner width=&#8221;1\/3&#8243;]\n\t\t<div class=\"flat-team bcg_grey\">\n\t\t\t\n\t\t\t<div class=\"team-info\">\n\t\t\t\t<h3 class=\"team-name\">Alex Diamond<\/h3><div class=\"team-subtitle\">Secretary<\/div>\n\t\t\t\t<div class=\"team-desc\"><\/div>\n\t\t\t\t\n\t\t\t\t\n\t\t\t<\/div>\n\t\t<\/div>\n\t[\/vc_column_inner][\/vc_row_inner][\/vc_column][\/vc_row][vc_row disable_element=&#8221;yes&#8221;][vc_column][vc_empty_space height=&#8221;30px&#8221;]<div class=\"title-section text-left style2\">\n\t\t<h1 class=\"title\">\n\t\t\tEQUIPO\t\t\t\n\t\t<\/h1>\t\t\n\t\t\n\n\t<\/div>[vc_empty_space height=&#8221;15px&#8221;][vc_tta_tabs active_section=&#8221;1&#8243; el_class=&#8221;customs_indesa_tabs&#8221;][vc_tta_section title=&#8221;Junta Directiva&#8221; tab_id=&#8221;1530554612144-e4fcefa8-bb5d&#8221;][vc_row_inner css=&#8221;.vc_custom_1530304575579{padding-right: 10px !important;padding-left: 10px !important;}&#8221;][vc_column_inner width=&#8221;1\/3&#8243;]\n\t\t<div class=\"flat-team \">\n\t\t\t\n\t\t\t<div class=\"team-info\">\n\t\t\t\t<h3 class=\"team-name\">Felipe Chapman<\/h3><div class=\"team-subtitle\">Presidente<\/div>\n\t\t\t\t<div class=\"team-desc\"><\/div>\n\t\t\t\t\n\t\t\t\t\n\t\t\t<\/div>\n\t\t<\/div>\n\t[\/vc_column_inner][vc_column_inner width=&#8221;1\/3&#8243;]\n\t\t<div class=\"flat-team \">\n\t\t\t\n\t\t\t<div class=\"team-info\">\n\t\t\t\t<h3 class=\"team-name\">Luis A. Navarro<\/h3><div class=\"team-subtitle\">Vicepresidente<\/div>\n\t\t\t\t<div class=\"team-desc\"><\/div>\n\t\t\t\t\n\t\t\t\t\n\t\t\t<\/div>\n\t\t<\/div>\n\t[\/vc_column_inner][vc_column_inner width=&#8221;1\/3&#8243;]\n\t\t<div class=\"flat-team \">\n\t\t\t\n\t\t\t<div class=\"team-info\">\n\t\t\t\t<h3 class=\"team-name\">Guillermo Chapman III\u00ba<\/h3><div class=\"team-subtitle\">Tesorero<\/div>\n\t\t\t\t<div class=\"team-desc\"><\/div>\n\t\t\t\t\n\t\t\t\t\n\t\t\t<\/div>\n\t\t<\/div>\n\t[\/vc_column_inner][vc_column_inner width=&#8221;1\/3&#8243;]\n\t\t<div class=\"flat-team \">\n\t\t\t\n\t\t\t<div class=\"team-info\">\n\t\t\t\t<h3 class=\"team-name\">Frederick A. Obediente<\/h3><div class=\"team-subtitle\">Secretario<\/div>\n\t\t\t\t<div class=\"team-desc\"><\/div>\n\t\t\t\t\n\t\t\t\t\n\t\t\t<\/div>\n\t\t<\/div>\n\t[\/vc_column_inner][vc_column_inner width=&#8221;1\/3&#8243;]\n\t\t<div class=\"flat-team \">\n\t\t\t\n\t\t\t<div class=\"team-info\">\n\t\t\t\t<h3 class=\"team-name\">Joseph Fidanque III<\/h3><div class=\"team-subtitle\">Director<\/div>\n\t\t\t\t<div class=\"team-desc\"><\/div>\n\t\t\t\t\n\t\t\t\t\n\t\t\t<\/div>\n\t\t<\/div>\n\t[\/vc_column_inner][vc_column_inner width=&#8221;1\/3&#8243;]\n\t\t<div class=\"flat-team \">\n\t\t\t\n\t\t\t<div class=\"team-info\">\n\t\t\t\t<h3 class=\"team-name\">Guillermo T. Henne Motta<\/h3><div class=\"team-subtitle\">Director<\/div>\n\t\t\t\t<div class=\"team-desc\"><\/div>\n\t\t\t\t\n\t\t\t\t\n\t\t\t<\/div>\n\t\t<\/div>\n\t[\/vc_column_inner][vc_column_inner width=&#8221;1\/3&#8243;]\n\t\t<div class=\"flat-team \">\n\t\t\t\n\t\t\t<div class=\"team-info\">\n\t\t\t\t<h3 class=\"team-name\">Ricardo Roux<\/h3><div class=\"team-subtitle\">Director<\/div>\n\t\t\t\t<div class=\"team-desc\"><\/div>\n\t\t\t\t\n\t\t\t\t\n\t\t\t<\/div>\n\t\t<\/div>\n\t[\/vc_column_inner][\/vc_row_inner][\/vc_tta_section][vc_tta_section title=&#8221;Junta Asesora&#8221; tab_id=&#8221;1530554612164-117836c0-ac0d&#8221;][vc_row_inner css=&#8221;.vc_custom_1530304593771{padding-right: 10px !important;padding-left: 10px !important;}&#8221;][vc_column_inner width=&#8221;1\/2&#8243; css=&#8221;.vc_custom_1530304970200{margin-bottom: 40px !important;}&#8221;]\n\t\t<div class=\"flat-team team-grid has-image\">\n\t\t\t\n\t\t\t<div class=\"team-image\">\n\t\t\t\t<img decoding=\"async\" src=\"http:\/\/indesa.com.pa\/wp-content\/uploads\/2018\/07\/Guillermo-Chapman.jpg\" alt=\"Guillermo O. Chapman, Jr.\" \/>\n\t\t\t<\/div>\n\t\t\n\t\t\t<div class=\"team-info\">\n\t\t\t\t<h3 class=\"team-name\">Guillermo O. Chapman, Jr.<\/h3><div class=\"team-subtitle\">Socio Principal<\/div>\n\t\t\t\t<div class=\"team-desc\">Economista de Lousiana State University con una maestr\u00eda en Econom\u00eda y Finanzas de la misma instituci\u00f3n. Presidente de la Junta Asesora y fundador de INDESA con m\u00e1s de cuarenta a\u00f1os de experiencia en consultor\u00eda a los sectores p\u00fablico y privado.<\/p>\n<p>Ha sido Ministro de Planificaci\u00f3n y Pol\u00edtica Econ\u00f3mica, Gobernador del Banco Interamericano de Desarrollo, del Banco Mundial y del Fondo Monetario Internacional. En la actualidad tambi\u00e9n es miembro de la Junta Directiva de la Autoridad del Canal de Panam\u00e1.<\/div>\n\t\t\t\t\n\t\t\t\t\n\t\t\t<\/div>\n\t\t<\/div>\n\t[\/vc_column_inner][vc_column_inner width=&#8221;1\/2&#8243;]\n\t\t<div class=\"flat-team team-grid has-image\">\n\t\t\t\n\t\t\t<div class=\"team-image\">\n\t\t\t\t<img decoding=\"async\" src=\"http:\/\/indesa.com.pa\/wp-content\/uploads\/2018\/07\/Marco-Fern\u00e1ndez.jpg\" alt=\"Marco A. Fern\u00e1ndez\" \/>\n\t\t\t<\/div>\n\t\t\n\t\t\t<div class=\"team-info\">\n\t\t\t\t<h3 class=\"team-name\">Marco A. Fern\u00e1ndez<\/h3><div class=\"team-subtitle\">Socio<\/div>\n\t\t\t\t<div class=\"team-desc\">Economista de la Universidad de los Andes con grado de PhD de la Universidad de Manitoba. Analista del entorno empresarial en Panam\u00e1 y en otros pa\u00edses latinoamericanos por los \u00faltimos treinta a\u00f1os.<\/p>\n<p>Ha publicado m\u00faltiples trabajos sobre dolarizaci\u00f3n, sostenibilidad fiscal, integraci\u00f3n financiera internacional y estrategia empresarial para instituciones financieras.<\/p>\n<p>Profesor de INCAE Business School y director de destacadas empresas bancarias, financieras y comerciales.<\/div>\n\t\t\t\t\n\t\t\t\t\n\t\t\t<\/div>\n\t\t<\/div>\n\t[\/vc_column_inner][\/vc_row_inner][\/vc_tta_section][vc_tta_section title=&#8221;Ejecutivos&#8221; tab_id=&#8221;1530554655418-87609ae4-9aa5&#8243;][vc_row_inner][vc_column_inner width=&#8221;1\/2&#8243;]\n\t\t<div class=\"flat-team btn_custom has-image\">\n\t\t\t\n\t\t\t<div class=\"team-image\">\n\t\t\t\t<img decoding=\"async\" src=\"http:\/\/indesa.com.pa\/wp-content\/uploads\/2018\/07\/Luis-Navarro.jpg\" alt=\"Luis A. Navarro\" \/>\n\t\t\t<\/div>\n\t\t\n\t\t\t<div class=\"team-info\">\n\t\t\t\t<h3 class=\"team-name\">Luis A. Navarro<\/h3><div class=\"team-subtitle\">Socio Director<\/div>\n\t\t\t\t<div class=\"team-desc\">Cuenta con una trayectoria de m\u00e1s de 25 a\u00f1os como banquero, destac\u00e1ndose como Gerente General de Bank Boston en Panam\u00e1 durante 15 a\u00f1os.<\/div>\n\t\t\t\t\n\t\t\t\t\n\t\t\t<p class=\"box-readmore\">\n\t\t\t\t<a href=\"#\" class=\"custom_plus\">Leer M\u00e1s<\/a>\n\t\t\t<\/p>\n\t\t\t<\/div>\n\t\t<\/div>\n\t[vc_empty_space height=&#8221;15px&#8221;][\/vc_column_inner][vc_column_inner width=&#8221;1\/2&#8243;]\n\t\t<div class=\"flat-team btn_custom has-image\">\n\t\t\t\n\t\t\t<div class=\"team-image\">\n\t\t\t\t<img decoding=\"async\" src=\"http:\/\/indesa.com.pa\/wp-content\/uploads\/2018\/07\/Felipe-Chapman.jpg\" alt=\"Felipe Chapman\" \/>\n\t\t\t<\/div>\n\t\t\n\t\t\t<div class=\"team-info\">\n\t\t\t\t<h3 class=\"team-name\">Felipe Chapman<\/h3><div class=\"team-subtitle\">Socio Director<\/div>\n\t\t\t\t<div class=\"team-desc\">Cuenta con m\u00e1s de 25 a\u00f1os de experiencia profesional en asesor\u00eda financiera, inversiones, an\u00e1lisis econ\u00f3mico, marcado de capitales y finanzas corporativas. <\/div>\n\t\t\t\t\n\t\t\t\t\n\t\t\t<p class=\"box-readmore\">\n\t\t\t\t<a href=\"#\" class=\"custom_plus\">Leer M\u00e1s<\/a>\n\t\t\t<\/p>\n\t\t\t<\/div>\n\t\t<\/div>\n\t[vc_empty_space height=&#8221;15px&#8221;][\/vc_column_inner][vc_column_inner width=&#8221;1\/2&#8243;]\n\t\t<div class=\"flat-team btn_custom has-image\">\n\t\t\t\n\t\t\t<div class=\"team-image\">\n\t\t\t\t<img decoding=\"async\" src=\"http:\/\/indesa.com.pa\/wp-content\/uploads\/2018\/07\/Fred-Obediente.jpg\" alt=\"Frederick A. Obediente\" \/>\n\t\t\t<\/div>\n\t\t\n\t\t\t<div class=\"team-info\">\n\t\t\t\t<h3 class=\"team-name\">Frederick A. Obediente<\/h3><div class=\"team-subtitle\">Socio Director<\/div>\n\t\t\t\t<div class=\"team-desc\">Cuenta con una experiencia de m\u00e1s de 35 a\u00f1os en las \u00e1reas de estrategia, finanzas y tecnolog\u00eda, desempe\u00f1\u00e1ndose en posiciones de alta gerencia en empresas&#8230;<\/div>\n\t\t\t\t\n\t\t\t\t\n\t\t\t<p class=\"box-readmore\">\n\t\t\t\t<a href=\"#\" class=\"custom_plus\">Leer M\u00e1s<\/a>\n\t\t\t<\/p>\n\t\t\t<\/div>\n\t\t<\/div>\n\t[\/vc_column_inner][vc_column_inner width=&#8221;1\/2&#8243;]\n\t\t<div class=\"flat-team btn_custom has-image\">\n\t\t\t\n\t\t\t<div class=\"team-image\">\n\t\t\t\t<img decoding=\"async\" src=\"http:\/\/indesa.com.pa\/wp-content\/uploads\/2018\/07\/Alex-Diamond.jpg\" alt=\"Alex Diamond\" \/>\n\t\t\t<\/div>\n\t\t\n\t\t\t<div class=\"team-info\">\n\t\t\t\t<h3 class=\"team-name\">Alex Diamond<\/h3><div class=\"team-subtitle\">Director de Investigaci\u00f3n y An\u00e1lisis Econ\u00f3mico<\/div>\n\t\t\t\t<div class=\"team-desc\">Ingeniero Industrial graduado de Texas A&amp;M University con grado de Maestr\u00eda en Econom\u00eda Aplicada de la Universidad de Michigan.En el 2003 inicio labores&#8230;<\/div>\n\t\t\t\t\n\t\t\t\t\n\t\t\t<p class=\"box-readmore\">\n\t\t\t\t<a href=\"#\" class=\"custom_plus\">Leer M\u00e1s<\/a>\n\t\t\t<\/p>\n\t\t\t<\/div>\n\t\t<\/div>\n\t[\/vc_column_inner][\/vc_row_inner][\/vc_tta_section][\/vc_tta_tabs][\/vc_column][\/vc_row]<\/p>\n<\/div>","protected":false},"excerpt":{"rendered":"<p>[vc_row css=&#8221;.vc_custom_1531849805282{padding-top: 60px !important;padding-bottom: 60px !important;}&#8221;][vc_column][vc_column_text el_class=&#8221;lead&#8221;]One of our main values is our commitment to our clients. Our experienced team will address your requests. [\/vc_column_text][vc_separator css=&#8221;.vc_custom_1531849795357{padding-top: 45px !important;padding-bottom: 45px !important;}&#8221;][vc_tta_tour active_section=&#8221;1&#8243; el_class=&#8221;customs_indesa_tabs&#8221;][vc_tta_section title=&#8221;Board of Advisors&#8221; tab_id=&#8221;1530646424148-7f55a7ee-b2f9&#8243;][vc_row_inner css=&#8221;.vc_custom_1530304593771{padding-right: 10px !important;padding-left: 10px !important;}&#8221;][vc_column_inner width=&#8221;5\/12&#8243; css=&#8221;.vc_custom_1532980191678{margin-bottom: 40px !important;}&#8221;][\/vc_column_inner][vc_column_inner width=&#8221;5\/12&#8243;][\/vc_column_inner][\/vc_row_inner][\/vc_tta_section][vc_tta_section title=&#8221;Executives&#8221; tab_id=&#8221;1530646467012-be7c3096-bf7f&#8221; el_class=&#8221;empty_space&#8221;][vc_row_inner css=&#8221;.vc_custom_1530653738678{margin-top: 0px [&hellip;]<\/p>\n","protected":false},"author":3,"featured_media":0,"parent":0,"menu_order":0,"comment_status":"closed","ping_status":"closed","template":"tpl\/front-page.php","meta":{"footnotes":""},"class_list":["post-3830","page","type-page","status-publish","hentry"],"yoast_head":"<!-- This site is optimized with the Yoast SEO plugin v27.3 - https:\/\/yoast.com\/product\/yoast-seo-wordpress\/ -->\n<title>Team - Indesa Panam\u00e1<\/title>\n<meta name=\"description\" content=\"%\" \/>\n<meta name=\"robots\" content=\"index, follow, max-snippet:-1, max-image-preview:large, max-video-preview:-1\" \/>\n<link rel=\"canonical\" href=\"http:\/\/indesa.com.pa\/en\/team\/\" \/>\n<meta property=\"og:locale\" content=\"en_US\" \/>\n<meta property=\"og:type\" content=\"article\" \/>\n<meta property=\"og:title\" content=\"Team - Indesa Panam\u00e1\" \/>\n<meta property=\"og:description\" content=\"%\" \/>\n<meta property=\"og:url\" content=\"http:\/\/indesa.com.pa\/en\/team\/\" \/>\n<meta property=\"og:site_name\" content=\"Indesa Panam\u00e1\" \/>\n<meta property=\"article:modified_time\" content=\"2025-03-08T18:50:25+00:00\" \/>\n<meta property=\"og:image\" content=\"http:\/\/indesa.com.pa\/wp-content\/uploads\/2018\/12\/og.jpg\" \/>\n\t<meta property=\"og:image:width\" content=\"1200\" \/>\n\t<meta property=\"og:image:height\" content=\"630\" \/>\n\t<meta property=\"og:image:type\" content=\"image\/jpeg\" \/>\n<meta name=\"twitter:card\" content=\"summary_large_image\" \/>\n<meta name=\"twitter:label1\" content=\"Est. reading time\" \/>\n\t<meta name=\"twitter:data1\" content=\"5 minutes\" \/>\n<script type=\"application\/ld+json\" class=\"yoast-schema-graph\">{\"@context\":\"https:\\\/\\\/schema.org\",\"@graph\":[{\"@type\":\"WebPage\",\"@id\":\"http:\\\/\\\/indesa.com.pa\\\/en\\\/team\\\/\",\"url\":\"http:\\\/\\\/indesa.com.pa\\\/en\\\/team\\\/\",\"name\":\"Team - Indesa Panam\u00e1\",\"isPartOf\":{\"@id\":\"http:\\\/\\\/indesa.com.pa\\\/#website\"},\"datePublished\":\"2018-11-06T18:12:28+00:00\",\"dateModified\":\"2025-03-08T18:50:25+00:00\",\"description\":\"%\",\"breadcrumb\":{\"@id\":\"http:\\\/\\\/indesa.com.pa\\\/en\\\/team\\\/#breadcrumb\"},\"inLanguage\":\"en-US\",\"potentialAction\":[{\"@type\":\"ReadAction\",\"target\":[\"http:\\\/\\\/indesa.com.pa\\\/en\\\/team\\\/\"]}]},{\"@type\":\"BreadcrumbList\",\"@id\":\"http:\\\/\\\/indesa.com.pa\\\/en\\\/team\\\/#breadcrumb\",\"itemListElement\":[{\"@type\":\"ListItem\",\"position\":1,\"name\":\"Portada\",\"item\":\"https:\\\/\\\/indesa.com.pa\\\/en\\\/\"},{\"@type\":\"ListItem\",\"position\":2,\"name\":\"Team\"}]},{\"@type\":\"WebSite\",\"@id\":\"http:\\\/\\\/indesa.com.pa\\\/#website\",\"url\":\"http:\\\/\\\/indesa.com.pa\\\/\",\"name\":\"Indesa Panam\u00e1\",\"description\":\"An\u00e1lisis econ\u00f3mico y finanzas coporativas\",\"potentialAction\":[{\"@type\":\"SearchAction\",\"target\":{\"@type\":\"EntryPoint\",\"urlTemplate\":\"http:\\\/\\\/indesa.com.pa\\\/?s={search_term_string}\"},\"query-input\":{\"@type\":\"PropertyValueSpecification\",\"valueRequired\":true,\"valueName\":\"search_term_string\"}}],\"inLanguage\":\"en-US\"}]}<\/script>\n<!-- \/ Yoast SEO plugin. -->","yoast_head_json":{"title":"Team - Indesa Panam\u00e1","description":"%","robots":{"index":"index","follow":"follow","max-snippet":"max-snippet:-1","max-image-preview":"max-image-preview:large","max-video-preview":"max-video-preview:-1"},"canonical":"http:\/\/indesa.com.pa\/en\/team\/","og_locale":"en_US","og_type":"article","og_title":"Team - Indesa Panam\u00e1","og_description":"%","og_url":"http:\/\/indesa.com.pa\/en\/team\/","og_site_name":"Indesa Panam\u00e1","article_modified_time":"2025-03-08T18:50:25+00:00","og_image":[{"width":1200,"height":630,"url":"http:\/\/indesa.com.pa\/wp-content\/uploads\/2018\/12\/og.jpg","type":"image\/jpeg"}],"twitter_card":"summary_large_image","twitter_misc":{"Est. reading time":"5 minutes"},"schema":{"@context":"https:\/\/schema.org","@graph":[{"@type":"WebPage","@id":"http:\/\/indesa.com.pa\/en\/team\/","url":"http:\/\/indesa.com.pa\/en\/team\/","name":"Team - Indesa Panam\u00e1","isPartOf":{"@id":"http:\/\/indesa.com.pa\/#website"},"datePublished":"2018-11-06T18:12:28+00:00","dateModified":"2025-03-08T18:50:25+00:00","description":"%","breadcrumb":{"@id":"http:\/\/indesa.com.pa\/en\/team\/#breadcrumb"},"inLanguage":"en-US","potentialAction":[{"@type":"ReadAction","target":["http:\/\/indesa.com.pa\/en\/team\/"]}]},{"@type":"BreadcrumbList","@id":"http:\/\/indesa.com.pa\/en\/team\/#breadcrumb","itemListElement":[{"@type":"ListItem","position":1,"name":"Portada","item":"https:\/\/indesa.com.pa\/en\/"},{"@type":"ListItem","position":2,"name":"Team"}]},{"@type":"WebSite","@id":"http:\/\/indesa.com.pa\/#website","url":"http:\/\/indesa.com.pa\/","name":"Indesa Panam\u00e1","description":"An\u00e1lisis econ\u00f3mico y finanzas coporativas","potentialAction":[{"@type":"SearchAction","target":{"@type":"EntryPoint","urlTemplate":"http:\/\/indesa.com.pa\/?s={search_term_string}"},"query-input":{"@type":"PropertyValueSpecification","valueRequired":true,"valueName":"search_term_string"}}],"inLanguage":"en-US"}]}},"_links":{"self":[{"href":"http:\/\/indesa.com.pa\/en\/wp-json\/wp\/v2\/pages\/3830","targetHints":{"allow":["GET"]}}],"collection":[{"href":"http:\/\/indesa.com.pa\/en\/wp-json\/wp\/v2\/pages"}],"about":[{"href":"http:\/\/indesa.com.pa\/en\/wp-json\/wp\/v2\/types\/page"}],"author":[{"embeddable":true,"href":"http:\/\/indesa.com.pa\/en\/wp-json\/wp\/v2\/users\/3"}],"replies":[{"embeddable":true,"href":"http:\/\/indesa.com.pa\/en\/wp-json\/wp\/v2\/comments?post=3830"}],"version-history":[{"count":5,"href":"http:\/\/indesa.com.pa\/en\/wp-json\/wp\/v2\/pages\/3830\/revisions"}],"predecessor-version":[{"id":5265,"href":"http:\/\/indesa.com.pa\/en\/wp-json\/wp\/v2\/pages\/3830\/revisions\/5265"}],"wp:attachment":[{"href":"http:\/\/indesa.com.pa\/en\/wp-json\/wp\/v2\/media?parent=3830"}],"curies":[{"name":"wp","href":"https:\/\/api.w.org\/{rel}","templated":true}]}}