{"id":3369,"date":"2018-06-21T21:21:03","date_gmt":"2018-06-21T21:21:03","guid":{"rendered":"https:\/\/indesa.com.pa\/inicio\/"},"modified":"2025-05-13T12:28:56","modified_gmt":"2025-05-13T17:28:56","slug":"inicio","status":"publish","type":"page","link":"http:\/\/indesa.com.pa\/en\/","title":{"rendered":"home"},"content":{"rendered":"<div class=\"wpb-content-wrapper\"><p>[vc_row full_width=&#8221;stretch_row_content_no_spaces&#8221; parallax_speed=&#8221;4&#8243; parallax_x=&#8221;4&#8243; parallax_y=&#8221;4&#8243; css=&#8221;.vc_custom_1537545691984{background-color: #0d2240 !important;}&#8221;][vc_column][rev_slider_vc alias=&#8221;final_en&#8221;][\/vc_column][\/vc_row][vc_row full_width=&#8221;stretch_row&#8221; parallax_speed=&#8221;4&#8243; parallax_x=&#8221;4&#8243; parallax_y=&#8221;4&#8243; css=&#8221;.vc_custom_1537481430978{margin-top: -70px !important;padding-top: 0px !important;padding-bottom: 60px !important;}&#8221;][vc_column]<div class=\"title-section text-left style2\">\n\t\t<h1 class=\"title\">\n\t\t\tOur Services\t\t\t\n\t\t<\/h1>\t\t\n\t\t\n\n\t<\/div>[\/vc_column][vc_column width=&#8221;1\/2&#8243;]\t<div class=\"flat-imagebox right-padd-box \">\n\t\t<div class=\"flat-imagebox-inner\">\n\t\t\t\t\t\t\t<div class=\"flat-imagebox-image\">\n\t\t\t\t\t<img loading=\"lazy\" decoding=\"async\" width=\"1980\" height=\"1320\" src=\"http:\/\/indesa.com.pa\/wp-content\/uploads\/2018\/07\/alone-analytics-big-data-884450.jpg\" class=\"attachment-full\" alt=\"\" title=\"alone-analytics-big-data-884450\" srcset=\"http:\/\/indesa.com.pa\/wp-content\/uploads\/2018\/07\/alone-analytics-big-data-884450.jpg 1980w, http:\/\/indesa.com.pa\/wp-content\/uploads\/2018\/07\/alone-analytics-big-data-884450-300x200.jpg 300w, http:\/\/indesa.com.pa\/wp-content\/uploads\/2018\/07\/alone-analytics-big-data-884450-768x512.jpg 768w, http:\/\/indesa.com.pa\/wp-content\/uploads\/2018\/07\/alone-analytics-big-data-884450-1024x683.jpg 1024w, http:\/\/indesa.com.pa\/wp-content\/uploads\/2018\/07\/alone-analytics-big-data-884450-370x247.jpg 370w\" sizes=\"auto, (max-width: 1980px) 100vw, 1980px\" \/>\t\t\t\t<\/div>\n\n\t\t\t\n\t\t\t<div class=\"flat-imagebox-header\">\n\t\t\t\t<h3 class=\"flat-imagebox-title\">\n\t\t\t\t\t<a href=\"\/consultoria-e-investigacion\/\" >\n\t\t\t\t\t\tECONOMIC RESEARCH AND ADVISORY\t\t\t\t\t<\/a>\n\t\t\t\t<\/h3>\n\n\t\t\t\t\t\t\t<\/div>\n\n\t\t\t<div class=\"flat-imagebox-content\">\n\t\t\t\t\t\t\t\t\t<div class=\"flat-imagebox-desc\">\n\t\t\t\t\t\tConsulting services aimed to facilitate our clients\u00b4 strategy through innovative solutions and economic analysis.\t\t\t\t\t<\/div>\n\t\t\t\t\n\t\t\t\t\n\t\t\t\t\t<div class=\"flat-imagebox-button\">\n\t\t\t\t\t\t<a href=\"\/consultoria-e-investigacion\/\">\n\t\t\t\t\t\t\tRead more\t\t\t\t\t\t<\/a>\n\t\t\t\t\t<\/div>\n\n\t\t\t\t\t\t\t<\/div>\n\t\t<\/div>\n\t<\/div>\n[\/vc_column][vc_column width=&#8221;1\/2&#8243;]\t<div class=\"flat-imagebox right-padd-box right-side \">\n\t\t<div class=\"flat-imagebox-inner\">\n\t\t\t\t\t\t\t<div class=\"flat-imagebox-image\">\n\t\t\t\t\t<img loading=\"lazy\" decoding=\"async\" width=\"1980\" height=\"1320\" src=\"http:\/\/indesa.com.pa\/wp-content\/uploads\/2018\/07\/charts-coffee-cup-938959.jpg\" class=\"attachment-full\" alt=\"\" title=\"charts-coffee-cup-938959\" srcset=\"http:\/\/indesa.com.pa\/wp-content\/uploads\/2018\/07\/charts-coffee-cup-938959.jpg 1980w, http:\/\/indesa.com.pa\/wp-content\/uploads\/2018\/07\/charts-coffee-cup-938959-300x200.jpg 300w, http:\/\/indesa.com.pa\/wp-content\/uploads\/2018\/07\/charts-coffee-cup-938959-768x512.jpg 768w, http:\/\/indesa.com.pa\/wp-content\/uploads\/2018\/07\/charts-coffee-cup-938959-1024x683.jpg 1024w, http:\/\/indesa.com.pa\/wp-content\/uploads\/2018\/07\/charts-coffee-cup-938959-370x247.jpg 370w\" sizes=\"auto, (max-width: 1980px) 100vw, 1980px\" \/>\t\t\t\t<\/div>\n\n\t\t\t\n\t\t\t<div class=\"flat-imagebox-header\">\n\t\t\t\t<h3 class=\"flat-imagebox-title\">\n\t\t\t\t\t<a href=\"\/finanzas-corporativas\/\" >\n\t\t\t\t\t\tCORPORATE FINANCE\t\t\t\t\t<\/a>\n\t\t\t\t<\/h3>\n\n\t\t\t\t\t\t\t<\/div>\n\n\t\t\t<div class=\"flat-imagebox-content\">\n\t\t\t\t\t\t\t\t\t<div class=\"flat-imagebox-desc\">\n\t\t\t\t\t\t\n\nOur ability to execute Corporate Finance advisories and projects is based on our solid relationships with financial groups, banks and investors, as well as in our capacity to offer value-added services based on an effective and structured execution.\n\n\t\t\t\t\t<\/div>\n\t\t\t\t\n\t\t\t\t\n\t\t\t\t\t<div class=\"flat-imagebox-button\">\n\t\t\t\t\t\t<a href=\"\/finanzas-corporativas\/\">\n\t\t\t\t\t\t\tRead more\t\t\t\t\t\t<\/a>\n\t\t\t\t\t<\/div>\n\n\t\t\t\t\t\t\t<\/div>\n\t\t<\/div>\n\t<\/div>\n[\/vc_column][\/vc_row][vc_row full_width=&#8221;stretch_row&#8221; parallax_speed=&#8221;4&#8243; parallax_x=&#8221;4&#8243; parallax_y=&#8221;4&#8243; css=&#8221;.vc_custom_1531759999123{padding-top: 80px !important;padding-bottom: 60px !important;background-color: #f7f7f7 !important;}&#8221; el_class=&#8221;img_bck_indesa_home&#8221;][vc_column][vc_row_inner][vc_column_inner]<div class=\"title-section text-left style2\">\n\t\t<h1 class=\"title\">\n\t\t\tOur Firm\t\t\t\n\t\t<\/h1>\t\t\n\t\t\n\n\t<\/div>[vc_column_text css=&#8221;&#8221; el_class=&#8221;lead&#8221;]<span style=\"font-weight: 400;\">Since our inception in 1968, INDESA has established solid relationships with its clients. As a firm, <strong>we strive to work with inspiration, creativity and compromise<\/strong> in our projects.<\/span>[\/vc_column_text][vc_empty_space height=&#8221;35px&#8221;][\/vc_column_inner][\/vc_row_inner][vc_row_inner][vc_column_inner][vc_column_text css=&#8221;&#8221; el_class=&#8221;fw-6&#8243;]What sets Indesa apart[\/vc_column_text][vc_separator css=&#8221;.vc_custom_1533584624935{padding-top: 10px !important;padding-bottom: 10px !important;}&#8221; el_class=&#8221;lit-space&#8221;][\/vc_column_inner][vc_column_inner width=&#8221;1\/4&#8243;]<div class=\"flat-iconbox iconbox-style1 top circle\">\n\t\t<div class=\"flat-iconbox-header\">\n\t\t\t<div class=\"flat-iconbox-icon\"><span class=\"fa fa-solid fa-globe\"><\/span><\/div>\n\t\t\t<h4 class=\"flat-iconbox-title\">LEADING FIRM<\/h4>\n\t\t\t\n\t\t<\/div>\n\t\t<div class=\"flat-iconbox-content\">\n\t\t\tIn economic research and advisory, as well as financial and strategic advisory\n\t\t\t\n\t\t<\/div>\n\t<\/div>[vc_empty_space height=&#8221;35px&#8221;][\/vc_column_inner][vc_column_inner width=&#8221;1\/4&#8243;]<div class=\"flat-iconbox iconbox-style1 top circle\">\n\t\t<div class=\"flat-iconbox-header\">\n\t\t\t<div class=\"flat-iconbox-icon\"><span class=\"fa fa-solid fa-road\"><\/span><\/div>\n\t\t\t<h4 class=\"flat-iconbox-title\">TRAJECTORY<\/h4>\n\t\t\t\n\t\t<\/div>\n\t\t<div class=\"flat-iconbox-content\">\n\t\t\tOf 50 years in local and regional advisories\n\t\t\t\n\t\t<\/div>\n\t<\/div>[vc_empty_space height=&#8221;35px&#8221;][\/vc_column_inner][vc_column_inner width=&#8221;1\/4&#8243;]<div class=\"flat-iconbox iconbox-style1 top circle\">\n\t\t<div class=\"flat-iconbox-header\">\n\t\t\t<div class=\"flat-iconbox-icon\"><span class=\"fa fa-solid fa-users\"><\/span><\/div>\n\t\t\t<h4 class=\"flat-iconbox-title\">TEAM<\/h4>\n\t\t\t\n\t\t<\/div>\n\t\t<div class=\"flat-iconbox-content\">\n\t\t\tExperiences team of accomplished professionals with managerial experience in business, finance and banking.\n\t\t\t\n\t\t<\/div>\n\t<\/div>[vc_empty_space height=&#8221;35px&#8221;][\/vc_column_inner][vc_column_inner width=&#8221;1\/4&#8243;]<div class=\"flat-iconbox iconbox-style1 top circle\">\n\t\t<div class=\"flat-iconbox-header\">\n\t\t\t<div class=\"flat-iconbox-icon\"><span class=\"fa fa-solid fa-briefcase\"><\/span><\/div>\n\t\t\t<h4 class=\"flat-iconbox-title\">SERVICES<\/h4>\n\t\t\t\n\t\t<\/div>\n\t\t<div class=\"flat-iconbox-content\">\n\t\t\tTailored made and personalized service\n\t\t\t\n\t\t<\/div>\n\t<\/div>[vc_empty_space height=&#8221;35px&#8221;][\/vc_column_inner][\/vc_row_inner][\/vc_column][\/vc_row][vc_row full_width=&#8221;stretch_row&#8221; parallax_speed=&#8221;4&#8243; parallax_x=&#8221;4&#8243; parallax_y=&#8221;4&#8243; css=&#8221;.vc_custom_1489136063793{padding-top: 70px !important;padding-bottom: 50px !important;}&#8221;][vc_column][vc_row_inner][vc_column_inner]<div class=\"title-section text-left style2\">\n\t\t<h1 class=\"title\">\n\t\t\tResearch reports\t\t\t\n\t\t<\/h1>\t\t\n\t\t\n\n\t<\/div>[\/vc_column_inner][\/vc_row_inner][vc_row_inner][vc_column_inner width=&#8221;1\/4&#8243;][vc_column_text css=&#8221;&#8221; el_class=&#8221;fw-6&#8243;]STRATEGIC BRIEF[\/vc_column_text][vc_separator css=&#8221;.vc_custom_1529614071011{margin-top: 10px !important;margin-bottom: 10px !important;}&#8221;]\n\t\t\t<div class=\"blog-shortcode  blog-grid blog-one-column\">\n\n\t\t\t\n\t\t\t\t        \t<article class=\"entry\">\n\t        \t\t<div class=\"entry-border\">\n\t\t\t\t\t\t<div class=\"featured-post\">\n\t\t\t\t\t\t\t<a href=\"http:\/\/indesa.com.pa\/en\/de-ormuz-a-panama-tres-hallazgos-para-comprender-el-impacto-de-la-guerra-de-iran-en-la-economia-local-y-las-oportunidades-potenciales\/\">\n\t\t\t\t\t\t\t\t<img loading=\"lazy\" decoding=\"async\" width=\"370\" height=\"247\" src=\"http:\/\/indesa.com.pa\/wp-content\/uploads\/2026\/03\/8-370x247.png\" class=\"attachment-themesflat-blog-shortcode size-themesflat-blog-shortcode wp-post-image\" alt=\"\" \/>\t\t\t\t\t\t\t<\/a>\n\t\t\t\t\t\t<\/div>\n\t\t\t\t\t\t<div class=\"content-post\">\n\t\t\t\t\t\t\t<h2><a href=\"http:\/\/indesa.com.pa\/en\/de-ormuz-a-panama-tres-hallazgos-para-comprender-el-impacto-de-la-guerra-de-iran-en-la-economia-local-y-las-oportunidades-potenciales\/\">De Ormuz a Panam\u00e1: Tres hallazgos para comprender el impacto de la  guerra de Ir\u00e1n en la econom\u00eda local y las oportunidades potenciales<\/a><\/h2>\n\n\t\t\t\t\t\t\t<div class=\"entry-meta clearfix\">\n\t\t\t\t\t\t\t\t<span class=\"entry-date\">26<\/span>\n\t\t\t\t\t\t\t\t<span class=\"entry-month\">Mar<\/span>\n\t\t\t\t\t\t\t<\/div><!-- .meta-post -->\n\n\t\t\t\t\t\t\t\t\t\t\t\t\t<\/div>\n\t\t\t\t\t<\/div>\n\t\t\t\t<\/article><!-- \/.entry -->\n\n\t\t\t<\/div>[\/vc_column_inner][vc_column_inner width=&#8221;1\/4&#8243;][vc_column_text css=&#8221;&#8221; el_class=&#8221;fw-6&#8243;]INDUSTRY STUDIES[\/vc_column_text][vc_separator css=&#8221;.vc_custom_1529614071011{margin-top: 10px !important;margin-bottom: 10px !important;}&#8221;]\n\t\t\t<div class=\"blog-shortcode  blog-grid blog-one-column\">\n\n\t\t\t\n\t\t\t\t        \t<article class=\"entry\">\n\t        \t\t<div class=\"entry-border\">\n\t\t\t\t\t\t<div class=\"featured-post\">\n\t\t\t\t\t\t\t<a href=\"http:\/\/indesa.com.pa\/en\/estudio-de-precios-de-medicamentos-en-el-sector-privado-en-panama\/\">\n\t\t\t\t\t\t\t\t<img loading=\"lazy\" decoding=\"async\" width=\"370\" height=\"247\" src=\"http:\/\/indesa.com.pa\/wp-content\/uploads\/2022\/09\/indesa-medicamentos-370x247.jpg\" class=\"attachment-themesflat-blog-shortcode size-themesflat-blog-shortcode wp-post-image\" alt=\"\" \/>\t\t\t\t\t\t\t<\/a>\n\t\t\t\t\t\t<\/div>\n\t\t\t\t\t\t<div class=\"content-post\">\n\t\t\t\t\t\t\t<h2><a href=\"http:\/\/indesa.com.pa\/en\/estudio-de-precios-de-medicamentos-en-el-sector-privado-en-panama\/\">Estudio de precios de medicamentos en el sector privado en Panam\u00e1<\/a><\/h2>\n\n\t\t\t\t\t\t\t<div class=\"entry-meta clearfix\">\n\t\t\t\t\t\t\t\t<span class=\"entry-date\">13<\/span>\n\t\t\t\t\t\t\t\t<span class=\"entry-month\">Sep<\/span>\n\t\t\t\t\t\t\t<\/div><!-- .meta-post -->\n\n\t\t\t\t\t\t\t\t\t\t\t\t\t<\/div>\n\t\t\t\t\t<\/div>\n\t\t\t\t<\/article><!-- \/.entry -->\n\n\t\t\t<\/div>[\/vc_column_inner][vc_column_inner width=&#8221;1\/4&#8243;][vc_column_text css=&#8221;&#8221; el_class=&#8221;fw-6&#8243;]REAL STATE REPORTS[\/vc_column_text][vc_separator]\n\t\t\t<div class=\"blog-shortcode  blog-grid blog-one-column\">\n\n\t\t\t\n\t\t\t\t        \t<article class=\"entry\">\n\t        \t\t<div class=\"entry-border\">\n\t\t\t\t\t\t<div class=\"featured-post\">\n\t\t\t\t\t\t\t<a href=\"http:\/\/indesa.com.pa\/en\/reporte-inmobiliario-q4-2023-analitica-hipotecaria-inmobiliaria-y-comercial\/\">\n\t\t\t\t\t\t\t\t<img loading=\"lazy\" decoding=\"async\" width=\"370\" height=\"247\" src=\"http:\/\/indesa.com.pa\/wp-content\/uploads\/2025\/02\/Slide1-370x247.png\" class=\"attachment-themesflat-blog-shortcode size-themesflat-blog-shortcode wp-post-image\" alt=\"\" \/>\t\t\t\t\t\t\t<\/a>\n\t\t\t\t\t\t<\/div>\n\t\t\t\t\t\t<div class=\"content-post\">\n\t\t\t\t\t\t\t<h2><a href=\"http:\/\/indesa.com.pa\/en\/reporte-inmobiliario-q4-2023-analitica-hipotecaria-inmobiliaria-y-comercial\/\">Reporte Inmobiliario Q4 2023 \u2013 Anal\u00edtica inmobiliaria y comercial<\/a><\/h2>\n\n\t\t\t\t\t\t\t<div class=\"entry-meta clearfix\">\n\t\t\t\t\t\t\t\t<span class=\"entry-date\">19<\/span>\n\t\t\t\t\t\t\t\t<span class=\"entry-month\">Feb<\/span>\n\t\t\t\t\t\t\t<\/div><!-- .meta-post -->\n\n\t\t\t\t\t\t\t\t\t\t\t\t\t<\/div>\n\t\t\t\t\t<\/div>\n\t\t\t\t<\/article><!-- \/.entry -->\n\n\t\t\t<\/div>[vc_column_text css=&#8221;&#8221;]<strong>Access our latest report through our subscription services.<\/strong><\/p>\n<p><img loading=\"lazy\" decoding=\"async\" class=\"alignnone size-medium wp-image-5243\" src=\"http:\/\/indesa.com.pa\/wp-content\/uploads\/2025\/02\/Q4-2024-300x169.png\" alt=\"\" width=\"300\" height=\"169\" srcset=\"http:\/\/indesa.com.pa\/wp-content\/uploads\/2025\/02\/Q4-2024-300x169.png 300w, http:\/\/indesa.com.pa\/wp-content\/uploads\/2025\/02\/Q4-2024-1024x576.png 1024w, http:\/\/indesa.com.pa\/wp-content\/uploads\/2025\/02\/Q4-2024-768x432.png 768w, http:\/\/indesa.com.pa\/wp-content\/uploads\/2025\/02\/Q4-2024-570x320.png 570w, http:\/\/indesa.com.pa\/wp-content\/uploads\/2025\/02\/Q4-2024.png 1280w\" sizes=\"auto, (max-width: 300px) 100vw, 300px\" \/>[\/vc_column_text][\/vc_column_inner][vc_column_inner width=&#8221;1\/4&#8243;][vc_widget_sidebar sidebar_id=&#8221;services&#8221;][\/vc_column_inner][\/vc_row_inner][\/vc_column][\/vc_row][vc_row][vc_column]<div class=\"title-section  style1\">\n\t\t<h1 class=\"title\">\n\t\t\tVideos\t\t\t\n\t\t<\/h1>\t\t\n\t\t\n\n\t<\/div>[vc_video link=&#8221;https:\/\/youtu.be\/dcbW6RBPBKQ&#8221; title=&#8221;Foro Especial INDESA: Precios de medicamentos en el sector privado en Panam\u00e1 &#8211; an\u00e1lisis de la complejidad del mercado.&#8221;][vc_empty_space height=&#8221;80px&#8221;][vc_empty_space height=&#8221;80px&#8221;][vc_empty_space height=&#8221;20px&#8221;][\/vc_column][\/vc_row][vc_row full_width=&#8221;stretch_row&#8221; css=&#8221;.vc_custom_1529615692652{padding-top: 40px !important;padding-bottom: 25px !important;background-color: #ececec !important;}&#8221;][vc_column width=&#8221;2\/3&#8243;]<div class=\"title-section no-mrg-b text-left style2\">\n\t\t<h1 class=\"title\">\n\t\t\tContact Us\t\t\t\n\t\t<\/h1>\t\t\n\t\t\n\n\t<\/div>[vc_empty_space height=&#8221;7px&#8221;][vc_column_text]<span style=\"font-weight: 400;\">Please contact us for more information<\/span>[\/vc_column_text][\/vc_column][vc_column width=&#8221;1\/3&#8243;][vc_column_text el_class=&#8221;call-text&#8221;]Call us <a href=\"#\">+507 300-5560<\/a>[\/vc_column_text][vc_btn title=&#8221;Contact Us!&#8221; style=&#8221;outline-custom&#8221; outline_custom_color=&#8221;&#8221; outline_custom_hover_background=&#8221;#c4d600&#8243; outline_custom_hover_text=&#8221;#ffffff&#8221; align=&#8221;left&#8221; link=&#8221;url:https%3A%2F%2Findesa.com.pa%2Fen%2Fcontact-us%2F|&#8221; el_class=&#8221;bg_grey&#8221;][\/vc_column][\/vc_row]<\/p>\n<\/div>","protected":false},"excerpt":{"rendered":"<p>[vc_row full_width=&#8221;stretch_row_content_no_spaces&#8221; parallax_speed=&#8221;4&#8243; parallax_x=&#8221;4&#8243; parallax_y=&#8221;4&#8243; css=&#8221;.vc_custom_1537545691984{background-color: #0d2240 !important;}&#8221;][vc_column][rev_slider_vc alias=&#8221;final_en&#8221;][\/vc_column][\/vc_row][vc_row full_width=&#8221;stretch_row&#8221; parallax_speed=&#8221;4&#8243; parallax_x=&#8221;4&#8243; parallax_y=&#8221;4&#8243; css=&#8221;.vc_custom_1537481430978{margin-top: -70px !important;padding-top: 0px !important;padding-bottom: 60px !important;}&#8221;][vc_column][\/vc_column][vc_column width=&#8221;1\/2&#8243;][\/vc_column][vc_column width=&#8221;1\/2&#8243;][\/vc_column][\/vc_row][vc_row full_width=&#8221;stretch_row&#8221; parallax_speed=&#8221;4&#8243; parallax_x=&#8221;4&#8243; parallax_y=&#8221;4&#8243; css=&#8221;.vc_custom_1531759999123{padding-top: 80px !important;padding-bottom: 60px !important;background-color: #f7f7f7 !important;}&#8221; el_class=&#8221;img_bck_indesa_home&#8221;][vc_column][vc_row_inner][vc_column_inner][vc_column_text css=&#8221;&#8221; el_class=&#8221;lead&#8221;]Since our inception in 1968, INDESA has established solid relationships with its clients. As a firm, [&hellip;]<\/p>\n","protected":false},"author":3,"featured_media":0,"parent":0,"menu_order":0,"comment_status":"closed","ping_status":"closed","template":"tpl\/front-page.php","meta":{"footnotes":""},"class_list":["post-3369","page","type-page","status-publish","hentry"],"yoast_head":"<!-- This site is optimized with the Yoast SEO plugin v27.3 - https:\/\/yoast.com\/product\/yoast-seo-wordpress\/ -->\n<title>An\u00e1lisis econ\u00f3mico y finanzas coporativas | Indesa Panam\u00e1<\/title>\n<meta name=\"description\" content=\"50-year experience in economic research and corporate finance. Our team has over 125 years of combines managerial and advisory experience.\" \/>\n<meta name=\"robots\" content=\"index, follow, max-snippet:-1, max-image-preview:large, max-video-preview:-1\" \/>\n<link rel=\"canonical\" href=\"https:\/\/indesa.com.pa\/en\/\" \/>\n<meta property=\"og:locale\" content=\"en_US\" \/>\n<meta property=\"og:type\" content=\"article\" \/>\n<meta property=\"og:title\" content=\"An\u00e1lisis econ\u00f3mico y finanzas coporativas | Indesa Panam\u00e1\" \/>\n<meta property=\"og:description\" content=\"50-year experience in economic research and corporate finance. Our team has over 125 years of combines managerial and advisory experience.\" \/>\n<meta property=\"og:url\" content=\"https:\/\/indesa.com.pa\/en\/\" \/>\n<meta property=\"og:site_name\" content=\"Indesa Panam\u00e1\" \/>\n<meta property=\"article:modified_time\" content=\"2025-05-13T17:28:56+00:00\" \/>\n<meta property=\"og:image\" content=\"http:\/\/indesa.com.pa\/wp-content\/uploads\/2025\/02\/Q4-2024-300x169.png\" \/>\n<meta name=\"twitter:card\" content=\"summary_large_image\" \/>\n<meta name=\"twitter:label1\" content=\"Est. reading time\" \/>\n\t<meta name=\"twitter:data1\" content=\"3 minutes\" \/>\n<script type=\"application\/ld+json\" class=\"yoast-schema-graph\">{\"@context\":\"https:\\\/\\\/schema.org\",\"@graph\":[{\"@type\":\"WebPage\",\"@id\":\"https:\\\/\\\/indesa.com.pa\\\/en\\\/\",\"url\":\"https:\\\/\\\/indesa.com.pa\\\/en\\\/\",\"name\":\"An\u00e1lisis econ\u00f3mico y finanzas coporativas | Indesa Panam\u00e1\",\"isPartOf\":{\"@id\":\"http:\\\/\\\/indesa.com.pa\\\/#website\"},\"primaryImageOfPage\":{\"@id\":\"https:\\\/\\\/indesa.com.pa\\\/en\\\/#primaryimage\"},\"image\":{\"@id\":\"https:\\\/\\\/indesa.com.pa\\\/en\\\/#primaryimage\"},\"thumbnailUrl\":\"http:\\\/\\\/indesa.com.pa\\\/wp-content\\\/uploads\\\/2025\\\/02\\\/Q4-2024-300x169.png\",\"datePublished\":\"2018-06-21T21:21:03+00:00\",\"dateModified\":\"2025-05-13T17:28:56+00:00\",\"description\":\"50-year experience in economic research and corporate finance. Our team has over 125 years of combines managerial and advisory experience.\",\"breadcrumb\":{\"@id\":\"https:\\\/\\\/indesa.com.pa\\\/en\\\/#breadcrumb\"},\"inLanguage\":\"en-US\",\"potentialAction\":[{\"@type\":\"ReadAction\",\"target\":[\"https:\\\/\\\/indesa.com.pa\\\/en\\\/\"]}]},{\"@type\":\"ImageObject\",\"inLanguage\":\"en-US\",\"@id\":\"https:\\\/\\\/indesa.com.pa\\\/en\\\/#primaryimage\",\"url\":\"http:\\\/\\\/indesa.com.pa\\\/wp-content\\\/uploads\\\/2025\\\/02\\\/Q4-2024-300x169.png\",\"contentUrl\":\"http:\\\/\\\/indesa.com.pa\\\/wp-content\\\/uploads\\\/2025\\\/02\\\/Q4-2024-300x169.png\"},{\"@type\":\"BreadcrumbList\",\"@id\":\"https:\\\/\\\/indesa.com.pa\\\/en\\\/#breadcrumb\",\"itemListElement\":[{\"@type\":\"ListItem\",\"position\":1,\"name\":\"Portada\",\"item\":\"https:\\\/\\\/indesa.com.pa\\\/en\\\/\"},{\"@type\":\"ListItem\",\"position\":2,\"name\":\"home\"}]},{\"@type\":\"WebSite\",\"@id\":\"http:\\\/\\\/indesa.com.pa\\\/#website\",\"url\":\"http:\\\/\\\/indesa.com.pa\\\/\",\"name\":\"Indesa Panam\u00e1\",\"description\":\"An\u00e1lisis econ\u00f3mico y finanzas coporativas\",\"potentialAction\":[{\"@type\":\"SearchAction\",\"target\":{\"@type\":\"EntryPoint\",\"urlTemplate\":\"http:\\\/\\\/indesa.com.pa\\\/?s={search_term_string}\"},\"query-input\":{\"@type\":\"PropertyValueSpecification\",\"valueRequired\":true,\"valueName\":\"search_term_string\"}}],\"inLanguage\":\"en-US\"}]}<\/script>\n<!-- \/ Yoast SEO plugin. -->","yoast_head_json":{"title":"An\u00e1lisis econ\u00f3mico y finanzas coporativas | Indesa Panam\u00e1","description":"50-year experience in economic research and corporate finance. Our team has over 125 years of combines managerial and advisory experience.","robots":{"index":"index","follow":"follow","max-snippet":"max-snippet:-1","max-image-preview":"max-image-preview:large","max-video-preview":"max-video-preview:-1"},"canonical":"https:\/\/indesa.com.pa\/en\/","og_locale":"en_US","og_type":"article","og_title":"An\u00e1lisis econ\u00f3mico y finanzas coporativas | Indesa Panam\u00e1","og_description":"50-year experience in economic research and corporate finance. Our team has over 125 years of combines managerial and advisory experience.","og_url":"https:\/\/indesa.com.pa\/en\/","og_site_name":"Indesa Panam\u00e1","article_modified_time":"2025-05-13T17:28:56+00:00","og_image":[{"url":"http:\/\/indesa.com.pa\/wp-content\/uploads\/2025\/02\/Q4-2024-300x169.png","type":"","width":"","height":""}],"twitter_card":"summary_large_image","twitter_misc":{"Est. reading time":"3 minutes"},"schema":{"@context":"https:\/\/schema.org","@graph":[{"@type":"WebPage","@id":"https:\/\/indesa.com.pa\/en\/","url":"https:\/\/indesa.com.pa\/en\/","name":"An\u00e1lisis econ\u00f3mico y finanzas coporativas | Indesa Panam\u00e1","isPartOf":{"@id":"http:\/\/indesa.com.pa\/#website"},"primaryImageOfPage":{"@id":"https:\/\/indesa.com.pa\/en\/#primaryimage"},"image":{"@id":"https:\/\/indesa.com.pa\/en\/#primaryimage"},"thumbnailUrl":"http:\/\/indesa.com.pa\/wp-content\/uploads\/2025\/02\/Q4-2024-300x169.png","datePublished":"2018-06-21T21:21:03+00:00","dateModified":"2025-05-13T17:28:56+00:00","description":"50-year experience in economic research and corporate finance. Our team has over 125 years of combines managerial and advisory experience.","breadcrumb":{"@id":"https:\/\/indesa.com.pa\/en\/#breadcrumb"},"inLanguage":"en-US","potentialAction":[{"@type":"ReadAction","target":["https:\/\/indesa.com.pa\/en\/"]}]},{"@type":"ImageObject","inLanguage":"en-US","@id":"https:\/\/indesa.com.pa\/en\/#primaryimage","url":"http:\/\/indesa.com.pa\/wp-content\/uploads\/2025\/02\/Q4-2024-300x169.png","contentUrl":"http:\/\/indesa.com.pa\/wp-content\/uploads\/2025\/02\/Q4-2024-300x169.png"},{"@type":"BreadcrumbList","@id":"https:\/\/indesa.com.pa\/en\/#breadcrumb","itemListElement":[{"@type":"ListItem","position":1,"name":"Portada","item":"https:\/\/indesa.com.pa\/en\/"},{"@type":"ListItem","position":2,"name":"home"}]},{"@type":"WebSite","@id":"http:\/\/indesa.com.pa\/#website","url":"http:\/\/indesa.com.pa\/","name":"Indesa Panam\u00e1","description":"An\u00e1lisis econ\u00f3mico y finanzas coporativas","potentialAction":[{"@type":"SearchAction","target":{"@type":"EntryPoint","urlTemplate":"http:\/\/indesa.com.pa\/?s={search_term_string}"},"query-input":{"@type":"PropertyValueSpecification","valueRequired":true,"valueName":"search_term_string"}}],"inLanguage":"en-US"}]}},"_links":{"self":[{"href":"http:\/\/indesa.com.pa\/en\/wp-json\/wp\/v2\/pages\/3369","targetHints":{"allow":["GET"]}}],"collection":[{"href":"http:\/\/indesa.com.pa\/en\/wp-json\/wp\/v2\/pages"}],"about":[{"href":"http:\/\/indesa.com.pa\/en\/wp-json\/wp\/v2\/types\/page"}],"author":[{"embeddable":true,"href":"http:\/\/indesa.com.pa\/en\/wp-json\/wp\/v2\/users\/3"}],"replies":[{"embeddable":true,"href":"http:\/\/indesa.com.pa\/en\/wp-json\/wp\/v2\/comments?post=3369"}],"version-history":[{"count":5,"href":"http:\/\/indesa.com.pa\/en\/wp-json\/wp\/v2\/pages\/3369\/revisions"}],"predecessor-version":[{"id":5294,"href":"http:\/\/indesa.com.pa\/en\/wp-json\/wp\/v2\/pages\/3369\/revisions\/5294"}],"wp:attachment":[{"href":"http:\/\/indesa.com.pa\/en\/wp-json\/wp\/v2\/media?parent=3369"}],"curies":[{"name":"wp","href":"https:\/\/api.w.org\/{rel}","templated":true}]}}